{"id":419,"date":"2022-01-04T19:46:37","date_gmt":"2022-01-04T17:46:37","guid":{"rendered":"http:\/\/www.ciriec.es\/valencia2022\/\/?page_id=419"},"modified":"2022-02-28T22:02:40","modified_gmt":"2022-02-28T20:02:40","slug":"a-propos-du-congres","status":"publish","type":"page","link":"https:\/\/ciriec.es\/valencia2022\/fr\/presentation\/a-propos-du-congres\/","title":{"rendered":"\u00c0 propos du Congr\u00e8s"},"content":{"rendered":"<p>[et_pb_section fb_built=\u00bb1&#8243; fullwidth=\u00bbon\u00bb _builder_version=\u00bb4.14.4&#8243; _module_preset=\u00bbdefault\u00bb global_colors_info=\u00bb{}\u00bb][et_pb_fullwidth_slider module_id=\u00bbheader-mini\u00bb _builder_version=\u00bb4.14.8&#8243; _module_preset=\u00bbdefault\u00bb height=\u00bb350px\u00bb hover_enabled=\u00bb0&#8243; global_colors_info=\u00bb{}\u00bb sticky_enabled=\u00bb0&#8243;][et_pb_slide _builder_version=\u00bb4.14.8&#8243; _module_preset=\u00bbdefault\u00bb background_image=\u00bbhttp:\/\/www.ciriec.es\/valencia2022\/wp-content\/uploads\/header-mini.jpg\u00bb background_enable_image=\u00bbon\u00bb background_position=\u00bbtop_center\u00bb hover_enabled=\u00bb0&#8243; global_colors_info=\u00bb{}\u00bb sticky_transition=\u00bbon\u00bb sticky_enabled=\u00bb0&#8243;][\/et_pb_slide][\/et_pb_fullwidth_slider][\/et_pb_section][et_pb_section fb_built=\u00bb1&#8243; admin_label=\u00bbLOGOS\u00bb module_id=\u00bbacerca-de\u00bb module_class=\u00bbseccion\u00bb _builder_version=\u00bb4.14.5&#8243; background_enable_color=\u00bboff\u00bb global_colors_info=\u00bb{}\u00bb][et_pb_row _builder_version=\u00bb4.9.7&#8243; _module_preset=\u00bbdefault\u00bb global_colors_info=\u00bb{}\u00bb][et_pb_column type=\u00bb4_4&#8243; _builder_version=\u00bb4.9.7&#8243; _module_preset=\u00bbdefault\u00bb global_colors_info=\u00bb{}\u00bb][et_pb_post_title meta=\u00bboff\u00bb featured_image=\u00bboff\u00bb module_class=\u00bbtit-pagina\u00bb _builder_version=\u00bb4.14.4&#8243; _module_preset=\u00bbdefault\u00bb global_colors_info=\u00bb{}\u00bb][\/et_pb_post_title][et_pb_text _builder_version=\u00bb4.14.5&#8243; _module_preset=\u00bbdefault\u00bb global_colors_info=\u00bb{}\u00bb]<\/p>\n<p>Depuis deux ans, le monde est confront\u00e9 \u00e0 une crise profonde li\u00e9e \u00e0 la pand\u00e9mie de Covid et \u00e0 l&#8217;acc\u00e9l\u00e9ration de dynamiques technico-\u00e9conomiques, sociales et environnementales qui \u00e9taient engag\u00e9es de longue date. Les deux ph\u00e9nom\u00e8nes, pand\u00e9mie et grandes dynamiques modifient de mani\u00e8re irr\u00e9versible le monde tel que nous le connaissions il y a peu et g\u00e9n\u00e8rent des impacts d\u2019une ampleur sans pr\u00e9c\u00e9dent jusqu\u2019\u00e0 nos jours. Les entreprises publiques, sociales et coop\u00e9ratives, avec leurs propres valeurs et missions, fournissent des r\u00e9ponses tr\u00e8s innovantes \u00e0 ces nouveaux enjeux et d\u00e9fis.<\/p>\n<p>Les travaux de ce 33\u00e8me\u00a0Congr\u00e8s du CIRIEC ont un triple objectif : tout d&#8217;abord, analyser ces nouvelles dynamiques technico-\u00e9conomiques, sociales et environnementales du point de vue des opportunit\u00e9s qu&#8217;elles offrent tant \u00e0 l&#8217;\u00e9conomie publique qu\u2019\u00e0 l\u2019\u00e9conomie sociale. Deuxi\u00e8mement, elle vise \u00e0 analyser l&#8217;impact de la crise de la Covid et de ces dynamiques sur l&#8217;\u00e9conomie sociale et sur le secteur public en g\u00e9n\u00e9ral. Le troisi\u00e8me objectif du Congr\u00e8s est d&#8217;analyser les r\u00e9ponses concr\u00e8tes des entreprises publiques, des entreprises sociales et coop\u00e9ratives \u00e0 la crise socio-sanitaire et \u00e0 ces grandes dynamiques, en faisant particuli\u00e8rement r\u00e9f\u00e9rence, dans cette nouvelle \u00e8re, au nouvel \u00e9lan donn\u00e9 au r\u00f4le de l&#8217;\u00c9tat, tant en tant qu\u2019Etat Providence qu\u2019Etat entrepreneur. Des th\u00e8mes tels que la sant\u00e9 et les services sociaux, l\u2019emploi, les retraites, l\u2019am\u00e9nagement urbain, le logement, la mobilit\u00e9 durable, le d\u00e9peuplement, la transition \u00e9cologique, les services ou biens essentiels comme l&#8217;eau, l&#8217;\u00e9nergie et les transports, ainsi que la transition num\u00e9rique, seront abord\u00e9s par diff\u00e9rents interventions et communications dans les diff\u00e9rentes sessions du congr\u00e8s. Les Nouveaux mod\u00e8les de gouvernance, notamment les nouveaux partenariats entre l&#8217;\u00e9conomie publique et l&#8217;\u00e9conomie sociale seront \u00e9galement au centre des d\u00e9bats.<\/p>\n<h3>Les th\u00e8mes du Congr\u00e8s<\/h3>\n<ol>\n<li>Nouvelles dynamiques mondiales de l&#8217;\u00e9conomie publique et de l&#8217;\u00e9conomie sociale \u00e0 l&#8217;\u00e8re post-Covid<\/li>\n<li>Etayer les fondements de l&#8217;\u00c9tat-Providence : services sociaux et de sant\u00e9, emploi et pensions<\/li>\n<li>Le nouvel \u00c9tat entrepreneurial et les nouveaux modes de gouvernance<\/li>\n<li>Co-construction du d\u00e9veloppement local et territorial : am\u00e9nagement urbain, d\u00e9peuplement, logement et mobilit\u00e9 durable<\/li>\n<li>Transition \u00e9cologique juste et \u00e9conomie circulaire<\/li>\n<li>De nouveaux partenariats entre l&#8217;\u00e9conomie publique et l\u2019\u00e9conomie sociale et de nouvelles politiques publiques<\/li>\n<li>L&#8217;\u00e9conomie sociale et l&#8217;\u00e9conomie publique face \u00e0 l&#8217;accroissement des in\u00e9galit\u00e9s<\/li>\n<li>Services publics essentiels : \u00e9nergie, transport et eau<\/li>\n<li>Innovations et syst\u00e8mes d&#8217;innovation de l&#8217;\u00e9conomie publique, sociale et coop\u00e9rative<\/li>\n<li>Changements organisationnels et actions de l&#8217;\u00e9conomie sociale et de l&#8217;\u00e9conomie publique \u00e0 l&#8217;\u00e8re de la transition num\u00e9rique<\/li>\n<\/ol>\n<h3>Objectifs du congr\u00e8s et invitation \u00e0 participer<\/h3>\n<ol>\n<li>R\u00e9unir des chercheurs, des responsables politiques et des professionnels de l&#8217;\u00e9conomie sociale et du secteur public issus des quatre coins du globe dans un forum d&#8217;\u00e9changes, de r\u00e9flexion et de d\u00e9bat de propositions.<\/li>\n<li>Encourager la recherche collaborative entre chercheurs, responsables d\u2019administrations publiques et acteurs de l&#8217;\u00e9conomie sociale et de l&#8217;\u00e9conomie publique.<\/li>\n<\/ol>\n<p><strong>Chercheurs, professionnels du secteur et repr\u00e9sentants des gouvernements sont invit\u00e9s \u00e0 participer au congr\u00e8s.<\/strong><\/p>\n<p>[\/et_pb_text][\/et_pb_column][\/et_pb_row][\/et_pb_section]<\/p>\n","protected":false},"excerpt":{"rendered":"<p>Noves din\u00e0miques mundials en l&#8217;era post-Covid: desafiaments per a l&#8217;economia p\u00fablica, [&hellip;]<\/p>\n","protected":false},"author":3,"featured_media":0,"parent":404,"menu_order":0,"comment_status":"closed","ping_status":"closed","template":"","meta":{"_acf_changed":false,"_et_pb_use_builder":"on","_et_pb_old_content":"","_et_gb_content_width":"","footnotes":""},"class_list":["post-419","page","type-page","status-publish","hentry"],"acf":[],"_links":{"self":[{"href":"https:\/\/ciriec.es\/valencia2022\/wp-json\/wp\/v2\/pages\/419","targetHints":{"allow":["GET"]}}],"collection":[{"href":"https:\/\/ciriec.es\/valencia2022\/wp-json\/wp\/v2\/pages"}],"about":[{"href":"https:\/\/ciriec.es\/valencia2022\/wp-json\/wp\/v2\/types\/page"}],"author":[{"embeddable":true,"href":"https:\/\/ciriec.es\/valencia2022\/wp-json\/wp\/v2\/users\/3"}],"replies":[{"embeddable":true,"href":"https:\/\/ciriec.es\/valencia2022\/wp-json\/wp\/v2\/comments?post=419"}],"version-history":[{"count":5,"href":"https:\/\/ciriec.es\/valencia2022\/wp-json\/wp\/v2\/pages\/419\/revisions"}],"predecessor-version":[{"id":1656,"href":"https:\/\/ciriec.es\/valencia2022\/wp-json\/wp\/v2\/pages\/419\/revisions\/1656"}],"up":[{"embeddable":true,"href":"https:\/\/ciriec.es\/valencia2022\/wp-json\/wp\/v2\/pages\/404"}],"wp:attachment":[{"href":"https:\/\/ciriec.es\/valencia2022\/wp-json\/wp\/v2\/media?parent=419"}],"curies":[{"name":"wp","href":"https:\/\/api.w.org\/{rel}","templated":true}]}}