{"id":491,"date":"2022-01-04T19:42:17","date_gmt":"2022-01-04T17:42:17","guid":{"rendered":"http:\/\/www.ciriec.es\/valencia2022\/\/?page_id=491"},"modified":"2023-11-07T17:11:59","modified_gmt":"2023-11-07T16:11:59","slug":"accueil","status":"publish","type":"page","link":"http:\/\/ciriec.es\/valencia2022\/fr\/accueil\/","title":{"rendered":"Accueil"},"content":{"rendered":"<p>[et_pb_section fb_built=\u00bb1&#8243; fullwidth=\u00bbon\u00bb module_id=\u00bbheader-inicio\u00bb _builder_version=\u00bb4.16&#8243; _module_preset=\u00bbdefault\u00bb global_colors_info=\u00bb{}\u00bb][et_pb_fullwidth_slider _builder_version=\u00bb4.16&#8243; _module_preset=\u00bbdefault\u00bb min_height=\u00bb100%\u00bb height=\u00bb100%\u00bb max_height=\u00bb100%\u00bb auto=\u00bbon\u00bb auto_speed=\u00bb4000&#8243; auto_ignore_hover=\u00bbon\u00bb global_colors_info=\u00bb{}\u00bb][et_pb_slide _builder_version=\u00bb4.16&#8243; _module_preset=\u00bbdefault\u00bb background_image=\u00bbhttp:\/\/www.ciriec.es\/valencia2022\/wp-content\/uploads\/header-01.jpg\u00bb background_enable_image=\u00bbon\u00bb parallax=\u00bbon\u00bb global_colors_info=\u00bb{}\u00bb sticky_transition=\u00bbon\u00bb]<\/p>\n<h2>Nouvelles dynamiques mondiales \u00e0 l\u2019\u00e8re post-Covid&nbsp;: enjeux pour l\u2019\u00e9conomie publique, sociale et coop\u00e9rative<\/h2>\n<p>[\/et_pb_slide][et_pb_slide _builder_version=\u00bb4.16&#8243; _module_preset=\u00bbdefault\u00bb background_image=\u00bbhttp:\/\/www.ciriec.es\/valencia2022\/wp-content\/uploads\/header-02.jpg\u00bb background_enable_image=\u00bbon\u00bb parallax=\u00bbon\u00bb global_colors_info=\u00bb{}\u00bb sticky_transition=\u00bbon\u00bb]<\/p>\n<h2>Nouvelles dynamiques mondiales \u00e0 l\u2019\u00e8re post-Covid&nbsp;: enjeux pour l\u2019\u00e9conomie publique, sociale et coop\u00e9rative<\/h2>\n<p>[\/et_pb_slide][et_pb_slide _builder_version=\u00bb4.16&#8243; _module_preset=\u00bbdefault\u00bb background_image=\u00bbhttp:\/\/www.ciriec.es\/valencia2022\/wp-content\/uploads\/header-03.jpg\u00bb background_enable_image=\u00bbon\u00bb parallax=\u00bbon\u00bb global_colors_info=\u00bb{}\u00bb sticky_transition=\u00bbon\u00bb]<\/p>\n<h2>Nouvelles dynamiques mondiales \u00e0 l\u2019\u00e8re post-Covid&nbsp;: enjeux pour l\u2019\u00e9conomie publique, sociale et coop\u00e9rative<\/h2>\n<p>[\/et_pb_slide][\/et_pb_fullwidth_slider][\/et_pb_section][et_pb_section fb_built=\u00bb1&#8243; admin_label=\u00bbPRESENTACI\u00d3N\u00bb module_id=\u00bbinicio-presentacion\u00bb module_class=\u00bbseccion\u00bb _builder_version=\u00bb4.16&#8243; background_enable_color=\u00bboff\u00bb global_colors_info=\u00bb{}\u00bb][et_pb_row _builder_version=\u00bb4.16&#8243; _module_preset=\u00bbdefault\u00bb global_colors_info=\u00bb{}\u00bb][et_pb_column type=\u00bb4_4&#8243; _builder_version=\u00bb4.16&#8243; _module_preset=\u00bbdefault\u00bb global_colors_info=\u00bb{}\u00bb][et_pb_text _builder_version=\u00bb4.17.4&#8243; _module_preset=\u00bbdefault\u00bb global_colors_info=\u00bb{}\u00bb]<\/p>\n<h2>VALENCIA, CAPITALE MONDIALE DE L&#8217;\u00c9CONOMIE PUBLIQUE, DU COOP\u00c9RATIVISME ET DE L&#8217;\u00c9CONOMIE SOCIALE<\/h2>\n<p style=\"font-weight: 400;\">Valencia a \u00e9t\u00e9 les 13, 14 et 15 juin 2022 la capitale mondiale de l&#8217;\u00e9conomie publique, coop\u00e9rative et sociale, avec la c\u00e9l\u00e9bration du 33e congr\u00e8s international du CIRIEC. Le congr\u00e8s s&#8217;est tenu sous le th\u00e8me \u00ab<strong>Nouvelles dynamiques mondiales \u00e0 l&#8217;\u00e8re post-Covid : enjeux pour l&#8217;\u00e9conomie publique, sociale et coop\u00e9rative<\/strong>\u00ab. Ces trois jours ont \u00e9t\u00e9 tr\u00e8s sp\u00e9ciaux et intenses. Et un grand succ\u00e8s, soutenu par de multiples jalons : la participation de 1 217 congressistes et invit\u00e9s de 33 pays ; 300 propositions de communication re\u00e7ues, dont 184 ont \u00e9t\u00e9 accept\u00e9es et 132 ont \u00e9t\u00e9 pr\u00e9sent\u00e9es en personne dans 19 sessions. Et deux intervenants de haut niveau, tels que <strong>le prix Nobel Paul Krugman<\/strong> et <strong>l&#8217;\u00e9conomiste Mariana Mazzucato<\/strong>, qui ont tous deux soulign\u00e9 le r\u00f4le essentiel que le coop\u00e9rativisme et l&#8217;\u00e9conomie sociale ont et auront \u00e0 jouer dans nos soci\u00e9t\u00e9s.<\/p>\n<p>[\/et_pb_text][\/et_pb_column][\/et_pb_row][\/et_pb_section][et_pb_section fb_built=\u00bb1&#8243; admin_label=\u00bbDESTACADOS\u00bb module_id=\u00bbinicio-destacados\u00bb module_class=\u00bbseccion\u00bb _builder_version=\u00bb4.16&#8243; background_color=\u00bb#f3f3f3&#8243; global_colors_info=\u00bb{}\u00bb][et_pb_row module_class=\u00bbactualidad-fila-titulo\u00bb _builder_version=\u00bb4.16&#8243; _module_preset=\u00bbdefault\u00bb global_colors_info=\u00bb{}\u00bb][et_pb_column type=\u00bb4_4&#8243; _builder_version=\u00bb4.16&#8243; _module_preset=\u00bbdefault\u00bb global_colors_info=\u00bb{}\u00bb][et_pb_text _builder_version=\u00bb4.17.4&#8243; _module_preset=\u00bbdefault\u00bb global_colors_info=\u00bb{}\u00bb]<\/p>\n<h2>DOCUMENTATION DISPONIBLE DU CONGR\u00c8S<\/h2>\n<p>[\/et_pb_text][\/et_pb_column][\/et_pb_row][et_pb_row column_structure=\u00bb1_4,1_4,1_4,1_4&#8243; module_class=\u00bbactualidad\u00bb _builder_version=\u00bb4.16&#8243; _module_preset=\u00bbdefault\u00bb global_colors_info=\u00bb{}\u00bb][et_pb_column type=\u00bb1_4&#8243; _builder_version=\u00bb4.16&#8243; _module_preset=\u00bbdefault\u00bb global_colors_info=\u00bb{}\u00bb][et_pb_code module_class=\u00bbdestacado01&#8243; _builder_version=\u00bb4.17.4&#8243; _module_preset=\u00bbdefault\u00bb global_colors_info=\u00bb{}\u00bb]<a class=\"destacado01\" href=\"http:\/\/ciriec.es\/valencia2022\/fr\/comunicaciones-inicio-fr\/\"><!-- [et_pb_line_break_holder] --><pee class='et-pb-icon'>i<\/pee><!-- [et_pb_line_break_holder] --><pee class=\"texto\"><!-- [et_pb_line_break_holder] -->  COMMUNICATIONS<!-- [et_pb_line_break_holder] --><\/pee><!-- [et_pb_line_break_holder] --><\/a>[\/et_pb_code][\/et_pb_column][et_pb_column type=\u00bb1_4&#8243; _builder_version=\u00bb4.16&#8243; _module_preset=\u00bbdefault\u00bb global_colors_info=\u00bb{}\u00bb][et_pb_code module_class=\u00bbdestacado02&#8243; _builder_version=\u00bb4.17.4&#8243; _module_preset=\u00bbdefault\u00bb global_colors_info=\u00bb{}\u00bb]<a class=\"destacado02\" href=\"https:\/\/www.flickr.com\/photos\/195940605@N07\/albums\" target=\"blank\" rel=\"noopener\"><!-- [et_pb_line_break_holder] --><pee class='et-pb-icon'>\ue00f<\/pee><!-- [et_pb_line_break_holder] --><pee class=\"texto\"><!-- [et_pb_line_break_holder] --> GALERIE DE PHOTOS<!-- [et_pb_line_break_holder] --><\/pee><!-- [et_pb_line_break_holder] --><\/a>[\/et_pb_code][\/et_pb_column][et_pb_column type=\u00bb1_4&#8243; _builder_version=\u00bb4.16&#8243; _module_preset=\u00bbdefault\u00bb global_colors_info=\u00bb{}\u00bb][et_pb_code module_class=\u00bbdestacado03&#8243; _builder_version=\u00bb4.17.4&#8243; _module_preset=\u00bbdefault\u00bb global_colors_info=\u00bb{}\u00bb]<a class=\"destacado03\" href=\"http:\/\/www.ciriec.es\/valencia2022\/wp-content\/uploads\/CIRIEC_Congress_Guide_Valencia_2022.pdf\" target=\"blank\" rel=\"noopener\"><!-- [et_pb_line_break_holder] --><pee class='et-pb-icon'>\ue022<\/pee><!-- [et_pb_line_break_holder] --><pee class=\"texto\"><!-- [et_pb_line_break_holder] -->  GUIDE DU CONGRESSISTE<!-- [et_pb_line_break_holder] --><\/pee><!-- [et_pb_line_break_holder] --><\/a> [\/et_pb_code][\/et_pb_column][et_pb_column type=\u00bb1_4&#8243; _builder_version=\u00bb4.16&#8243; _module_preset=\u00bbdefault\u00bb global_colors_info=\u00bb{}\u00bb][et_pb_code module_class=\u00bbdestacado04&#8243; _builder_version=\u00bb4.17.4&#8243; _module_preset=\u00bbdefault\u00bb global_colors_info=\u00bb{}\u00bb]<a class=\"destacado04\" href=\"http:\/\/www.ciriec.es\/valencia2022\/wp-content\/uploads\/SocialMediaGuide_CIRIEC_EN.pdf\" target=\"blank\" rel=\"noopener\"><!-- [et_pb_line_break_holder] --><pee class='et-pb-icon'>\ue002<\/pee><!-- [et_pb_line_break_holder] --><pee class=\"texto\"><!-- [et_pb_line_break_holder] -->SOCIAL MEDIA GUIDE<!-- [et_pb_line_break_holder] --><\/pee><!-- [et_pb_line_break_holder] --><\/a> [\/et_pb_code][\/et_pb_column][\/et_pb_row][\/et_pb_section][et_pb_section fb_built=\u00bb1&#8243; admin_label=\u00bbCONFERENCIA INAUGURAL\u00bb module_id=\u00bbinicio-conferencia\u00bb module_class=\u00bbseccion\u00bb _builder_version=\u00bb4.16&#8243; background_color=\u00bb#d5e8f5&#8243; global_colors_info=\u00bb{}\u00bb][et_pb_row _builder_version=\u00bb4.16&#8243; _module_preset=\u00bbdefault\u00bb global_colors_info=\u00bb{}\u00bb][et_pb_column type=\u00bb4_4&#8243; _builder_version=\u00bb4.16&#8243; _module_preset=\u00bbdefault\u00bb global_colors_info=\u00bb{}\u00bb][et_pb_text _builder_version=\u00bb4.17.4&#8243; _module_preset=\u00bbdefault\u00bb global_colors_info=\u00bb{}\u00bb]<\/p>\n<h2>LA CONF\u00c9RENCE INAUGURALE<img decoding=\"async\" src=\"http:\/\/www.ciriec.es\/valencia2022\/wp-content\/uploads\/conferencia-krugman.jpg\" alt=\"\" \/><\/h2>\n<p style=\"font-weight: 400;\">La conf\u00e9rence d&#8217;ouverture, intitul\u00e9e \u00ab<strong>Coop\u00e9rer pour un meilleur futur<\/strong>\u00ab, a \u00e9t\u00e9 donn\u00e9e par <strong>Paul Krugman<\/strong>. Le laur\u00e9at du prix Nobel d&#8217;\u00e9conomie 2008 a analys\u00e9 l&#8217;influence de l&#8217;\u00e9conomie sociale dans la r\u00e9duction des in\u00e9galit\u00e9s et le changement climatique. Il a \u00e9galement examin\u00e9 le r\u00f4le de l&#8217;\u00e9conomie publique dans des aspects tels que la r\u00e9ponse \u00e0 la pand\u00e9mie de covid-19. Pr\u00e8s de 1 200 personnes ont assist\u00e9 \u00e0 la conf\u00e9rence, qui a r\u00e9uni des dirigeants d&#8217;entreprises d&#8217;\u00e9conomie sociale, des responsables d&#8217;administrations publiques et des professeurs d&#8217;universit\u00e9 dans l&#8217;auditorium du Palau de les Arts de Val\u00e8ncia.<\/p>\n<p>[\/et_pb_text][\/et_pb_column][\/et_pb_row][\/et_pb_section][et_pb_section fb_built=\u00bb1&#8243; admin_label=\u00bbLOGOS\u00bb module_id=\u00bbinicio-logos\u00bb module_class=\u00bbseccion\u00bb _builder_version=\u00bb4.16&#8243; background_color=\u00bb#f3f3f3&#8243; global_colors_info=\u00bb{}\u00bb][et_pb_row _builder_version=\u00bb4.16&#8243; _module_preset=\u00bbdefault\u00bb global_colors_info=\u00bb{}\u00bb][et_pb_column type=\u00bb4_4&#8243; _builder_version=\u00bb4.16&#8243; _module_preset=\u00bbdefault\u00bb global_colors_info=\u00bb{}\u00bb][et_pb_code admin_label=\u00bbORGANIZA\u00bb _builder_version=\u00bb4.17.0&#8243; _module_preset=\u00bbdefault\u00bb global_colors_info=\u00bb{}\u00bb]<\/p>\n<h4><!-- [et_pb_line_break_holder] --> UN CONGR\u00c8S ORGANIS\u00c9 PAR :<!-- [et_pb_line_break_holder] --><\/h4>\n<p><!-- [et_pb_line_break_holder] --><pee><!-- [et_pb_line_break_holder] -->  <a class=\"logo-ciriec-esp\" href=\"http:\/\/ciriec.es\/\" target=\"blank\" rel=\"noopener\"><img decoding=\"async\" src=\"http:\/\/ciriec.es\/valencia2022\/wp-content\/uploads\/logo-ciriec.png\" alt=\"\" \/><\/a><!-- [et_pb_line_break_holder] --><a class=\"logo-ciriec-int\" href=\"http:\/\/www.ciriec.uliege.be\/\" target=\"blank\" rel=\"noopener\"><img decoding=\"async\" src=\"http:\/\/ciriec.es\/valencia2022\/wp-content\/uploads\/logo-ciriec-internacional.png\" alt=\"\" \/><\/a><!-- [et_pb_line_break_holder] -->  <a class=\"logo-gva-educacio\" href=\"https:\/\/ceice.gva.es\/es\" target=\"blank\" rel=\"noopener\"><img decoding=\"async\" src=\"http:\/\/ciriec.es\/valencia2022\/wp-content\/uploads\/logo-gva-educacio.png\" alt=\"\" \/><\/a><!-- [et_pb_line_break_holder] --><\/pee>[\/et_pb_code][et_pb_code admin_label=\u00bbPATROCINA\u00bb _builder_version=\u00bb4.17.4&#8243; _module_preset=\u00bbdefault\u00bb global_colors_info=\u00bb{}\u00bb]<\/p>\n<h4 id=\"patrocinadores\"><!-- [et_pb_line_break_holder] -->  AVEC LE PARRAINAGE DE :<!-- [et_pb_line_break_holder] --><\/h4>\n<p><!-- [et_pb_line_break_holder] --><pee><!-- [et_pb_line_break_holder] --><a class=\"logo-mta\" href=\"https:\/\/www.mites.gob.es\" target=\"blank\" rel=\"noopener\"><img decoding=\"async\" src=\"http:\/\/www.ciriec.es\/valencia2022\/wp-content\/uploads\/logo-ministerio-trabajo.png\" alt=\"\" \/><\/a><!-- [et_pb_line_break_holder] --><a class=\"logo-gva\" href=\"https:\/\/www.gva.es\/va\/inicio\/presentacion\" target=\"blank\" rel=\"noopener\"><img decoding=\"async\" src=\"http:\/\/www.ciriec.es\/valencia2022\/wp-content\/uploads\/logo-gva.png\" alt=\"\" \/><\/a><!-- [et_pb_line_break_holder] --><a class=\"logo-consum\" href=\"https:\/\/www.consum.es\" target=\"blank\" rel=\"noopener\"><img decoding=\"async\" src=\"http:\/\/www.ciriec.es\/valencia2022\/wp-content\/uploads\/logo-consum.png\" alt=\"\" \/><\/a><!-- [et_pb_line_break_holder] --><a class=\"logo-ayto\" href=\"https:\/\/www.valencia.es\" target=\"blank\" rel=\"noopener\"><img decoding=\"async\" src=\"http:\/\/www.ciriec.es\/valencia2022\/wp-content\/uploads\/logo-ayuntamiento.png\" alt=\"\" \/><\/a><!-- [et_pb_line_break_holder] --><a class=\"logo-florida\" href=\"https:\/\/www.floridauniversitaria.es\" target=\"blank\" rel=\"noopener\"><img decoding=\"async\" src=\"http:\/\/www.ciriec.es\/valencia2022\/wp-content\/uploads\/logo-florida.png\" alt=\"\" \/><\/a><!-- [et_pb_line_break_holder] --><a class=\"logo-divina\" href=\"https:\/\/divinaseguros.com\" target=\"blank\" rel=\"noopener\"><img decoding=\"async\" src=\"http:\/\/www.ciriec.es\/valencia2022\/wp-content\/uploads\/logo-divina.png\" alt=\"\" \/><\/a><!-- [et_pb_line_break_holder] --><a class=\"logo-anecoop\" href=\"https:\/\/anecoop.com\" target=\"blank\" rel=\"noopener\"><img decoding=\"async\" src=\"http:\/\/www.ciriec.es\/valencia2022\/wp-content\/uploads\/logo-anecoop.png\" alt=\"\" \/><\/a><!-- [et_pb_line_break_holder] --><a class=\"logo-caixa-popular\" href=\"https:\/\/www.caixapopular.es\" target=\"blank\" rel=\"noopener\"><img decoding=\"async\" src=\"http:\/\/www.ciriec.es\/valencia2022\/wp-content\/uploads\/logo-caixa-popular.png\" alt=\"\" \/><\/a><!-- [et_pb_line_break_holder] --><a class=\"logo-viu\" href=\"https:\/\/www.universidadviu.com\" target=\"blank\" rel=\"noopener\"><img decoding=\"async\" src=\"http:\/\/www.ciriec.es\/valencia2022\/wp-content\/uploads\/logo-viu.png\" alt=\"\" \/><\/a><!-- [et_pb_line_break_holder] --><a class=\"logo-once\" href=\"https:\/\/www.once.es\" target=\"blank\" rel=\"noopener\"><img decoding=\"async\" src=\"http:\/\/www.ciriec.es\/valencia2022\/wp-content\/uploads\/logo-once.png\" alt=\"\" \/><\/a><!-- [et_pb_line_break_holder] --><a class=\"logo-cajamar\" href=\"https:\/\/www.cajamar.es\" target=\"blank\" rel=\"noopener\"><img decoding=\"async\" src=\"http:\/\/www.ciriec.es\/valencia2022\/wp-content\/uploads\/logo-cajamar.png\" alt=\"\" \/><\/a><!-- [et_pb_line_break_holder] --><a class=\"logo-apv\" href=\"https:\/\/www.valenciaport.com\" target=\"blank\" rel=\"noopener\"><img decoding=\"async\" src=\"http:\/\/www.ciriec.es\/valencia2022\/wp-content\/uploads\/logo-apv.png\" alt=\"\" \/><\/a><!-- [et_pb_line_break_holder] --><\/pee>[\/et_pb_code][et_pb_code admin_label=\u00bbCOLABORA\u00bb _builder_version=\u00bb4.17.4&#8243; _module_preset=\u00bbdefault\u00bb global_colors_info=\u00bb{}\u00bb]<\/p>\n<h4><!-- [et_pb_line_break_holder] -->  AVEC LA COLLABORATION DE :<!-- [et_pb_line_break_holder] --><\/h4>\n<p><!-- [et_pb_line_break_holder] --><pee><!-- [et_pb_line_break_holder] --><a class=\"logo-iudescoop\" href=\"https:\/\/www.uv.es\/uvweb\/instituto-universitario-economia-social-cooperativa-IUDESCOOP\/es\/instituto-universitario-investigacion-economia-social-cooperativismo-emprendimiento-1285893890074.html\" target=\"blank\" rel=\"noopener\"><img decoding=\"async\" src=\"http:\/\/ciriec.es\/valencia2022\/wp-content\/uploads\/logo-iudescoop.png\" alt=\"\" \/><\/a><!-- [et_pb_line_break_holder] --><a class=\"logo-economia\" href=\"https:\/\/www.uv.es\/uvweb\/economia\/es\/facultad-economia-1285848977403.html\" target=\"blank\" rel=\"noopener\"><img decoding=\"async\" src=\"http:\/\/ciriec.es\/valencia2022\/wp-content\/uploads\/logo-facultat-economia.png\" alt=\"\" \/><\/a><!-- [et_pb_line_break_holder] --><a class=\"logo-economia-aplicada\" href=\"https:\/\/www.uv.es\/uvweb\/departamento-economia-aplicada\/es\/departamento-economia-aplicada-1285857478185.html\" target=\"blank\" rel=\"noopener\"><img decoding=\"async\" src=\"http:\/\/ciriec.es\/valencia2022\/wp-content\/uploads\/logo-economia-aplicada.png\" alt=\"\" \/><\/a><!-- [et_pb_line_break_holder] --><a class=\"logo-cepes\" href=\"https:\/\/www.cepes.es\" target=\"blank\" rel=\"noopener\"><img decoding=\"async\" src=\"http:\/\/ciriec.es\/valencia2022\/wp-content\/uploads\/logo-cepes.png\" alt=\"\" \/><\/a><!-- [et_pb_line_break_holder] --><a class=\"logo-see\" href=\"https:\/\/www.socialeconomy.eu.org\" target=\"blank\" rel=\"noopener\"><img decoding=\"async\" src=\"http:\/\/ciriec.es\/valencia2022\/wp-content\/uploads\/logo-social-economy-europe.png\" alt=\"\" \/><\/a><!-- [et_pb_line_break_holder] --><a class=\"logo-concoval\" href=\"https:\/\/concoval.es\/\" target=\"blank\" rel=\"noopener\"><img decoding=\"async\" src=\"http:\/\/ciriec.es\/valencia2022\/wp-content\/uploads\/logo-concoval.png\" alt=\"\" \/><\/a><!-- [et_pb_line_break_holder] --><a class=\"logo-cegea\" href=\"https:\/\/www.cegea.upv.es\/es\/\" target=\"blank\" rel=\"noopener\"><img decoding=\"async\" src=\"http:\/\/ciriec.es\/valencia2022\/wp-content\/uploads\/logo-cegea.png\" alt=\"\" \/><\/a><!-- [et_pb_line_break_holder] --><a class=\"logo-cidec\" href=\"https:\/\/www.uv.es\/uvweb\/instituto-universitario-economia-social-cooperativa-IUDESCOOP\/es\/cidec\/cidec-1286093740233.html\" target=\"blank\" rel=\"noopener\"><img decoding=\"async\" src=\"http:\/\/ciriec.es\/valencia2022\/wp-content\/uploads\/logo-cidec.png\" alt=\"\" \/><\/a><!-- [et_pb_line_break_holder] --><a class=\"logo-economistas\" href=\"https:\/\/www.coev.com\" target=\"blank\" rel=\"noopener\"><img decoding=\"async\" src=\"http:\/\/ciriec.es\/valencia2022\/wp-content\/uploads\/logo-economistas.png\" alt=\"\" \/><\/a><!-- [et_pb_line_break_holder] --><a class=\"logo-blockchainfue\" href=\"https:\/\/www.blockchainfue.com\" target=\"blank\" rel=\"noopener\"><img decoding=\"async\" src=\"http:\/\/ciriec.es\/valencia2022\/wp-content\/uploads\/logo-blockchainfue.png\" alt=\"\" \/><\/a><!-- [et_pb_line_break_holder] --><a class=\"logo-plataforma\" href=\"http:\/\/www.plataformatercersector.es\/es\/plataforma-del-tercer-sector-de-lo-social-de-la-comunidad-valenciana\/informacion\" target=\"blank\" rel=\"noopener\"><img decoding=\"async\" src=\"http:\/\/ciriec.es\/valencia2022\/wp-content\/uploads\/logo-plataforma.png\" alt=\"\" \/><\/a><!-- [et_pb_line_break_holder] --><\/pee>[\/et_pb_code][et_pb_code admin_label=\u00bbMEDIA PARTNER\u00bb _builder_version=\u00bb4.17.0&#8243; _module_preset=\u00bbdefault\u00bb global_colors_info=\u00bb{}\u00bb]<\/p>\n<h4 id=\"entidades\"><!-- [et_pb_line_break_holder] -->  Media Partner:<!-- [et_pb_line_break_holder] --><\/h4>\n<p><!-- [et_pb_line_break_holder] --><pee><!-- [et_pb_line_break_holder] --><a class=\"logo-servimedia\" href=\"https:\/\/www.servimedia.es\" target=\"blank\" rel=\"noopener\"><img decoding=\"async\" src=\"http:\/\/ciriec.es\/valencia2022\/wp-content\/uploads\/logo-servimedia.png\" alt=\"\" \/><\/a><!-- [et_pb_line_break_holder] --><\/pee>[\/et_pb_code][\/et_pb_column][\/et_pb_row][\/et_pb_section]<\/p>\n","protected":false},"excerpt":{"rendered":"<p>Nouvelles dynamiques mondiales \u00e0 l\u2019\u00e8re post-Covid&nbsp;: enjeux pour l\u2019\u00e9conomie publique, sociale et coop\u00e9rativeNouvelles dynamiques mondiales \u00e0 l\u2019\u00e8re post-Covid&nbsp;: enjeux pour l\u2019\u00e9conomie publique, sociale et coop\u00e9rativeNouvelles dynamiques mondiales \u00e0 l\u2019\u00e8re post-Covid&nbsp;: enjeux pour l\u2019\u00e9conomie publique, sociale et coop\u00e9rativeVALENCIA, CAPITALE MONDIALE DE L&#8217;\u00c9CONOMIE PUBLIQUE, DU COOP\u00c9RATIVISME ET DE L&#8217;\u00c9CONOMIE SOCIALE Valencia a \u00e9t\u00e9 les 13, 14 et [&hellip;]<\/p>\n","protected":false},"author":3,"featured_media":0,"parent":0,"menu_order":0,"comment_status":"closed","ping_status":"closed","template":"","meta":{"_acf_changed":false,"_et_pb_use_builder":"on","_et_pb_old_content":"ACCUEIL","_et_gb_content_width":"","footnotes":""},"class_list":["post-491","page","type-page","status-publish","hentry"],"acf":[],"_links":{"self":[{"href":"http:\/\/ciriec.es\/valencia2022\/wp-json\/wp\/v2\/pages\/491","targetHints":{"allow":["GET"]}}],"collection":[{"href":"http:\/\/ciriec.es\/valencia2022\/wp-json\/wp\/v2\/pages"}],"about":[{"href":"http:\/\/ciriec.es\/valencia2022\/wp-json\/wp\/v2\/types\/page"}],"author":[{"embeddable":true,"href":"http:\/\/ciriec.es\/valencia2022\/wp-json\/wp\/v2\/users\/3"}],"replies":[{"embeddable":true,"href":"http:\/\/ciriec.es\/valencia2022\/wp-json\/wp\/v2\/comments?post=491"}],"version-history":[{"count":45,"href":"http:\/\/ciriec.es\/valencia2022\/wp-json\/wp\/v2\/pages\/491\/revisions"}],"predecessor-version":[{"id":4176,"href":"http:\/\/ciriec.es\/valencia2022\/wp-json\/wp\/v2\/pages\/491\/revisions\/4176"}],"wp:attachment":[{"href":"http:\/\/ciriec.es\/valencia2022\/wp-json\/wp\/v2\/media?parent=491"}],"curies":[{"name":"wp","href":"https:\/\/api.w.org\/{rel}","templated":true}]}}