{"id":470,"date":"2022-01-04T19:55:55","date_gmt":"2022-01-04T17:55:55","guid":{"rendered":"http:\/\/www.ciriec.es\/valencia2022\/\/?page_id=470"},"modified":"2022-04-27T17:04:06","modified_gmt":"2022-04-27T15:04:06","slug":"organizadores","status":"publish","type":"page","link":"http:\/\/ciriec.es\/valencia2022\/es\/presentacion\/organizadores\/","title":{"rendered":"Organizadores"},"content":{"rendered":"<p>[et_pb_section fb_built=\u00bb1&#8243; fullwidth=\u00bbon\u00bb _builder_version=\u00bb4.16&#8243; _module_preset=\u00bbdefault\u00bb global_colors_info=\u00bb{}\u00bb][et_pb_fullwidth_slider module_id=\u00bbheader-mini\u00bb _builder_version=\u00bb4.17.0&#8243; _module_preset=\u00bbdefault\u00bb height=\u00bb350px\u00bb hover_enabled=\u00bb0&#8243; global_colors_info=\u00bb{}\u00bb sticky_enabled=\u00bb0&#8243;][et_pb_slide _builder_version=\u00bb4.17.0&#8243; _module_preset=\u00bbdefault\u00bb background_image=\u00bbhttp:\/\/www.ciriec.es\/valencia2022\/wp-content\/uploads\/header-mini.jpg\u00bb background_enable_image=\u00bbon\u00bb background_position=\u00bbtop_center\u00bb hover_enabled=\u00bb0&#8243; global_colors_info=\u00bb{}\u00bb sticky_transition=\u00bbon\u00bb sticky_enabled=\u00bb0&#8243;][\/et_pb_slide][\/et_pb_fullwidth_slider][\/et_pb_section][et_pb_section fb_built=\u00bb1&#8243; admin_label=\u00bbLOGOS\u00bb module_id=\u00bborganizadores\u00bb module_class=\u00bbseccion\u00bb _builder_version=\u00bb4.16&#8243; background_enable_color=\u00bboff\u00bb global_colors_info=\u00bb{}\u00bb][et_pb_row _builder_version=\u00bb4.16&#8243; _module_preset=\u00bbdefault\u00bb global_colors_info=\u00bb{}\u00bb][et_pb_column type=\u00bb4_4&#8243; _builder_version=\u00bb4.16&#8243; _module_preset=\u00bbdefault\u00bb global_colors_info=\u00bb{}\u00bb][et_pb_post_title meta=\u00bboff\u00bb featured_image=\u00bboff\u00bb module_class=\u00bbtit-pagina\u00bb _builder_version=\u00bb4.16&#8243; _module_preset=\u00bbdefault\u00bb global_colors_info=\u00bb{}\u00bb][\/et_pb_post_title][et_pb_text _builder_version=\u00bb4.16&#8243; _module_preset=\u00bbdefault\u00bb global_colors_info=\u00bb{}\u00bb]<\/p>\n<h3>Organizaciones promotoras<\/h3>\n<p><strong><img loading=\"lazy\" decoding=\"async\" class=\"wp-image-732 alignright size-full\" src=\"http:\/\/www.ciriec.es\/valencia2022\/wp-content\/uploads\/logo-ciriec-internacional.png\" alt=\"\" width=\"100\" height=\"100\" \/>CIRIEC Internacional (Centro Internacional de Investigaci\u00f3n e Informaci\u00f3n sobre la Econom\u00eda P\u00fablica, Social y Cooperativa)<\/strong> (<a href=\"http:\/\/www.ciriec.uliege.be\/\" target=\"_blank\" rel=\"noopener\">www.ciriec.uliege.be<\/a>) es una organizaci\u00f3n cient\u00edfica internacional no gubernamental fundada en 1947. Sus objetivos son asegurar y promover la recopilaci\u00f3n de informaci\u00f3n, la investigaci\u00f3n cient\u00edfica y la publicaci\u00f3n de obras relativas a los sectores y actividades econ\u00f3micas orientadas al servicio del inter\u00e9s general y colectivo. Su sede se encuentra en Lieja (B\u00e9lgica) desde 1957.<\/p>\n<p>Hoy en d\u00eda, el CIRIEC cuenta con una <strong>amplia red de secciones nacionales y miembros institucionales colectivos<\/strong> en <strong>23 pa\u00edses<\/strong>: Alemania, Argentina, Austria, B\u00e9lgica, Brasil, Canad\u00e1, Chile, Chipre, Colombia, Costa Rica, Ecuador, Corea del Sur, Espa\u00f1a, Francia, Grecia, Irlanda, Jap\u00f3n, M\u00e9xico, Portugal, Ruman\u00eda, Suecia, T\u00fanez y Turqu\u00eda.<\/p>\n<p>El trabajo cient\u00edfico se lleva a cabo en comisiones cient\u00edficas y grupos de trabajo con la participaci\u00f3n de la red cient\u00edfica del CIRIEC (<a href=\"https:\/\/www.ciriec.uliege.be\/en\/our-network\/become-a-member\/\" target=\"_blank\" rel=\"noopener\">https:\/\/www.ciriec.uliege.be\/en\/our-network\/become-a-member\/<\/a>).<\/p>\n<p>El CIRIEC publica la revista cient\u00edfica <em>Annals of Public and Cooperative Economics\u00a0<\/em>(<a href=\"https:\/\/onlinelibrary.wiley.com\/journal\/14678292\" target=\"_blank\" rel=\"noopener\">https:\/\/onlinelibrary.wiley.com\/journal\/14678292<\/a>) publicada por Wiley. El CIRIEC tambi\u00e9n publica libros y trabajos de investigaci\u00f3n, que est\u00e1n indexados en la REPEC, disponible en el sitio web del CIRIEC: <a href=\"https:\/\/www.ciriec.uliege.be\/en\/publications\/wp\/\" target=\"_blank\" rel=\"noopener\">https:\/\/www.ciriec.uliege.be\/en\/publications\/wp\/<\/a><\/p>\n<p><strong><img loading=\"lazy\" decoding=\"async\" class=\"wp-image-731 alignright size-full\" src=\"http:\/\/www.ciriec.es\/valencia2022\/wp-content\/uploads\/logo-ciriec.png\" alt=\"\" width=\"157\" height=\"100\" \/>CIRIEC-Espa\u00f1a<\/strong> es la secci\u00f3n espa\u00f1ola del CIRIEC (<a href=\"http:\/\/www.ciriec.uqam.ca\/\" target=\"_blank\" rel=\"noopener\">www.ciriec.es\/<\/a>). Se constituy\u00f3 como asociaci\u00f3n en 1986. Su sede se encuentra en la Facultad de Econom\u00eda de la Universidad de Valencia. Forman parte de su Consejo de Direcci\u00f3n destacados acad\u00e9micos especializados en temas de Econom\u00eda Social, as\u00ed como personalidades representativas de asociaciones, federaciones y confederaciones empresariales de la Econom\u00eda Social en Espa\u00f1a. Entre sus publicaciones se encuentra la revista cient\u00edfica de referencia en econom\u00eda social en Espa\u00f1a e Iberoam\u00e9rica, <em>CIRIEC-Espa\u00f1a, revista de econom\u00eda p\u00fablica, social y cooperativa <\/em><a href=\"http:\/\/www.ciriec-revistaeconomia.es\/\" target=\"_blank\" rel=\"noopener\">http:\/\/www.ciriec-revistaeconomia.es<\/a>, y en materia legislativa <em>CIRIEC-Espa\u00f1a, revista jur\u00eddica de econom\u00eda social y cooperativa <\/em><a href=\"http:\/\/ciriec-revistajuridica.es\/\" target=\"_blank\" rel=\"noopener\">http:\/\/ciriec-revistajuridica.es<\/a>.<\/p>\n<p>Dispone de un centro de informaci\u00f3n y documentaci\u00f3n europea especializado en econom\u00eda social y en econom\u00eda p\u00fablica: el CIDEC (<a href=\"http:\/\/www.uv.es\/cidec\" target=\"_blank\" rel=\"noopener\">www.uv.es\/cidec<\/a>), cuya principal misi\u00f3n es ofrecer apoyo a la investigaci\u00f3n y la formaci\u00f3n en materia de econom\u00eda social y cooperativismo, con informaci\u00f3n especializada y asesoramiento a investigadores, profesores, profesionales del sector, estudiantes y otras personas interesadas en temas de econom\u00eda social. En estos momentos es uno de los m\u00e1s importantes en el \u00e1mbito de la econom\u00eda social y el cooperativismo en Europa.[\/et_pb_text][\/et_pb_column][\/et_pb_row][\/et_pb_section]<\/p>\n","protected":false},"excerpt":{"rendered":"<p>Noves din\u00e0miques mundials en l&#8217;era post-Covid: desafiaments per a [&hellip;]<\/p>\n","protected":false},"author":3,"featured_media":0,"parent":400,"menu_order":0,"comment_status":"closed","ping_status":"closed","template":"","meta":{"_acf_changed":false,"_et_pb_use_builder":"on","_et_pb_old_content":"","_et_gb_content_width":"","footnotes":""},"class_list":["post-470","page","type-page","status-publish","hentry"],"acf":[],"_links":{"self":[{"href":"http:\/\/ciriec.es\/valencia2022\/wp-json\/wp\/v2\/pages\/470","targetHints":{"allow":["GET"]}}],"collection":[{"href":"http:\/\/ciriec.es\/valencia2022\/wp-json\/wp\/v2\/pages"}],"about":[{"href":"http:\/\/ciriec.es\/valencia2022\/wp-json\/wp\/v2\/types\/page"}],"author":[{"embeddable":true,"href":"http:\/\/ciriec.es\/valencia2022\/wp-json\/wp\/v2\/users\/3"}],"replies":[{"embeddable":true,"href":"http:\/\/ciriec.es\/valencia2022\/wp-json\/wp\/v2\/comments?post=470"}],"version-history":[{"count":6,"href":"http:\/\/ciriec.es\/valencia2022\/wp-json\/wp\/v2\/pages\/470\/revisions"}],"predecessor-version":[{"id":2021,"href":"http:\/\/ciriec.es\/valencia2022\/wp-json\/wp\/v2\/pages\/470\/revisions\/2021"}],"up":[{"embeddable":true,"href":"http:\/\/ciriec.es\/valencia2022\/wp-json\/wp\/v2\/pages\/400"}],"wp:attachment":[{"href":"http:\/\/ciriec.es\/valencia2022\/wp-json\/wp\/v2\/media?parent=470"}],"curies":[{"name":"wp","href":"https:\/\/api.w.org\/{rel}","templated":true}]}}