{"id":466,"date":"2022-01-04T19:54:52","date_gmt":"2022-01-04T17:54:52","guid":{"rendered":"http:\/\/www.ciriec.es\/valencia2022\/\/?page_id=466"},"modified":"2022-04-27T17:57:22","modified_gmt":"2022-04-27T15:57:22","slug":"scientific-committee","status":"publish","type":"page","link":"http:\/\/ciriec.es\/valencia2022\/en\/about\/scientific-committee\/","title":{"rendered":"Scientific Committee"},"content":{"rendered":"<p>[et_pb_section fb_built=\u00bb1&#8243; fullwidth=\u00bbon\u00bb _builder_version=\u00bb4.16&#8243; _module_preset=\u00bbdefault\u00bb global_colors_info=\u00bb{}\u00bb theme_builder_area=\u00bbpost_content\u00bb][et_pb_fullwidth_slider module_id=\u00bbheader-mini\u00bb _builder_version=\u00bb4.17.0&#8243; _module_preset=\u00bbdefault\u00bb height=\u00bb350px\u00bb global_colors_info=\u00bb{}\u00bb theme_builder_area=\u00bbpost_content\u00bb][et_pb_slide _builder_version=\u00bb4.17.0&#8243; _module_preset=\u00bbdefault\u00bb background_image=\u00bbhttp:\/\/ciriec.es\/valencia2022\/wp-content\/uploads\/header-mini.jpg\u00bb background_enable_image=\u00bbon\u00bb background_position=\u00bbtop_center\u00bb global_colors_info=\u00bb{}\u00bb sticky_transition=\u00bbon\u00bb theme_builder_area=\u00bbpost_content\u00bb][\/et_pb_slide][\/et_pb_fullwidth_slider][\/et_pb_section][et_pb_section fb_built=\u00bb1&#8243; admin_label=\u00bbLOGOS\u00bb module_id=\u00bbcomite\u00bb module_class=\u00bbseccion\u00bb _builder_version=\u00bb4.16&#8243; background_enable_color=\u00bboff\u00bb global_colors_info=\u00bb{}\u00bb theme_builder_area=\u00bbpost_content\u00bb][et_pb_row module_class=\u00bbcomite-fila1&#8243; _builder_version=\u00bb4.17.0&#8243; _module_preset=\u00bbdefault\u00bb global_colors_info=\u00bb{}\u00bb theme_builder_area=\u00bbpost_content\u00bb][et_pb_column type=\u00bb4_4&#8243; _builder_version=\u00bb4.16&#8243; _module_preset=\u00bbdefault\u00bb global_colors_info=\u00bb{}\u00bb theme_builder_area=\u00bbpost_content\u00bb][et_pb_post_title meta=\u00bboff\u00bb featured_image=\u00bboff\u00bb module_class=\u00bbtit-pagina\u00bb _builder_version=\u00bb4.16&#8243; _module_preset=\u00bbdefault\u00bb global_colors_info=\u00bb{}\u00bb theme_builder_area=\u00bbpost_content\u00bb][\/et_pb_post_title][et_pb_text _builder_version=\u00bb4.17.0&#8243; _module_preset=\u00bbdefault\u00bb hover_enabled=\u00bb0&#8243; global_colors_info=\u00bb{}\u00bb theme_builder_area=\u00bbpost_content\u00bb sticky_enabled=\u00bb0&#8243;]<\/p>\n<h3>Chairs<\/h3>\n<p><strong>Marie J. Bouchard<\/strong><br \/>CIRIEC-Canada, Universit\u00e9 du Qu\u00e9bec \u00e0 Montr\u00e9al, Canada<\/p>\n<p><strong>Jos\u00e9 Luis Monz\u00f3n Campos<\/strong><br \/>CIRIEC-Espa\u00f1a, Universidad de Valencia, Spain<\/p>\n<p><strong>Adoraci\u00f3n Mozas Moral<\/strong><br \/>CIRIEC-Espa\u00f1a, Universidad de Ja\u00e9n, Spain <\/p>\n<p><strong>Rafael Chaves \u00c1vila<\/strong><br \/>CIRIEC-Espa\u00f1a, Universidad de Valencia, Spain <\/p>\n<div class=\"separador\"><\/div>\n<p>[\/et_pb_text][\/et_pb_column][\/et_pb_row][et_pb_row column_structure=\u00bb1_2,1_2&#8243; module_class=\u00bbcomite-fila2&#8243; _builder_version=\u00bb4.17.0&#8243; _module_preset=\u00bbdefault\u00bb global_colors_info=\u00bb{}\u00bb theme_builder_area=\u00bbpost_content\u00bb][et_pb_column type=\u00bb1_2&#8243; module_class=\u00bbcomite-fila2-col1&#8243; _builder_version=\u00bb4.17.0&#8243; _module_preset=\u00bbdefault\u00bb global_colors_info=\u00bb{}\u00bb theme_builder_area=\u00bbpost_content\u00bb][et_pb_text _builder_version=\u00bb4.17.0&#8243; _module_preset=\u00bbdefault\u00bb hover_enabled=\u00bb0&#8243; global_colors_info=\u00bb{}\u00bb theme_builder_area=\u00bbpost_content\u00bb sticky_enabled=\u00bb0&#8243;]<\/p>\n<p><strong>Malika Ahmed Za\u00efd-Chertouk<\/strong> \u00b7 Algeria<\/p>\n<p><strong>Juan Fernando \u00c1lvarez Rodr\u00edguez<\/strong> \u00b7 Colombia<\/p>\n<p><strong>Saioa Arando Lasagabaster<\/strong> \u00b7 Spain<\/p>\n<p><strong>Narciso Arcas Lario<\/strong> \u00b7 Spain <\/p>\n<p><strong>Burhan Aykac<\/strong> \u00b7 Turkey<\/p>\n<p><strong>Philippe Bance<\/strong> \u00b7 France<\/p>\n<p><strong>Paloma Bel Dur\u00e1n<\/strong> \u00b7 Spain <\/p>\n<p><strong>Akram Bel Hajrhouma<\/strong> \u00b7 Tunisia<\/p>\n<p><strong>Lofti Ben Aissao<\/strong> \u00b7 Tunisia<\/p>\n<p><strong>Eric Bidet<\/strong> \u00b7 France<\/p>\n<p><strong>Marietta Bucheli G\u00f3mez<\/strong> \u00b7 Colombia<\/p>\n<p><strong>Gabriel Burdin Bula<\/strong> \u00b7 United Kingdom<\/p>\n<p><strong>M\u00aa Teresa Cancelo M\u00e1rquez<\/strong> \u00b7 Spain<\/p>\n<p><strong>Roberto Ca\u00f1edo Villarreal<\/strong> \u00b7 Mexico<\/p>\n<p><strong>Inmaculada Carrasco Monteagudo<\/strong> \u00b7 Spain<\/p>\n<p><strong>Christina Clamp<\/strong> \u00b7 USA<\/p>\n<p><strong>Mill\u00e1n D\u00edaz Foncea<\/strong> \u00b7 Spain<\/p>\n<p><strong>Anjel Errasti Amozarrain<\/strong> \u00b7 Spain<\/p>\n<p><strong>Enekoiz Etxezarreta Etxarri<\/strong> \u00b7 Spain<\/p>\n<p><strong>Hyungsik Eum<\/strong> \u00b7 Belgium<\/p>\n<p><strong>Gemma Fajardo Garc\u00eda<\/strong> \u00b7 Spain<\/p>\n<p><strong>Vanessa Gonz\u00e1lez Rivera<\/strong> \u00b7 Mexico<\/p>\n<p><strong>Dorothea Greiling<\/strong> \u00b7 Austria<\/p>\n<p><strong>Gordon Hahn<\/strong> \u00b7 Sweden<\/p>\n<p><strong>Hagen Henry<\/strong> \u00b7 Finland<\/p>\n<p><strong>Felipe Hern\u00e1ndez Perlines<\/strong> \u00b7 Spain<\/p>\n<p><strong>Hajime Imamura<\/strong> \u00b7 Japan<\/p>\n<p><strong>Xabier It\u00e7aina<\/strong> \u00b7 France<\/p>\n<p><strong>Juan F. Juli\u00e1 Igual<\/strong> \u00b7 Spain<\/p>\n<p><strong>Pavlos Kalosinatos<\/strong> \u00b7 Cyprus<\/p>\n<p><strong>Sang-Youn Lee<\/strong> \u00b7 South Korea<\/p>\n<p><strong>Gustavo Lejarriaga P\u00e9rez de las Vacas<\/strong> \u00b7 Spain<\/p>\n<p>[\/et_pb_text][\/et_pb_column][et_pb_column type=\u00bb1_2&#8243; _builder_version=\u00bb4.17.0&#8243; _module_preset=\u00bbdefault\u00bb global_colors_info=\u00bb{}\u00bb theme_builder_area=\u00bbpost_content\u00bb][et_pb_text _builder_version=\u00bb4.17.0&#8243; _module_preset=\u00bbdefault\u00bb hover_enabled=\u00bb0&#8243; global_colors_info=\u00bb{}\u00bb theme_builder_area=\u00bbpost_content\u00bb sticky_enabled=\u00bb0&#8243;]<\/p>\n<p><strong>Federico Li Bonilla<\/strong> \u00b7 Costa Rica<\/p>\n<p><strong>Carmen Marcuello Serv\u00f3s<\/strong> \u00b7 Spain<\/p>\n<p><strong>Marco Marini<\/strong> \u00b7 Italy<\/p>\n<p><strong>Olive Mc Carthy<\/strong> \u00b7 Ireland<\/p>\n<p><strong>Deolinda Meira<\/strong> \u00b7 Portugal<\/p>\n<p><strong>Elena Melia Mart\u00ed<\/strong> \u00b7 Spain<\/p>\n<p><strong>Leandro Pereira Morais<\/strong> \u00b7 Brasil<\/p>\n<p><strong>Ioannis Nasioulas<\/strong> \u00b7 Greece<\/p>\n<p><strong>Carmen Pastor Sempere<\/strong> \u00b7 Spain<\/p>\n<p><strong>Silvina Lais Puzino<\/strong> \u00b7 Argentina<\/p>\n<p><strong>Mario Radrig\u00e1n Rubio<\/strong> \u00b7 Chile<\/p>\n<p><strong>Eoin Reeves<\/strong> \u00b7 Ireland<\/p>\n<p><strong>Jos\u00e9 Luis Retolaza \u00c1valos<\/strong> \u00b7 Spain<\/p>\n<p><strong>Nadine Richez-Battesti<\/strong> \u00b7 France<\/p>\n<p><strong>C\u00e1ndido Rom\u00e1n Cervantes<\/strong> \u00b7 Spain<\/p>\n<p><strong>Damien Rousseli\u00e8re<\/strong> \u00b7 France<\/p>\n<p><strong>Francisco Salinas Ramos<\/strong> \u00b7 Spain<\/p>\n<p><strong>Christina Schaeffer<\/strong> \u00b7 Germany<\/p>\n<p><strong>J\u00e9r\u00f4me Schoenmaeckers<\/strong> \u00b7 Belgium<\/p>\n<p><strong>Eloi Serrano Robles<\/strong> \u00b7 Spain<\/p>\n<p><strong>Ricardo J. Server Izquierdo<\/strong> \u00b7 Spain<\/p>\n<p><strong>Ana Milena Silva<\/strong> \u00b7 Colombia<\/p>\n<p><strong>Roger Spear<\/strong> \u00b7 United Kingdom<\/p>\n<p><strong>Ermanno Tortia<\/strong> \u00b7 Italy<\/p>\n<p><strong>Ancuta Vamesu<\/strong> \u00b7 Romania<\/p>\n<p><strong>Mar\u00eda Jos\u00e9 Va\u00f1\u00f3 Va\u00f1\u00f3<\/strong> \u00b7 Spain<\/p>\n<p><strong>Martine Vezina<\/strong> \u00b7 Canada<\/p>\n<p><strong>Mirta Vuotto<\/strong> \u00b7 Argentina<\/p>\n<p><strong>Ilcheong Yi<\/strong> \u00b7 South Korea<\/p>\n<p><strong>Kil-Soon Yoon<\/strong> \u00b7 South Korea<\/p>\n<p><strong>Alberto Zevi<\/strong> \u00b7 Italy<\/p>\n<p>[\/et_pb_text][\/et_pb_column][\/et_pb_row][\/et_pb_section]<\/p>\n","protected":false},"excerpt":{"rendered":"<p>Noves din\u00e0miques mundials en l&#8217;era post-Covid: desafiaments per a [&hellip;]<\/p>\n","protected":false},"author":3,"featured_media":0,"parent":402,"menu_order":0,"comment_status":"closed","ping_status":"closed","template":"","meta":{"_acf_changed":false,"_et_pb_use_builder":"on","_et_pb_old_content":"","_et_gb_content_width":"","footnotes":""},"class_list":["post-466","page","type-page","status-publish","hentry"],"acf":[],"_links":{"self":[{"href":"http:\/\/ciriec.es\/valencia2022\/wp-json\/wp\/v2\/pages\/466","targetHints":{"allow":["GET"]}}],"collection":[{"href":"http:\/\/ciriec.es\/valencia2022\/wp-json\/wp\/v2\/pages"}],"about":[{"href":"http:\/\/ciriec.es\/valencia2022\/wp-json\/wp\/v2\/types\/page"}],"author":[{"embeddable":true,"href":"http:\/\/ciriec.es\/valencia2022\/wp-json\/wp\/v2\/users\/3"}],"replies":[{"embeddable":true,"href":"http:\/\/ciriec.es\/valencia2022\/wp-json\/wp\/v2\/comments?post=466"}],"version-history":[{"count":3,"href":"http:\/\/ciriec.es\/valencia2022\/wp-json\/wp\/v2\/pages\/466\/revisions"}],"predecessor-version":[{"id":2068,"href":"http:\/\/ciriec.es\/valencia2022\/wp-json\/wp\/v2\/pages\/466\/revisions\/2068"}],"up":[{"embeddable":true,"href":"http:\/\/ciriec.es\/valencia2022\/wp-json\/wp\/v2\/pages\/402"}],"wp:attachment":[{"href":"http:\/\/ciriec.es\/valencia2022\/wp-json\/wp\/v2\/media?parent=466"}],"curies":[{"name":"wp","href":"https:\/\/api.w.org\/{rel}","templated":true}]}}