{"id":454,"date":"2022-01-04T19:51:21","date_gmt":"2022-01-04T17:51:21","guid":{"rendered":"http:\/\/www.ciriec.es\/valencia2022\/\/?page_id=454"},"modified":"2022-05-31T18:22:07","modified_gmt":"2022-05-31T16:22:07","slug":"inscripcio","status":"publish","type":"page","link":"http:\/\/ciriec.es\/valencia2022\/ca\/inscripcio\/","title":{"rendered":"Inscripci\u00f3"},"content":{"rendered":"<p>[et_pb_section fb_built=\u00bb1&#8243; fullwidth=\u00bbon\u00bb _builder_version=\u00bb4.16&#8243; _module_preset=\u00bbdefault\u00bb global_colors_info=\u00bb{}\u00bb][et_pb_fullwidth_slider module_id=\u00bbheader-mini\u00bb _builder_version=\u00bb4.16&#8243; _module_preset=\u00bbdefault\u00bb height=\u00bb350px\u00bb global_colors_info=\u00bb{}\u00bb][et_pb_slide _builder_version=\u00bb4.16&#8243; _module_preset=\u00bbdefault\u00bb background_image=\u00bbhttp:\/\/www.ciriec.es\/valencia2022\/wp-content\/uploads\/header-mini.jpg\u00bb background_enable_image=\u00bbon\u00bb background_position=\u00bbtop_center\u00bb global_colors_info=\u00bb{}\u00bb sticky_transition=\u00bbon\u00bb][\/et_pb_slide][\/et_pb_fullwidth_slider][\/et_pb_section][et_pb_section fb_built=\u00bb1&#8243; admin_label=\u00bbACERCA DE\u00bb module_id=\u00bbinscripcion\u00bb module_class=\u00bbseccion\u00bb _builder_version=\u00bb4.16&#8243; background_enable_color=\u00bboff\u00bb global_colors_info=\u00bb{}\u00bb][et_pb_row _builder_version=\u00bb4.16&#8243; _module_preset=\u00bbdefault\u00bb global_colors_info=\u00bb{}\u00bb][et_pb_column type=\u00bb4_4&#8243; _builder_version=\u00bb4.16&#8243; _module_preset=\u00bbdefault\u00bb global_colors_info=\u00bb{}\u00bb][et_pb_post_title meta=\u00bboff\u00bb featured_image=\u00bboff\u00bb module_class=\u00bbtit-pagina\u00bb _builder_version=\u00bb4.16&#8243; _module_preset=\u00bbdefault\u00bb global_colors_info=\u00bb{}\u00bb][\/et_pb_post_title][\/et_pb_column][\/et_pb_row][et_pb_row column_structure=\u00bb3_5,2_5&#8243; _builder_version=\u00bb4.16&#8243; _module_preset=\u00bbdefault\u00bb global_colors_info=\u00bb{}\u00bb][et_pb_column type=\u00bb3_5&#8243; module_class=\u00bbcol1&#8243; _builder_version=\u00bb4.16&#8243; _module_preset=\u00bbdefault\u00bb global_colors_info=\u00bb{}\u00bb][et_pb_text _builder_version=\u00bb4.17.3&#8243; _module_preset=\u00bbdefault\u00bb global_colors_info=\u00bb{}\u00bb]<\/p>\n<p>Tots els congressistes han d&#8217;inscriure&#8217;s al congr\u00e9s. La inscripci\u00f3 ha de tramitar-se a trav\u00e9s d&#8217;aquesta mateixa p\u00e0gina web. Les modalitats i tarifes d&#8217;inscripci\u00f3 s\u00f3n:<\/p>\n<h4><span lang=\"FR\">Membres de CIRIEC<\/span><\/h4>\n<ul>\n<li><strong>Tarifa<\/strong>: 850 \u20ac<\/li>\n<\/ul>\n<h4><span lang=\"FR\">No-membres de CIRIEC<\/span><\/h4>\n<ul>\n<li><strong>Tarifa<\/strong>: 1.000 \u20ac<\/li>\n<\/ul>\n<h4><span lang=\"FR\">Congressistes amb comunicaci\u00f3 acceptada*<\/span><\/h4>\n<ul>\n<li><strong>Tarifa<\/strong>: &#8212;*<\/li>\n<\/ul>\n<h4>Acad\u00e8mics membres de CIRIEC-Internacional (Excl\u00f2s Espanya)<\/h4>\n<ul>\n<li><strong>Tarifa<\/strong>: 500 \u20ac<\/li>\n<\/ul>\n<h4>Acompanyants<\/h4>\n<ul>\n<li><strong>Tarifa<\/strong>: 400 \u20ac<\/li>\n<\/ul>\n<h4>Estudiants i menors de 30 anys***<\/h4>\n<ul>\n<li><strong>Tarifa<\/strong>: 100 \u20ac<\/li>\n<\/ul>\n<p><em>(*) \u00c9s necess\u00e0ria la confirmaci\u00f3 d&#8217;acceptaci\u00f3 expressa del Comit\u00e9 Cient\u00edfic. Els autors amb comunicaci\u00f3 acceptada que no assistisquen al Congr\u00e9s han d&#8217;abonar una quota cadascun de 100 euros.<\/em><br \/><em>(**) A partir del 01\/05\/22 els congressistes amb comunicaci\u00f3 acceptada s&#8217;acullen a les quotes gen\u00e8riques de membres o no membres de CIRIEC.<\/em><br \/><em>(***) Aquesta quota nom\u00e9s permet l&#8217;acc\u00e9s a les sessions cient\u00edfiques i a les pauses\/caf\u00e9. S&#8217;ha d&#8217;acreditar la condici\u00f3 d&#8217;estudiant i\/o la de menor de 30 anys amb l&#8217;oportuna aportaci\u00f3 de documentaci\u00f3.<\/em><\/p>\n<p>[\/et_pb_text][\/et_pb_column][et_pb_column type=\u00bb2_5&#8243; module_class=\u00bbcol2&#8243; _builder_version=\u00bb4.16&#8243; _module_preset=\u00bbdefault\u00bb global_colors_info=\u00bb{}\u00bb][et_pb_button button_url=\u00bbhttps:\/\/ssl.bcdtravel.es\/events-booking\/?ebfopp=e2Zyb250T2ZmaWNlU3RhdGU9MSwgY29kRXZlbnRvPTg0MX0=\u00bb url_new_window=\u00bbon\u00bb button_text=\u00bbFa\u00e7a clic ac\u00ed per a inscriure&#8217;s\u00bb module_class=\u00bbboton-registro\u00bb _builder_version=\u00bb4.16&#8243; _module_preset=\u00bbdefault\u00bb custom_button=\u00bbon\u00bb button_text_size=\u00bb18px\u00bb button_text_color=\u00bb#FFFFFF\u00bb button_font=\u00bbSaira Condensed||||||||\u00bb button_icon=\u00bb&#x6c;||divi||400&#8243; button_icon_placement=\u00bbleft\u00bb button_on_hover=\u00bboff\u00bb global_colors_info=\u00bb{}\u00bb][\/et_pb_button][et_pb_text module_class=\u00bbdestacado\u00bb _builder_version=\u00bb4.17.4&#8243; _module_preset=\u00bbdefault\u00bb hover_enabled=\u00bb0&#8243; global_colors_info=\u00bb{}\u00bb sticky_enabled=\u00bb0&#8243;]<strong>La quota d&#8217;inscripci\u00f3 inclou:<\/strong><\/p>\n<ul>\n<li>Assist\u00e8ncia a totes les sessions del Congr\u00e9s<\/li>\n<li>Cartera amb documentaci\u00f3<\/li>\n<li>Certificat acreditatiu de la participaci\u00f3 i\/o de presentaci\u00f3 de comunicaci\u00f3<\/li>\n<li>C\u00f2ctel de benvinguda<\/li>\n<li>4 Pauses caf\u00e9<\/li>\n<li>2 esmorzars de treball<\/li>\n<li>Sopar oficial<\/li>\n<li>C\u00f2ctel de clausura<\/li>\n<\/ul>\n<p><strong>La quota d&#8217;inscripci\u00f3 per a acompanyants inclou:<\/strong><\/p>\n<ul>\n<li>Assist\u00e8ncia a les sessions d&#8217;inauguraci\u00f3 i clausura del Congr\u00e9s<\/li>\n<li>Excursi\u00f3 a l&#8217;Albufera (inclou esmorzar)<\/li>\n<li>Visita panor\u00e0mica per Val\u00e8ncia (inclou esmorzar)<\/li>\n<li>C\u00f2ctel de benvinguda<\/li>\n<li>Sopar oficial<\/li>\n<li>C\u00f2ctel de clausura<\/li>\n<\/ul>\n<p><a class=\"descargar-programa\" href=\"http:\/\/ciriec.es\/valencia2022\/wp-content\/uploads\/accompanying-persons-programme.pdf\" target=\"blank\" rel=\"noopener\">Programa acompanyants<\/a>[\/et_pb_text][\/et_pb_column][\/et_pb_row][et_pb_row _builder_version=\u00bb4.16&#8243; _module_preset=\u00bbdefault\u00bb global_colors_info=\u00bb{}\u00bb][et_pb_column type=\u00bb4_4&#8243; _builder_version=\u00bb4.16&#8243; _module_preset=\u00bbdefault\u00bb global_colors_info=\u00bb{}\u00bb][et_pb_button button_url=\u00bbhttps:\/\/ssl.bcdtravel.es\/events-booking\/?ebfopp=e2Zyb250T2ZmaWNlU3RhdGU9MSwgY29kRXZlbnRvPTg0MX0=\u00bb url_new_window=\u00bbon\u00bb button_text=\u00bbFa\u00e7a clic ac\u00ed per a inscriure&#8217;s\u00bb module_class=\u00bbboton-registro\u00bb _builder_version=\u00bb4.16&#8243; _module_preset=\u00bbdefault\u00bb custom_button=\u00bbon\u00bb button_text_size=\u00bb18px\u00bb button_text_color=\u00bb#FFFFFF\u00bb button_font=\u00bbSaira Condensed||||||||\u00bb button_icon=\u00bb&#x6c;||divi||400&#8243; button_icon_placement=\u00bbleft\u00bb button_on_hover=\u00bboff\u00bb global_colors_info=\u00bb{}\u00bb][\/et_pb_button][et_pb_text _builder_version=\u00bb4.16&#8243; _module_preset=\u00bbdefault\u00bb global_colors_info=\u00bb{}\u00bb]<\/p>\n<p>Per a informaci\u00f3 addicional relativa a inscripci\u00f3, viatge, activitats socials, etc. dirigir-se a:<\/p>\n<p><strong>BCD Meetings and Events<\/strong><br \/>Att\/ Ana Garc\u00eda Ramos<br \/>Tel.: +34 963955506<br \/>E-mail: <a href=\"mailto:eventos.vlc@bcdme.es\">eventos.vlc@bcdme.es<\/a><br \/>Inscripci\u00f3: <a href=\"https:\/\/ssl.bcdtravel.es\/events-booking\/?ebfopp=e2Zyb250T2ZmaWNlU3RhdGU9MSwgY29kRXZlbnRvPTg0MX0=\" target=\"_blank\" rel=\"noopener\">Fa\u00e7a clic ac\u00ed per a inscriure&#8217;s<\/a><\/p>\n<p>Per a informaci\u00f3 addicional sobre el congr\u00e9s dirigir-se a:<\/p>\n<p><strong>Ana Ram\u00f3n Sierra<\/strong>, Coordinadora del Congr\u00e9s<br \/>CIRIEC-Espa\u00f1a &#8211; Secretaria del Congr\u00e9s<br \/>Facultat d&#8217;Economia<br \/>Avda. Els Tarongers, s\/n \u2013 Despatx 2P21<br \/>46022 Val\u00e8ncia<br \/>Tel.: +34 96 382 84 89<br \/>Fax: +34 96 382 84 92<br \/>E-mail: <a href=\"mailto:ciriec@uv.es\">ciriec@uv.es<\/a><\/p>\n<p>&nbsp;<\/p>\n<p>&nbsp;<\/p>\n<p>[\/et_pb_text][\/et_pb_column][\/et_pb_row][\/et_pb_section]<\/p>\n","protected":false},"excerpt":{"rendered":"<p>Noves din\u00e0miques mundials en l&#8217;era post-Covid: desafiaments per a [&hellip;]<\/p>\n","protected":false},"author":3,"featured_media":0,"parent":0,"menu_order":0,"comment_status":"closed","ping_status":"closed","template":"","meta":{"_acf_changed":false,"_et_pb_use_builder":"on","_et_pb_old_content":"","_et_gb_content_width":"","footnotes":""},"class_list":["post-454","page","type-page","status-publish","hentry"],"acf":[],"_links":{"self":[{"href":"http:\/\/ciriec.es\/valencia2022\/wp-json\/wp\/v2\/pages\/454","targetHints":{"allow":["GET"]}}],"collection":[{"href":"http:\/\/ciriec.es\/valencia2022\/wp-json\/wp\/v2\/pages"}],"about":[{"href":"http:\/\/ciriec.es\/valencia2022\/wp-json\/wp\/v2\/types\/page"}],"author":[{"embeddable":true,"href":"http:\/\/ciriec.es\/valencia2022\/wp-json\/wp\/v2\/users\/3"}],"replies":[{"embeddable":true,"href":"http:\/\/ciriec.es\/valencia2022\/wp-json\/wp\/v2\/comments?post=454"}],"version-history":[{"count":21,"href":"http:\/\/ciriec.es\/valencia2022\/wp-json\/wp\/v2\/pages\/454\/revisions"}],"predecessor-version":[{"id":3351,"href":"http:\/\/ciriec.es\/valencia2022\/wp-json\/wp\/v2\/pages\/454\/revisions\/3351"}],"wp:attachment":[{"href":"http:\/\/ciriec.es\/valencia2022\/wp-json\/wp\/v2\/media?parent=454"}],"curies":[{"name":"wp","href":"https:\/\/api.w.org\/{rel}","templated":true}]}}