{"id":452,"date":"2022-01-04T19:51:21","date_gmt":"2022-01-04T17:51:21","guid":{"rendered":"http:\/\/www.ciriec.es\/valencia2022\/\/?page_id=452"},"modified":"2022-05-31T18:21:16","modified_gmt":"2022-05-31T16:21:16","slug":"inscription","status":"publish","type":"page","link":"http:\/\/ciriec.es\/valencia2022\/fr\/inscription\/","title":{"rendered":"Inscription"},"content":{"rendered":"<p>[et_pb_section fb_built=\u00bb1&#8243; fullwidth=\u00bbon\u00bb _builder_version=\u00bb4.16&#8243; _module_preset=\u00bbdefault\u00bb global_colors_info=\u00bb{}\u00bb][et_pb_fullwidth_slider module_id=\u00bbheader-mini\u00bb _builder_version=\u00bb4.16&#8243; _module_preset=\u00bbdefault\u00bb height=\u00bb350px\u00bb global_colors_info=\u00bb{}\u00bb][et_pb_slide _builder_version=\u00bb4.16&#8243; _module_preset=\u00bbdefault\u00bb background_image=\u00bbhttp:\/\/www.ciriec.es\/valencia2022\/wp-content\/uploads\/header-mini.jpg\u00bb background_enable_image=\u00bbon\u00bb background_position=\u00bbtop_center\u00bb global_colors_info=\u00bb{}\u00bb sticky_transition=\u00bbon\u00bb][\/et_pb_slide][\/et_pb_fullwidth_slider][\/et_pb_section][et_pb_section fb_built=\u00bb1&#8243; admin_label=\u00bbLOGOS\u00bb module_id=\u00bbinscripcion\u00bb module_class=\u00bbseccion\u00bb _builder_version=\u00bb4.16&#8243; background_enable_color=\u00bboff\u00bb global_colors_info=\u00bb{}\u00bb][et_pb_row _builder_version=\u00bb4.16&#8243; _module_preset=\u00bbdefault\u00bb global_colors_info=\u00bb{}\u00bb][et_pb_column type=\u00bb4_4&#8243; _builder_version=\u00bb4.16&#8243; _module_preset=\u00bbdefault\u00bb global_colors_info=\u00bb{}\u00bb][et_pb_post_title meta=\u00bboff\u00bb featured_image=\u00bboff\u00bb module_class=\u00bbtit-pagina\u00bb _builder_version=\u00bb4.16&#8243; _module_preset=\u00bbdefault\u00bb global_colors_info=\u00bb{}\u00bb][\/et_pb_post_title][\/et_pb_column][\/et_pb_row][et_pb_row column_structure=\u00bb3_5,2_5&#8243; _builder_version=\u00bb4.16&#8243; _module_preset=\u00bbdefault\u00bb global_colors_info=\u00bb{}\u00bb][et_pb_column type=\u00bb3_5&#8243; module_class=\u00bbcol1&#8243; _builder_version=\u00bb4.16&#8243; _module_preset=\u00bbdefault\u00bb global_colors_info=\u00bb{}\u00bb][et_pb_text _builder_version=\u00bb4.17.3&#8243; _module_preset=\u00bbdefault\u00bb global_colors_info=\u00bb{}\u00bb]<\/p>\n<p>Tous les congressistes doivent s&#8217;inscrire au congr\u00e8s.\u00a0L&#8217;inscription se fait via ce site Web. Les modalit\u00e9s et les frais d&#8217;inscription sont :<\/p>\n<h4><span lang=\"FR\">Membres du CIRIEC<\/span><\/h4>\n<ul>\n<li><strong>Tarif\u00a0<\/strong>: 850 \u20ac<\/li>\n<\/ul>\n<h4><span lang=\"FR\">Non-membres du CIRIEC<\/span><\/h4>\n<ul>\n<li><strong>Tarif\u00a0<\/strong>: 1.000 \u20ac<\/li>\n<\/ul>\n<h4><span lang=\"FR\">Participants avec communication accept\u00e9e*<\/span><\/h4>\n<ul>\n<li><strong>Tarif\u00a0<\/strong>: &#8212;**<\/li>\n<\/ul>\n<h4>Membres acad\u00e9miques du CIRIEC-International (non-espagnols)<\/h4>\n<ul>\n<li><strong>Tarif\u00a0<\/strong>: 500 \u20ac<\/li>\n<\/ul>\n<h4>Accompagnants<\/h4>\n<ul>\n<li><strong>Tarif\u00a0<\/strong>: 400 \u20ac<\/li>\n<\/ul>\n<h4>\u00c9tudiants et moins de 30 ans***<\/h4>\n<ul>\n<li><strong>Tarif <\/strong>: 100 \u20ac<\/li>\n<\/ul>\n<p><em>(*) La confirmation de l&#8217;acceptation par le Comit\u00e9 scientifique est requise. Auteurs avec communication accept\u00e9e et qui ne participent pas au congr\u00e8s doivent payer un droit de 100 euros.<\/em><br \/><em>(**) A partir du 01\/05\/22, le tarif standard pour les membres ou non-membres du CIRIEC sera d&#8217;application pour les participants au congr\u00e8s ayant une communication accept\u00e9e.<\/em><br \/><em>(***) Ce tarif permet uniquement l&#8217;acc\u00e8s aux sessions scientifiques et aux pauses caf\u00e9. Une preuve du statut d&#8217;\u00e9tudiant et\/ou de l&#8217;\u00e2ge de moins de 30 ans doit \u00eatre fournie avec les documents appropri\u00e9s.<\/em><\/p>\n<p>[\/et_pb_text][\/et_pb_column][et_pb_column type=\u00bb2_5&#8243; module_class=\u00bbcol2&#8243; _builder_version=\u00bb4.16&#8243; _module_preset=\u00bbdefault\u00bb global_colors_info=\u00bb{}\u00bb][et_pb_button button_url=\u00bbhttps:\/\/ssl.bcdtravel.es\/events-booking\/?ebfopp=e2Zyb250T2ZmaWNlU3RhdGU9MSwgY29kRXZlbnRvPTg0MX0=\u00bb url_new_window=\u00bbon\u00bb button_text=\u00bbCliquez ici pour vous inscrire\u00bb module_class=\u00bbboton-registro\u00bb _builder_version=\u00bb4.16&#8243; _module_preset=\u00bbdefault\u00bb custom_button=\u00bbon\u00bb button_text_size=\u00bb18px\u00bb button_text_color=\u00bb#FFFFFF\u00bb button_font=\u00bbSaira Condensed||||||||\u00bb button_icon=\u00bb&#x6c;||divi||400&#8243; button_icon_placement=\u00bbleft\u00bb button_on_hover=\u00bboff\u00bb global_colors_info=\u00bb{}\u00bb][\/et_pb_button][et_pb_text module_class=\u00bbdestacado\u00bb _builder_version=\u00bb4.17.4&#8243; _module_preset=\u00bbdefault\u00bb hover_enabled=\u00bb0&#8243; global_colors_info=\u00bb{}\u00bb sticky_enabled=\u00bb0&#8243;]<\/p>\n<p><strong>Les frais d&#8217;inscription comprennent :<\/strong><\/p>\n<ul>\n<li>Participation \u00e0 toutes les sessions du Congr\u00e8s<\/li>\n<li>Documentation<\/li>\n<li>Certificat de participation et de pr\u00e9sentation des communications<\/li>\n<li>Cocktail de bienvenue<\/li>\n<li>4 pauses caf\u00e9<\/li>\n<li>2 d\u00e9jeuners de travail<\/li>\n<li>D\u00eener officiel<\/li>\n<li>Cocktail de cl\u00f4ture<\/li>\n<\/ul>\n<p><strong>Les frais d&#8217;inscription pour les personnes accompagnantes comprennent :<\/strong><\/p>\n<ul>\n<li>Pr\u00e9sence aux sessions d&#8217;ouverture et de cl\u00f4ture du congr\u00e8s.<\/li>\n<li>Excursion \u00e0 l&#8217;Albufera (d\u00e9jeuner inclus)<\/li>\n<li>Visite guid\u00e9e de Valence (d\u00e9jeuner inclus)<\/li>\n<li>Cocktail de bienvenue<\/li>\n<li>D\u00eener officiel<\/li>\n<li>Cocktail de cl\u00f4ture<\/li>\n<\/ul>\n<p><a class=\"descargar-programa\" href=\"http:\/\/ciriec.es\/valencia2022\/wp-content\/uploads\/accompanying-persons-programme.pdf\" target=\"blank\" rel=\"noopener\">Programme personnes accompagnantes<\/a>[\/et_pb_text][\/et_pb_column][\/et_pb_row][et_pb_row _builder_version=\u00bb4.16&#8243; _module_preset=\u00bbdefault\u00bb global_colors_info=\u00bb{}\u00bb][et_pb_column type=\u00bb4_4&#8243; _builder_version=\u00bb4.16&#8243; _module_preset=\u00bbdefault\u00bb global_colors_info=\u00bb{}\u00bb][et_pb_button button_url=\u00bbhttps:\/\/ssl.bcdtravel.es\/events-booking\/?ebfopp=e2Zyb250T2ZmaWNlU3RhdGU9MSwgY29kRXZlbnRvPTg0MX0=\u00bb url_new_window=\u00bbon\u00bb button_text=\u00bbCliquez ici pour vous inscrire\u00bb module_class=\u00bbboton-registro\u00bb _builder_version=\u00bb4.16&#8243; _module_preset=\u00bbdefault\u00bb custom_button=\u00bbon\u00bb button_text_size=\u00bb18px\u00bb button_text_color=\u00bb#FFFFFF\u00bb button_font=\u00bbSaira Condensed||||||||\u00bb button_icon=\u00bb&#x6c;||divi||400&#8243; button_icon_placement=\u00bbleft\u00bb button_on_hover=\u00bboff\u00bb global_colors_info=\u00bb{}\u00bb][\/et_pb_button][et_pb_text _builder_version=\u00bb4.16&#8243; _module_preset=\u00bbdefault\u00bb global_colors_info=\u00bb{}\u00bb]<\/p>\n<p>Pour plus d&#8217;informations concernant l&#8217;enregistrement, voyage, activit\u00e9s sociales, etc.\u00a0:<\/p>\n<p><strong>BCD Meetings and Events<\/strong><br \/>Att\/ Ana Garc\u00eda Ramos<br \/>Tel. : +34 963955506<br \/>E-mail : <a href=\"mailto:eventos.vlc@bcdme.es\">eventos.vlc@bcdme.es<\/a><br \/>Inscription : <a href=\"https:\/\/ssl.bcdtravel.es\/events-booking\/?ebfopp=e2Zyb250T2ZmaWNlU3RhdGU9MSwgY29kRXZlbnRvPTg0MX0=\" target=\"_blank\" rel=\"noopener\">Cliquez ici pour vous inscrire<\/a><\/p>\n<p>Pour plus d&#8217;informations sur le congr\u00e8s, veuillez communiquer avec :<\/p>\n<p><strong>Ana Ram\u00f3n Sierra<\/strong>, Coordonnatrice du Congr\u00e8s<br \/>CIRIEC-Espa\u00f1a &#8211; Secr\u00e9tariat du Congr\u00e8s<br \/>Facultad de Econom\u00eda<br \/>Avda. Los Naranjos, s\/n \u2013 Despacho 2P21<br \/>46022 Valencia ESPAGNE<br \/>Tel. : +34 96 382 84 89<br \/>Fax : +34 96 382 84 92<br \/>E-mail : <a href=\"mailto:ciriec@uv.es\">ciriec@uv.es<\/a><\/p>\n<p>&nbsp;<\/p>\n<p>[\/et_pb_text][\/et_pb_column][\/et_pb_row][\/et_pb_section]<\/p>\n","protected":false},"excerpt":{"rendered":"<p>Noves din\u00e0miques mundials en l&#8217;era post-Covid: desafiaments per a l&#8217;economia p\u00fablica, [&hellip;]<\/p>\n","protected":false},"author":3,"featured_media":0,"parent":0,"menu_order":0,"comment_status":"closed","ping_status":"closed","template":"","meta":{"_acf_changed":false,"_et_pb_use_builder":"on","_et_pb_old_content":"","_et_gb_content_width":"","footnotes":""},"class_list":["post-452","page","type-page","status-publish","hentry"],"acf":[],"_links":{"self":[{"href":"http:\/\/ciriec.es\/valencia2022\/wp-json\/wp\/v2\/pages\/452","targetHints":{"allow":["GET"]}}],"collection":[{"href":"http:\/\/ciriec.es\/valencia2022\/wp-json\/wp\/v2\/pages"}],"about":[{"href":"http:\/\/ciriec.es\/valencia2022\/wp-json\/wp\/v2\/types\/page"}],"author":[{"embeddable":true,"href":"http:\/\/ciriec.es\/valencia2022\/wp-json\/wp\/v2\/users\/3"}],"replies":[{"embeddable":true,"href":"http:\/\/ciriec.es\/valencia2022\/wp-json\/wp\/v2\/comments?post=452"}],"version-history":[{"count":23,"href":"http:\/\/ciriec.es\/valencia2022\/wp-json\/wp\/v2\/pages\/452\/revisions"}],"predecessor-version":[{"id":3349,"href":"http:\/\/ciriec.es\/valencia2022\/wp-json\/wp\/v2\/pages\/452\/revisions\/3349"}],"wp:attachment":[{"href":"http:\/\/ciriec.es\/valencia2022\/wp-json\/wp\/v2\/media?parent=452"}],"curies":[{"name":"wp","href":"https:\/\/api.w.org\/{rel}","templated":true}]}}