{"id":448,"date":"2022-01-04T19:51:21","date_gmt":"2022-01-04T17:51:21","guid":{"rendered":"http:\/\/www.ciriec.es\/valencia2022\/\/?page_id=448"},"modified":"2022-05-31T18:19:18","modified_gmt":"2022-05-31T16:19:18","slug":"inscripcion","status":"publish","type":"page","link":"http:\/\/ciriec.es\/valencia2022\/es\/inscripcion\/","title":{"rendered":"Inscripci\u00f3n"},"content":{"rendered":"<p>[et_pb_section fb_built=\u00bb1&#8243; fullwidth=\u00bbon\u00bb _builder_version=\u00bb4.16&#8243; _module_preset=\u00bbdefault\u00bb global_colors_info=\u00bb{}\u00bb][et_pb_fullwidth_slider module_id=\u00bbheader-mini\u00bb _builder_version=\u00bb4.17.0&#8243; _module_preset=\u00bbdefault\u00bb height=\u00bb350px\u00bb global_colors_info=\u00bb{}\u00bb][et_pb_slide _builder_version=\u00bb4.17.0&#8243; _module_preset=\u00bbdefault\u00bb background_image=\u00bbhttp:\/\/www.ciriec.es\/valencia2022\/wp-content\/uploads\/header-mini.jpg\u00bb background_enable_image=\u00bbon\u00bb background_position=\u00bbtop_center\u00bb global_colors_info=\u00bb{}\u00bb sticky_transition=\u00bbon\u00bb][\/et_pb_slide][\/et_pb_fullwidth_slider][\/et_pb_section][et_pb_section fb_built=\u00bb1&#8243; admin_label=\u00bbLOGOS\u00bb module_id=\u00bbinscripcion\u00bb module_class=\u00bbseccion\u00bb _builder_version=\u00bb4.16&#8243; background_enable_color=\u00bboff\u00bb global_colors_info=\u00bb{}\u00bb][et_pb_row _builder_version=\u00bb4.16&#8243; _module_preset=\u00bbdefault\u00bb global_colors_info=\u00bb{}\u00bb][et_pb_column type=\u00bb4_4&#8243; _builder_version=\u00bb4.16&#8243; _module_preset=\u00bbdefault\u00bb global_colors_info=\u00bb{}\u00bb][et_pb_post_title meta=\u00bboff\u00bb featured_image=\u00bboff\u00bb module_class=\u00bbtit-pagina\u00bb _builder_version=\u00bb4.16&#8243; _module_preset=\u00bbdefault\u00bb global_colors_info=\u00bb{}\u00bb][\/et_pb_post_title][\/et_pb_column][\/et_pb_row][et_pb_row column_structure=\u00bb3_5,2_5&#8243; _builder_version=\u00bb4.16&#8243; _module_preset=\u00bbdefault\u00bb global_colors_info=\u00bb{}\u00bb][et_pb_column type=\u00bb3_5&#8243; module_class=\u00bbcol1&#8243; _builder_version=\u00bb4.16&#8243; _module_preset=\u00bbdefault\u00bb global_colors_info=\u00bb{}\u00bb][et_pb_text _builder_version=\u00bb4.17.3&#8243; _module_preset=\u00bbdefault\u00bb global_colors_info=\u00bb{}\u00bb]<\/p>\n<p>Todos los congresistas deben inscribirse al congreso. La inscripci\u00f3n debe tramitarse a trav\u00e9s de esta misma p\u00e1gina web.\u00a0Las modalidades y tarifas de inscripci\u00f3n son:<\/p>\n<h4>Congresistas\u200b miembros de CIRIEC<\/h4>\n<ul>\n<li><strong>Tarifa<\/strong>: 850 \u20ac<\/li>\n<\/ul>\n<h4>Congresistas\u200b no\u00a0miembros de CIRIEC<\/h4>\n<ul>\n<li><strong>Tarifa<\/strong>: 1.000 \u20ac<\/li>\n<\/ul>\n<h4>Congresistas\u200b con comunicaci\u00f3n aceptada*<\/h4>\n<ul>\n<li><strong>Tarifa<\/strong>: &#8212;**<\/li>\n<\/ul>\n<h4>Acad\u00e9micos miembros de CIRIEC-Internacional (Exclu\u00eddo Espa\u00f1a)<\/h4>\n<ul>\n<li><strong>Tarifa<\/strong>: 500 \u20ac<\/li>\n<\/ul>\n<h4>Acompa\u00f1antes<\/h4>\n<ul>\n<li><strong>Tarifa<\/strong>: 400 \u20ac<\/li>\n<\/ul>\n<h4>Estudiantes y menores de 30 a\u00f1os***<\/h4>\n<ul>\n<li><strong>Tarifa<\/strong>: 100 \u20ac<\/li>\n<\/ul>\n<p><em>(*) Es necesaria la confirmaci\u00f3n de aceptaci\u00f3n expresa del Comit\u00e9 Cient\u00edfico. El resto de autores que firmen una comunicaci\u00f3n aceptada y no asistan a Congreso deben abonar una cuota cada uno de 100 euros.<\/em><br \/><em>(**) A partir del 06\/05\/22 los congresistas con comunicaci\u00f3n aceptada se acogen a las cuotas gen\u00e9ricas de miembros o no miembros de CIRIEC.<\/em><br \/><em>(***) Esta cuota solo permite el acceso a las sesiones cient\u00edficas y a las pausas\/caf\u00e9. Se debe acreditar la condici\u00f3n de estudiante y\/o la de menor de 30 a\u00f1os con la oportuna aportaci\u00f3n de documentaci\u00f3n.<\/em><\/p>\n<p>[\/et_pb_text][\/et_pb_column][et_pb_column type=\u00bb2_5&#8243; module_class=\u00bbcol2&#8243; _builder_version=\u00bb4.16&#8243; _module_preset=\u00bbdefault\u00bb global_colors_info=\u00bb{}\u00bb][et_pb_button button_url=\u00bbhttps:\/\/ssl.bcdtravel.es\/events-booking\/?ebfopp=e2Zyb250T2ZmaWNlU3RhdGU9MSwgY29kRXZlbnRvPTg0MX0=\u00bb url_new_window=\u00bbon\u00bb button_text=\u00bb Haga clic aqu\u00ed para inscribirse\u00bb module_class=\u00bbboton-registro\u00bb _builder_version=\u00bb4.16&#8243; _module_preset=\u00bbdefault\u00bb custom_button=\u00bbon\u00bb button_text_size=\u00bb18px\u00bb button_text_color=\u00bb#FFFFFF\u00bb button_font=\u00bbSaira Condensed||||||||\u00bb button_icon=\u00bb&#x6c;||divi||400&#8243; button_icon_color=\u00bb#FFFFFF\u00bb button_icon_placement=\u00bbleft\u00bb button_on_hover=\u00bboff\u00bb global_colors_info=\u00bb{}\u00bb][\/et_pb_button][et_pb_text module_class=\u00bbdestacado\u00bb _builder_version=\u00bb4.17.4&#8243; _module_preset=\u00bbdefault\u00bb hover_enabled=\u00bb0&#8243; global_colors_info=\u00bb{}\u00bb sticky_enabled=\u00bb0&#8243;]<\/p>\n<p><strong>La cuota de inscripci\u00f3n incluye:<\/strong><\/p>\n<ul>\n<li>Asistencia a todas las sesiones del Congreso<\/li>\n<li>Cartera con documentaci\u00f3n<\/li>\n<li>Certificado acreditativo de la participaci\u00f3n y, en su caso, de presentaci\u00f3n de comunicaci\u00f3n<\/li>\n<li>Recepci\u00f3n y c\u00f3ctel de bienvenida<\/li>\n<li>4 Pausas caf\u00e9<\/li>\n<li>2 almuerzos de trabajo<\/li>\n<li>Cena oficial<\/li>\n<li>C\u00f3ctel de clausura<\/li>\n<\/ul>\n<p><strong>La cuota de inscripci\u00f3n para acompa\u00f1antes incluye:<\/strong><\/p>\n<ul>\n<li>Recepci\u00f3n y c\u00f3ctel de bienvenida<\/li>\n<li>Asistencia a las sesiones de inauguraci\u00f3n y clausura del Congreso<\/li>\n<li>Excursi\u00f3n a la Albufera (incluye almuerzo)<\/li>\n<li>Visita panor\u00e1mica por Valencia (incluye tambi\u00e9n almuerzo)<\/li>\n<li>Cena oficial<\/li>\n<li>C\u00f3ctel de clausura<\/li>\n<\/ul>\n<p><a class=\"descargar-programa\" href=\"http:\/\/ciriec.es\/valencia2022\/wp-content\/uploads\/accompanying-persons-programme.pdf\" target=\"blank\" rel=\"noopener\">Programa acompa\u00f1antes<\/a>[\/et_pb_text][\/et_pb_column][\/et_pb_row][et_pb_row _builder_version=\u00bb4.16&#8243; _module_preset=\u00bbdefault\u00bb global_colors_info=\u00bb{}\u00bb][et_pb_column type=\u00bb4_4&#8243; _builder_version=\u00bb4.16&#8243; _module_preset=\u00bbdefault\u00bb global_colors_info=\u00bb{}\u00bb][et_pb_button button_url=\u00bbhttps:\/\/ssl.bcdtravel.es\/events-booking\/?ebfopp=e2Zyb250T2ZmaWNlU3RhdGU9MSwgY29kRXZlbnRvPTg0MX0=\u00bb url_new_window=\u00bbon\u00bb button_text=\u00bb Haga clic aqu\u00ed para inscribirse\u00bb module_class=\u00bbboton-registro\u00bb _builder_version=\u00bb4.16&#8243; _module_preset=\u00bbdefault\u00bb custom_button=\u00bbon\u00bb button_text_size=\u00bb18px\u00bb button_text_color=\u00bb#FFFFFF\u00bb button_font=\u00bbSaira Condensed||||||||\u00bb button_icon=\u00bb&#x6c;||divi||400&#8243; button_icon_color=\u00bb#FFFFFF\u00bb button_icon_placement=\u00bbleft\u00bb button_on_hover=\u00bboff\u00bb global_colors_info=\u00bb{}\u00bb][\/et_pb_button][et_pb_text _builder_version=\u00bb4.16&#8243; _module_preset=\u00bbdefault\u00bb global_colors_info=\u00bb{}\u00bb]<\/p>\n<p>Para informaci\u00f3n adicional relativa a inscripci\u00f3n, viaje, actividades sociales, etc. dirigirse a:<\/p>\n<p><strong>BCD Meetings and Events<\/strong><br \/>Att\/ Ana Garc\u00eda Ramos<br \/>Tel.: +34 963955506<br \/>E-mail: <a href=\"mailto:eventos.vlc@bcdme.es\">eventos.vlc@bcdme.es<\/a><br \/>Inscripciones: <a href=\"https:\/\/ssl.bcdtravel.es\/events-booking\/?ebfopp=e2Zyb250T2ZmaWNlU3RhdGU9MSwgY29kRXZlbnRvPTg0MX0=\" target=\"_blank\" rel=\"noopener\">Haga clic aqu\u00ed para inscribirse<\/a><\/p>\n<p>Para informaci\u00f3n adicional sobre el congreso dirigirse a:<\/p>\n<p><strong>Ana Ram\u00f3n Sierra<\/strong>, Coordinadora del Congreso<br \/>CIRIEC-Espa\u00f1a &#8211; Secretar\u00eda del Congreso<br \/>Facultad de Econom\u00eda<br \/>Avda. Los Naranjos, s\/n \u2013 Despacho 2P21<br \/>46022 Valencia<br \/>Tel.: +34 96 382 84 89<br \/>Fax: +34 96 382 84 92<br \/>E-mail: <a href=\"mailto:ciriec@uv.es\">ciriec@uv.es<\/a><\/p>\n<p>[\/et_pb_text][\/et_pb_column][\/et_pb_row][\/et_pb_section]<\/p>\n","protected":false},"excerpt":{"rendered":"<p>Noves din\u00e0miques mundials en l&#8217;era post-Covid: desafiaments per a [&hellip;]<\/p>\n","protected":false},"author":3,"featured_media":0,"parent":0,"menu_order":0,"comment_status":"closed","ping_status":"closed","template":"","meta":{"_acf_changed":false,"_et_pb_use_builder":"on","_et_pb_old_content":"","_et_gb_content_width":"","footnotes":""},"class_list":["post-448","page","type-page","status-publish","hentry"],"acf":[],"_links":{"self":[{"href":"http:\/\/ciriec.es\/valencia2022\/wp-json\/wp\/v2\/pages\/448","targetHints":{"allow":["GET"]}}],"collection":[{"href":"http:\/\/ciriec.es\/valencia2022\/wp-json\/wp\/v2\/pages"}],"about":[{"href":"http:\/\/ciriec.es\/valencia2022\/wp-json\/wp\/v2\/types\/page"}],"author":[{"embeddable":true,"href":"http:\/\/ciriec.es\/valencia2022\/wp-json\/wp\/v2\/users\/3"}],"replies":[{"embeddable":true,"href":"http:\/\/ciriec.es\/valencia2022\/wp-json\/wp\/v2\/comments?post=448"}],"version-history":[{"count":37,"href":"http:\/\/ciriec.es\/valencia2022\/wp-json\/wp\/v2\/pages\/448\/revisions"}],"predecessor-version":[{"id":3346,"href":"http:\/\/ciriec.es\/valencia2022\/wp-json\/wp\/v2\/pages\/448\/revisions\/3346"}],"wp:attachment":[{"href":"http:\/\/ciriec.es\/valencia2022\/wp-json\/wp\/v2\/media?parent=448"}],"curies":[{"name":"wp","href":"https:\/\/api.w.org\/{rel}","templated":true}]}}