{"id":437,"date":"2022-01-04T19:49:35","date_gmt":"2022-01-04T17:49:35","guid":{"rendered":"http:\/\/www.ciriec.es\/valencia2022\/\/?page_id=437"},"modified":"2022-05-31T17:46:38","modified_gmt":"2022-05-31T15:46:38","slug":"communications-instructions","status":"publish","type":"page","link":"http:\/\/ciriec.es\/valencia2022\/fr\/communications-instructions\/","title":{"rendered":"Communications"},"content":{"rendered":"<p>[et_pb_section fb_built=\u00bb1&#8243; fullwidth=\u00bbon\u00bb _builder_version=\u00bb4.16&#8243; _module_preset=\u00bbdefault\u00bb global_colors_info=\u00bb{}\u00bb][et_pb_fullwidth_slider module_id=\u00bbheader-mini\u00bb _builder_version=\u00bb4.16&#8243; _module_preset=\u00bbdefault\u00bb height=\u00bb350px\u00bb global_colors_info=\u00bb{}\u00bb][et_pb_slide _builder_version=\u00bb4.16&#8243; _module_preset=\u00bbdefault\u00bb background_image=\u00bbhttp:\/\/www.ciriec.es\/valencia2022\/wp-content\/uploads\/header-mini.jpg\u00bb background_enable_image=\u00bbon\u00bb background_position=\u00bbtop_center\u00bb global_colors_info=\u00bb{}\u00bb sticky_transition=\u00bbon\u00bb][\/et_pb_slide][\/et_pb_fullwidth_slider][\/et_pb_section][et_pb_section fb_built=\u00bb1&#8243; admin_label=\u00bbLOGOS\u00bb module_id=\u00bbcomunicaciones\u00bb module_class=\u00bbseccion\u00bb _builder_version=\u00bb4.16&#8243; background_enable_color=\u00bboff\u00bb global_colors_info=\u00bb{}\u00bb][et_pb_row _builder_version=\u00bb4.16&#8243; _module_preset=\u00bbdefault\u00bb global_colors_info=\u00bb{}\u00bb][et_pb_column type=\u00bb4_4&#8243; _builder_version=\u00bb4.16&#8243; _module_preset=\u00bbdefault\u00bb global_colors_info=\u00bb{}\u00bb][et_pb_post_title meta=\u00bboff\u00bb featured_image=\u00bboff\u00bb module_class=\u00bbtit-pagina\u00bb _builder_version=\u00bb4.16&#8243; _module_preset=\u00bbdefault\u00bb global_colors_info=\u00bb{}\u00bb][\/et_pb_post_title][et_pb_text _builder_version=\u00bb4.16&#8243; _module_preset=\u00bbdefault\u00bb global_colors_info=\u00bb{}\u00bb]<\/p>\n<p>Les organisateurs invitent les chercheurs universitaires et issus de centres de recherche sp\u00e9cialis\u00e9s \u00e0 participer au congr\u00e8s en proposant des r\u00e9sum\u00e9s de communications dans le cadre du th\u00e8me g\u00e9n\u00e9ral et des sous th\u00e8mes du congr\u00e8s.<\/p>\n<ol>\n<li>Nouvelles dynamiques mondiales de l&#8217;\u00e9conomie publique et de l&#8217;\u00e9conomie sociale \u00e0 l&#8217;\u00e8re post-Covid<\/li>\n<li>Etayer les fondements de l&#8217;\u00c9tat-Providence : services sociaux et de sant\u00e9, emploi et pensions<\/li>\n<li>Le nouvel \u00c9tat entrepreneurial et les nouveaux modes de gouvernance<\/li>\n<li>Co-construction du d\u00e9veloppement local et territorial : am\u00e9nagement urbain, d\u00e9peuplement, logement et mobilit\u00e9 durable<\/li>\n<li>Transition \u00e9cologique juste et \u00e9conomie circulaire<\/li>\n<li>De nouveaux partenariats entre l&#8217;\u00e9conomie publique et l\u2019\u00e9conomie sociale et de nouvelles politiques publiques<\/li>\n<li>L&#8217;\u00e9conomie sociale et l&#8217;\u00e9conomie publique face \u00e0 l&#8217;accroissement des in\u00e9galit\u00e9s<\/li>\n<li>Services publics essentiels : \u00e9nergie, transport et eau<\/li>\n<li>Innovations et syst\u00e8mes d&#8217;innovation de l&#8217;\u00e9conomie publique, sociale et coop\u00e9rative<\/li>\n<li>Changements organisationnels et actions de l&#8217;\u00e9conomie sociale et de l&#8217;\u00e9conomie publique \u00e0 l&#8217;\u00e8re de la transition num\u00e9rique<\/li>\n<\/ol>\n<h3>R\u00e9sum\u00e9s<\/h3>\n<p><b>La date limite de soumission des r\u00e9sum\u00e9s \u00e9tait le 14 f\u00e9vrier 2022.<\/b><\/p>\n<h3>Acceptation des propositions de communication<\/h3>\n<p>Le Secr\u00e9tariat du Congr\u00e8s, apr\u00e8s \u00e9valuation, a envoy\u00e9 des lettres d&#8217;acceptation provisoire ainsi que des lettres de non-acceptation \u00e0 toutes les propositions de communication soumises pour ce 33e Congr\u00e8s. L&#8217;acceptation d\u00e9finitive est conditionn\u00e9e par l&#8217;inscription effective d&#8217;au moins un des auteurs au Congr\u00e8s. Les auteurs qui veulent faire valoir un article accept\u00e9 et qui ne participent pas au congr\u00e8s doivent payer un droit de 100 euros chacun. <a href=\"http:\/\/ciriec.es\/valencia2022\/wp-content\/uploads\/carta_aceptacion_FR.pdf\">En savoir plus sur la acceptation des propositions de communication<\/a><\/p>\n<h3>Soumissions des textes complets<strong>\u00a0<\/strong><\/h3>\n<p>La date limite de soumission des textes int\u00e9graux pour la publication est le <strong>20 avril 2022<\/strong>. La publication des articles re\u00e7us apr\u00e8s cette date ne sera pas garantie.\u00a0Les communications des chercheurs qui ne sont pas d\u00fbment inscrits ne seront pas accept\u00e9es. Acceptation des Propositions de Communications<\/p>\n<h3>Inscriptions<\/h3>\n<p>Tous les participants doivent s&#8217;inscrire au congr\u00e8s.\u00a0L&#8217;inscription doit \u00eatre effectu\u00e9e via le site internet du congr\u00e8s.<\/p>\n<h3>Langues du congr\u00e8s<\/h3>\n<p>Les langues du Congr\u00e8s sont l&#8217;anglais, le fran\u00e7ais, l&#8217;allemand et l&#8217;espagnol.<\/p>\n<h3>Dates importantes pour la pr\u00e9sentation des communications<\/h3>\n<ul>\n<li><strong>14\/02\/22<\/strong> Date limite pour la soumission des propositions de r\u00e9sum\u00e9s<\/li>\n<li><strong>01\/03\/22<\/strong> Notification d\u2019acceptation des propositions de r\u00e9sum\u00e9s<\/li>\n<li><strong>20\/04\/22<\/strong> Date limite de d\u00e9p\u00f4t des textes complets pour publication<\/li>\n<li><strong>30\/04\/22<\/strong> Date limite d&#8217;inscription \u00e0 prix r\u00e9duit<\/li>\n<li><strong>13\/06\/22<\/strong> D\u00e9but du Congr\u00e8s<\/li>\n<\/ul>\n<h3>Informations suppl\u00e9mentaires<\/h3>\n<p>Pour toute information additionnelle relative \u00e0 l\u2019inscription, \u00e0 votre s\u00e9jour, aux activit\u00e9s sociales, etc. veuillez vous adresser \u00e0 :<\/p>\n<p><strong>BCD Meetings and Events<br \/><\/strong>Att\/ Ana Garc\u00eda Ramos<br \/>T\u00e9l: +34 963955506<br \/>E-mail : <a href=\"mailto:eventos.vlc@bcdme.es\">eventos.vlc@bcdme.es<\/a><\/p>\n<p>Pour toute information additionnelle sur le congr\u00e8s s\u2019adresser \u00e0\u00a0:<\/p>\n<p><strong>Ana Ram\u00f3n Sierra<\/strong>, Coordonnatrice du Congr\u00e8s<br \/>CIRIEC-Espa\u00f1a &#8211; Secr\u00e9tariat du Congr\u00e8s<br \/>Facultad de Econom\u00eda<br \/>Avda. Los Naranjos, s\/n \u2013 Despacho 2P21<br \/>46022\u00a0 Valencia ESPAGNE<br \/>T\u00e9l. : +34 96 382 84 89<br \/>Fax : +34 96 382 84 92<br \/>E-mail:\u00a0<a href=\"mailto:ciriec@uv.es\">ciriec@uv.es<\/a><\/p>\n<p>[\/et_pb_text][\/et_pb_column][\/et_pb_row][\/et_pb_section]<\/p>\n","protected":false},"excerpt":{"rendered":"<p>Noves din\u00e0miques mundials en l&#8217;era post-Covid: desafiaments per a l&#8217;economia p\u00fablica, [&hellip;]<\/p>\n","protected":false},"author":3,"featured_media":0,"parent":0,"menu_order":0,"comment_status":"closed","ping_status":"closed","template":"","meta":{"_acf_changed":false,"_et_pb_use_builder":"on","_et_pb_old_content":"","_et_gb_content_width":"","footnotes":""},"class_list":["post-437","page","type-page","status-publish","hentry"],"acf":[],"_links":{"self":[{"href":"http:\/\/ciriec.es\/valencia2022\/wp-json\/wp\/v2\/pages\/437","targetHints":{"allow":["GET"]}}],"collection":[{"href":"http:\/\/ciriec.es\/valencia2022\/wp-json\/wp\/v2\/pages"}],"about":[{"href":"http:\/\/ciriec.es\/valencia2022\/wp-json\/wp\/v2\/types\/page"}],"author":[{"embeddable":true,"href":"http:\/\/ciriec.es\/valencia2022\/wp-json\/wp\/v2\/users\/3"}],"replies":[{"embeddable":true,"href":"http:\/\/ciriec.es\/valencia2022\/wp-json\/wp\/v2\/comments?post=437"}],"version-history":[{"count":16,"href":"http:\/\/ciriec.es\/valencia2022\/wp-json\/wp\/v2\/pages\/437\/revisions"}],"predecessor-version":[{"id":3323,"href":"http:\/\/ciriec.es\/valencia2022\/wp-json\/wp\/v2\/pages\/437\/revisions\/3323"}],"wp:attachment":[{"href":"http:\/\/ciriec.es\/valencia2022\/wp-json\/wp\/v2\/media?parent=437"}],"curies":[{"name":"wp","href":"https:\/\/api.w.org\/{rel}","templated":true}]}}