{"id":433,"date":"2022-01-04T19:49:35","date_gmt":"2022-01-04T17:49:35","guid":{"rendered":"http:\/\/www.ciriec.es\/valencia2022\/\/?page_id=433"},"modified":"2022-05-31T17:48:10","modified_gmt":"2022-05-31T15:48:10","slug":"comunicacions-instruccions","status":"publish","type":"page","link":"http:\/\/ciriec.es\/valencia2022\/ca\/comunicacions-instruccions\/","title":{"rendered":"Comunicacions"},"content":{"rendered":"<p>[et_pb_section fb_built=\u00bb1&#8243; fullwidth=\u00bbon\u00bb _builder_version=\u00bb4.16&#8243; _module_preset=\u00bbdefault\u00bb global_colors_info=\u00bb{}\u00bb][et_pb_fullwidth_slider module_id=\u00bbheader-mini\u00bb _builder_version=\u00bb4.16&#8243; _module_preset=\u00bbdefault\u00bb height=\u00bb350px\u00bb global_colors_info=\u00bb{}\u00bb][et_pb_slide _builder_version=\u00bb4.16&#8243; _module_preset=\u00bbdefault\u00bb background_image=\u00bbhttp:\/\/www.ciriec.es\/valencia2022\/wp-content\/uploads\/header-mini.jpg\u00bb background_enable_image=\u00bbon\u00bb background_position=\u00bbtop_center\u00bb global_colors_info=\u00bb{}\u00bb sticky_transition=\u00bbon\u00bb][\/et_pb_slide][\/et_pb_fullwidth_slider][\/et_pb_section][et_pb_section fb_built=\u00bb1&#8243; admin_label=\u00bbACERCA DE\u00bb module_id=\u00bbcomunicaciones\u00bb module_class=\u00bbseccion\u00bb _builder_version=\u00bb4.16&#8243; background_enable_color=\u00bboff\u00bb global_colors_info=\u00bb{}\u00bb][et_pb_row _builder_version=\u00bb4.16&#8243; _module_preset=\u00bbdefault\u00bb global_colors_info=\u00bb{}\u00bb][et_pb_column type=\u00bb4_4&#8243; _builder_version=\u00bb4.16&#8243; _module_preset=\u00bbdefault\u00bb global_colors_info=\u00bb{}\u00bb][et_pb_post_title meta=\u00bboff\u00bb featured_image=\u00bboff\u00bb module_class=\u00bbtit-pagina\u00bb _builder_version=\u00bb4.16&#8243; _module_preset=\u00bbdefault\u00bb global_colors_info=\u00bb{}\u00bb][\/et_pb_post_title][et_pb_text _builder_version=\u00bb4.16&#8243; _module_preset=\u00bbdefault\u00bb global_colors_info=\u00bb{}\u00bb]<\/p>\n<p>Els organitzadors conviden als investigadors universitaris i de centres d&#8217;investigaci\u00f3 especialitzats a participar en el congr\u00e9s presentant propostes de resums emmarcades en el tema general i camps tem\u00e0tics de l&#8217;esdeveniment:<\/p>\n<ol>\n<li>Noves din\u00e0miques mundials de l&#8217;economia p\u00fablica i l&#8217;economia social en l&#8217;era post-Covid<\/li>\n<li>Apuntalar l&#8217;estat de benestar: serveis socials i de salut, ocupaci\u00f3 i pensions.<\/li>\n<li>El nou estat emprenedor i els nous models de governan\u00e7a<\/li>\n<li>Co-construcci\u00f3 del desenvolupament local i territorial: desenvolupament urb\u00e0, despoblaci\u00f3, habitatge i mobilitat sostenible<\/li>\n<li>Transici\u00f3 ecol\u00f2gica justa i economia circular<\/li>\n<li>Nous partenariats entre l&#8217;economia p\u00fablica i l&#8217;economia social i noves pol\u00edtiques p\u00fabliques<\/li>\n<li>L&#8217;economia social i l&#8217;economia p\u00fablica davant el creixement de les desigualtats<\/li>\n<li>Serveis p\u00fablics essencials: energia, transport i aigua<\/li>\n<li>Innovacions i sistemes d&#8217;innovaci\u00f3 de l&#8217;economia p\u00fablica, social i cooperativa<\/li>\n<li>Canvis organitzatius i d&#8217;actuaci\u00f3 de l&#8217;economia social i l&#8217;economia p\u00fablica en l&#8217;era de la transici\u00f3 digital<\/li>\n<\/ol>\n<h3>Resums<\/h3>\n<p><strong>El termini per a la remissi\u00f3 de resums va finalitzar el 14 de febrer de 2022<\/strong><\/p>\n<h3>Comunicacions acceptades<\/h3>\n<p>Des del Secretariat del Congr\u00e9s, despr\u00e9s de la seua avaluaci\u00f3, s&#8217;han rem\u00e9s cartes d&#8217;acceptaci\u00f3 provisional aix\u00ed com cartes de no acceptaci\u00f3 a totes les propostes de comunicaci\u00f3 que ens han sigut remeses per a aquest 33 Congr\u00e9s. L&#8217;acceptaci\u00f3 definitiva est\u00e0 condicionada a l&#8217;efectiva inscripci\u00f3 en el Congr\u00e9s d&#8217;almenys un dels autors. Es recorda que els autors que signen una comunicaci\u00f3 acceptada i no assistisquen al Congr\u00e9s han d&#8217;abonar una quota cadascun de 100 euros. <a href=\"http:\/\/ciriec.es\/valencia2022\/wp-content\/uploads\/carta_aceptacion_VAL.pdf\">M\u00e9s informaci\u00f3 sobre les propostes de comunicaci\u00f3 acceptades<\/a><\/p>\n<h3>Remissi\u00f3 dels textos complets<strong>\u00a0<\/strong><\/h3>\n<p>La data per a la remissi\u00f3 dels textos complets de les comunicacions per a la seua publicaci\u00f3 \u00e9s el <strong>20 abril 2022<\/strong>. No est\u00e0 garantida la publicaci\u00f3 de les comunicacions rebudes amb posterioritat a aqueixa data.\u00a0No s&#8217;acceptaran comunicacions d&#8217;investigadors que no es troben degudament inscrits.<\/p>\n<h3>Inscripcions<\/h3>\n<p>Tots els congressistes han d&#8217;inscriure&#8217;s al congr\u00e9s.\u00a0La inscripci\u00f3 ha de tramitar-se a trav\u00e9s de la p\u00e0gina web del Congr\u00e9s.<\/p>\n<h3>Idiomes oficials del Congr\u00e9s<\/h3>\n<p>Els idiomes oficials del Congr\u00e9s s\u00f3n l&#8217;Angl\u00e9s , Franc\u00e9s, Alemany i Espa\u00f1ol.<\/p>\n<h3>Dates importants per a la presentaci\u00f3 de comunicacions<\/h3>\n<ul>\n<li><strong>14\/02\/22<\/strong> Data l\u00edmit per a la presentaci\u00f3 de propostes de resums<\/li>\n<li><strong>01\/03\/22<\/strong> Notificaci\u00f3 d&#8217;acceptaci\u00f3 de propostes de resums<\/li>\n<li><strong>20\/04\/22<\/strong> Data l\u00edmit per a la remissi\u00f3 dels textos complets per a la seua publicaci\u00f3<\/li>\n<li><strong>30\/04\/22<\/strong> Data l\u00edmit per a inscriure&#8217;s amb descompte<\/li>\n<li><strong>13\/06\/22<\/strong> Inici del Congr\u00e9s<\/li>\n<\/ul>\n<h3>M\u00e9s informaci\u00f3<\/h3>\n<p>Per a informaci\u00f3 addicional relativa a inscripci\u00f3, viatge, activitats socials, etc. dirigir-se a:<\/p>\n<p><strong>BCD Meetings and Events<\/strong><br \/>Att\/ Ana Garc\u00eda Ramos<br \/>Tlf: +34 963955506<br \/>E-mail: <a href=\"mailto:eventos.vlc@bcdme.es\">eventos.vlc@bcdme.es<\/a><\/p>\n<p>Per a informaci\u00f3 addicional sobre el congr\u00e9s dirigir-se a:<\/p>\n<p><strong>Ana Ram\u00f3n Sierra<\/strong>, Coordinadora del Congr\u00e9s<br \/>CIRIEC-Espa\u00f1a &#8211; Secretaria del Congr\u00e9s<br \/>Facultat d&#8217;Economia<br \/>Avda. Els Tarongers, s\/n \u2013 Despatx 2P21<br \/>46022 Val\u00e8ncia<br \/>Telf: +34 96 382 84 89<br \/>Fax: +34 96 382 84 92<br \/>E-mail: <a href=\"mailto:ciriec@uv.es\">ciriec@uv.es<\/a><\/p>\n<p>[\/et_pb_text][\/et_pb_column][\/et_pb_row][\/et_pb_section]<\/p>\n","protected":false},"excerpt":{"rendered":"<p>Noves din\u00e0miques mundials en l&#8217;era post-Covid: desafiaments per a [&hellip;]<\/p>\n","protected":false},"author":3,"featured_media":0,"parent":0,"menu_order":0,"comment_status":"closed","ping_status":"closed","template":"","meta":{"_acf_changed":false,"_et_pb_use_builder":"on","_et_pb_old_content":"","_et_gb_content_width":"","footnotes":""},"class_list":["post-433","page","type-page","status-publish","hentry"],"acf":[],"_links":{"self":[{"href":"http:\/\/ciriec.es\/valencia2022\/wp-json\/wp\/v2\/pages\/433","targetHints":{"allow":["GET"]}}],"collection":[{"href":"http:\/\/ciriec.es\/valencia2022\/wp-json\/wp\/v2\/pages"}],"about":[{"href":"http:\/\/ciriec.es\/valencia2022\/wp-json\/wp\/v2\/types\/page"}],"author":[{"embeddable":true,"href":"http:\/\/ciriec.es\/valencia2022\/wp-json\/wp\/v2\/users\/3"}],"replies":[{"embeddable":true,"href":"http:\/\/ciriec.es\/valencia2022\/wp-json\/wp\/v2\/comments?post=433"}],"version-history":[{"count":13,"href":"http:\/\/ciriec.es\/valencia2022\/wp-json\/wp\/v2\/pages\/433\/revisions"}],"predecessor-version":[{"id":3329,"href":"http:\/\/ciriec.es\/valencia2022\/wp-json\/wp\/v2\/pages\/433\/revisions\/3329"}],"wp:attachment":[{"href":"http:\/\/ciriec.es\/valencia2022\/wp-json\/wp\/v2\/media?parent=433"}],"curies":[{"name":"wp","href":"https:\/\/api.w.org\/{rel}","templated":true}]}}