{"id":431,"date":"2022-01-04T19:49:35","date_gmt":"2022-01-04T17:49:35","guid":{"rendered":"http:\/\/www.ciriec.es\/valencia2022\/\/?page_id=431"},"modified":"2022-06-08T09:21:14","modified_gmt":"2022-06-08T07:21:14","slug":"comunicaciones-instrucciones","status":"publish","type":"page","link":"http:\/\/ciriec.es\/valencia2022\/es\/comunicaciones-instrucciones\/","title":{"rendered":"Comunicaciones"},"content":{"rendered":"<p>[et_pb_section fb_built=\u00bb1&#8243; fullwidth=\u00bbon\u00bb _builder_version=\u00bb4.16&#8243; _module_preset=\u00bbdefault\u00bb global_colors_info=\u00bb{}\u00bb][et_pb_fullwidth_slider module_id=\u00bbheader-mini\u00bb _builder_version=\u00bb4.17.0&#8243; _module_preset=\u00bbdefault\u00bb height=\u00bb350px\u00bb global_colors_info=\u00bb{}\u00bb][et_pb_slide _builder_version=\u00bb4.17.0&#8243; _module_preset=\u00bbdefault\u00bb background_image=\u00bbhttp:\/\/www.ciriec.es\/valencia2022\/wp-content\/uploads\/header-mini.jpg\u00bb background_enable_image=\u00bbon\u00bb background_position=\u00bbtop_center\u00bb global_colors_info=\u00bb{}\u00bb sticky_transition=\u00bbon\u00bb][\/et_pb_slide][\/et_pb_fullwidth_slider][\/et_pb_section][et_pb_section fb_built=\u00bb1&#8243; admin_label=\u00bbLOGOS\u00bb module_id=\u00bbcomunicaciones\u00bb module_class=\u00bbseccion\u00bb _builder_version=\u00bb4.16&#8243; background_enable_color=\u00bboff\u00bb global_colors_info=\u00bb{}\u00bb][et_pb_row _builder_version=\u00bb4.16&#8243; _module_preset=\u00bbdefault\u00bb global_colors_info=\u00bb{}\u00bb][et_pb_column type=\u00bb4_4&#8243; _builder_version=\u00bb4.16&#8243; _module_preset=\u00bbdefault\u00bb global_colors_info=\u00bb{}\u00bb][et_pb_post_title meta=\u00bboff\u00bb featured_image=\u00bboff\u00bb module_class=\u00bbtit-pagina\u00bb _builder_version=\u00bb4.16&#8243; _module_preset=\u00bbdefault\u00bb global_colors_info=\u00bb{}\u00bb][\/et_pb_post_title][et_pb_text _builder_version=\u00bb4.17.4&#8243; _module_preset=\u00bbdefault\u00bb hover_enabled=\u00bb0&#8243; global_colors_info=\u00bb{}\u00bb sticky_enabled=\u00bb0&#8243;]<\/p>\n<p>Los organizadores invitan a los investigadores universitarios y de centros de investigaci\u00f3n especializados a participar en el congreso presentando propuestas de res\u00famenes enmarcadas en el tema general y campos tem\u00e1ticos del evento:<\/p>\n<ol>\n<li>Nuevas din\u00e1micas mundiales de la econom\u00eda p\u00fablica y la econom\u00eda social en la era post-Covid<\/li>\n<li>Apuntalar el estado de bienestar: servicios sociales y de salud, empleo y pensiones.<\/li>\n<li>El nuevo estado emprendedor y los nuevos modelos de gobernanza<\/li>\n<li>Co-construcci\u00f3n del desarrollo local y territorial: desarrollo urbano, despoblaci\u00f3n, vivienda y movilidad sostenible<\/li>\n<li>Transici\u00f3n ecol\u00f3gica justa y econom\u00eda circular<\/li>\n<li>Nuevos partenariados entre la econom\u00eda p\u00fablica y la econom\u00eda social y nuevas pol\u00edticas p\u00fablicas<\/li>\n<li>La econom\u00eda social y la econom\u00eda p\u00fablica ante el crecimiento de las desigualdades<\/li>\n<li>Servicios p\u00fablicos esenciales: energ\u00eda, transporte y agua<\/li>\n<li>Innovaciones y sistemas de innovaci\u00f3n de la econom\u00eda p\u00fablica, social y cooperativa<\/li>\n<li>Cambios organizativos y de actuaci\u00f3n de la econom\u00eda social y la econom\u00eda p\u00fablica en la era de la transici\u00f3n digital<\/li>\n<\/ol>\n<h3>Res\u00famenes<\/h3>\n<p><strong>El plazo para la remisi\u00f3n de res\u00famenes finaliz\u00f3 el 14 de febrero de 2022<\/strong>.<\/p>\n<h3>Comunicaciones aceptadas<\/h3>\n<p>Desde el Secretariado del Congreso, tras su evaluaci\u00f3n, se han remitido cartas de aceptaci\u00f3n provisional as\u00ed como cartas de no aceptaci\u00f3n a todas las propuestas de comunicaci\u00f3n que han sido remitidas para el 33 Congreso. La aceptaci\u00f3n definitiva est\u00e1 condicionada a la efectiva inscripci\u00f3n en el Congreso de al menos uno de los autores. Se recuerda que los autores que firmen una comunicaci\u00f3n aceptada y no asistan al Congreso deben abonar una cuota cada uno de 100 euros. <a href=\"http:\/\/ciriec.es\/valencia2022\/wp-content\/uploads\/carta_aceptacion.pdf\">M\u00e1s informaci\u00f3n sobre las propuestas de comunicaciones aceptadas.<\/a><\/p>\n<h3>Remisi\u00f3n de los textos completos<\/h3>\n<p>La fecha para la remisi\u00f3n de los textos completos de las comunicaciones para su publicaci\u00f3n es el <strong>20 abril 2022<\/strong>. No est\u00e1 garantizada la publicaci\u00f3n de las comunicaciones recibidas con posterioridad a esa fecha.\u00a0No se aceptar\u00e1n comunicaciones de investigadores que no se hallen debidamente inscritos.<\/p>\n<h3>Inscripciones<\/h3>\n<p>Todos los congresistas deben inscribirse al congreso.\u00a0La inscripci\u00f3n debe tramitarse a trav\u00e9s de la p\u00e1gina web del Congreso.<\/p>\n<h3>Idiomas oficiales del Congreso<\/h3>\n<p>Los idiomas oficiales del Congreso son el Ingl\u00e9s, Franc\u00e9s, Alem\u00e1n y Espa\u00f1ol.<\/p>\n<h3>Resumen de Fechas importantes para la presentaci\u00f3n de comunicaciones<\/h3>\n<ul>\n<li><strong>14\/02\/22<\/strong> Fecha tope para la presentaci\u00f3n de propuestas de res\u00famenes<\/li>\n<li><strong>01\/03\/22<\/strong> Notificaci\u00f3n de aceptaci\u00f3n de propuestas de res\u00famenes<\/li>\n<li><strong>20\/04\/22<\/strong> Fecha tope para la remisi\u00f3n de los textos completos para su publicaci\u00f3n<\/li>\n<li><strong>30\/04\/22<\/strong> Fecha tope para inscribirse con descuento<\/li>\n<li><strong>13\/06\/22<\/strong> Inicio del Congreso<\/li>\n<\/ul>\n<h3>M\u00e1s informaci\u00f3n<\/h3>\n<p>Para informaci\u00f3n adicional relativa a inscripci\u00f3n, viaje, actividades sociales, etc. dirigirse a:<\/p>\n<p><strong>BCD Meetings and Events<br \/><\/strong>Att\/ Ana Garc\u00eda Ramos<br \/>Tel.: +34 963955506<br \/>E-mail: <a href=\"mailto:eventos.vlc@bcdme.es\">eventos.vlc@bcdme.es<\/a><\/p>\n<p>Para informaci\u00f3n adicional sobre el congreso dirigirse a:<\/p>\n<p><strong>Ana Ram\u00f3n Sierra<\/strong>, Coordinadora del Congreso<br \/>CIRIEC-Espa\u00f1a &#8211; Secretar\u00eda del Congreso<br \/>Facultad de Econom\u00eda<br \/>Avda. Los Naranjos, s\/n \u2013 Despacho 2P21<br \/>46022 Valencia<br \/>Telf: +34 96 382 84 89<br \/>Fax: +34 96 382 84 92<br \/>E-mail: <a href=\"mailto:ciriec@uv.es\">ciriec@uv.es<\/a><\/p>\n<p>[\/et_pb_text][\/et_pb_column][\/et_pb_row][\/et_pb_section]<\/p>\n","protected":false},"excerpt":{"rendered":"<p>Noves din\u00e0miques mundials en l&#8217;era post-Covid: desafiaments per a [&hellip;]<\/p>\n","protected":false},"author":3,"featured_media":0,"parent":0,"menu_order":0,"comment_status":"closed","ping_status":"closed","template":"","meta":{"_acf_changed":false,"_et_pb_use_builder":"on","_et_pb_old_content":"","_et_gb_content_width":"","footnotes":""},"class_list":["post-431","page","type-page","status-publish","hentry"],"acf":[],"_links":{"self":[{"href":"http:\/\/ciriec.es\/valencia2022\/wp-json\/wp\/v2\/pages\/431","targetHints":{"allow":["GET"]}}],"collection":[{"href":"http:\/\/ciriec.es\/valencia2022\/wp-json\/wp\/v2\/pages"}],"about":[{"href":"http:\/\/ciriec.es\/valencia2022\/wp-json\/wp\/v2\/types\/page"}],"author":[{"embeddable":true,"href":"http:\/\/ciriec.es\/valencia2022\/wp-json\/wp\/v2\/users\/3"}],"replies":[{"embeddable":true,"href":"http:\/\/ciriec.es\/valencia2022\/wp-json\/wp\/v2\/comments?post=431"}],"version-history":[{"count":16,"href":"http:\/\/ciriec.es\/valencia2022\/wp-json\/wp\/v2\/pages\/431\/revisions"}],"predecessor-version":[{"id":3720,"href":"http:\/\/ciriec.es\/valencia2022\/wp-json\/wp\/v2\/pages\/431\/revisions\/3720"}],"wp:attachment":[{"href":"http:\/\/ciriec.es\/valencia2022\/wp-json\/wp\/v2\/media?parent=431"}],"curies":[{"name":"wp","href":"https:\/\/api.w.org\/{rel}","templated":true}]}}