{"id":421,"date":"2022-01-04T19:46:37","date_gmt":"2022-01-04T17:46:37","guid":{"rendered":"http:\/\/www.ciriec.es\/valencia2022\/\/?page_id=421"},"modified":"2022-01-10T17:07:55","modified_gmt":"2022-01-10T15:07:55","slug":"sobre-el-congres","status":"publish","type":"page","link":"http:\/\/ciriec.es\/valencia2022\/ca\/presentacio\/sobre-el-congres\/","title":{"rendered":"Sobre el Congr\u00e9s"},"content":{"rendered":"<p>[et_pb_section fb_built=\u00bb1&#8243; fullwidth=\u00bbon\u00bb _builder_version=\u00bb4.14.4&#8243; _module_preset=\u00bbdefault\u00bb global_colors_info=\u00bb{}\u00bb theme_builder_area=\u00bbpost_content\u00bb][et_pb_fullwidth_slider module_id=\u00bbheader-mini\u00bb _builder_version=\u00bb4.14.4&#8243; _module_preset=\u00bbdefault\u00bb height=\u00bb350px\u00bb global_colors_info=\u00bb{}\u00bb theme_builder_area=\u00bbpost_content\u00bb][et_pb_slide _builder_version=\u00bb4.14.4&#8243; _module_preset=\u00bbdefault\u00bb background_image=\u00bbhttp:\/\/www.ciriec.es\/valencia2022\/wp-content\/uploads\/header-mini.jpg\u00bb background_enable_image=\u00bbon\u00bb background_position=\u00bbtop_center\u00bb global_colors_info=\u00bb{}\u00bb sticky_transition=\u00bbon\u00bb theme_builder_area=\u00bbpost_content\u00bb][\/et_pb_slide][\/et_pb_fullwidth_slider][\/et_pb_section][et_pb_section fb_built=\u00bb1&#8243; admin_label=\u00bbACERCA DE\u00bb module_id=\u00bbacerca-de\u00bb module_class=\u00bbseccion\u00bb _builder_version=\u00bb4.14.5&#8243; background_enable_color=\u00bboff\u00bb hover_enabled=\u00bb0&#8243; global_colors_info=\u00bb{}\u00bb theme_builder_area=\u00bbpost_content\u00bb sticky_enabled=\u00bb0&#8243;][et_pb_row _builder_version=\u00bb4.9.7&#8243; _module_preset=\u00bbdefault\u00bb global_colors_info=\u00bb{}\u00bb theme_builder_area=\u00bbpost_content\u00bb][et_pb_column type=\u00bb4_4&#8243; _builder_version=\u00bb4.9.7&#8243; _module_preset=\u00bbdefault\u00bb global_colors_info=\u00bb{}\u00bb theme_builder_area=\u00bbpost_content\u00bb][et_pb_post_title meta=\u00bboff\u00bb featured_image=\u00bboff\u00bb module_class=\u00bbtit-pagina\u00bb _builder_version=\u00bb4.14.4&#8243; _module_preset=\u00bbdefault\u00bb global_colors_info=\u00bb{}\u00bb theme_builder_area=\u00bbpost_content\u00bb][\/et_pb_post_title][et_pb_text _builder_version=\u00bb4.14.5&#8243; _module_preset=\u00bbdefault\u00bb theme_builder_area=\u00bbpost_content\u00bb hover_enabled=\u00bb0&#8243; sticky_enabled=\u00bb0&#8243;]<\/p>\n<p>Des de fa dos anys, el m\u00f3n s&#8217;enfronta a una profunda crisi lligada a la pand\u00e8mia del Covid i a l&#8217;acceleraci\u00f3 de din\u00e0miques tecno econ\u00f2miques, socials i mediambientals que comptaven ja amb recorregut. Tots dos fen\u00f2mens, pand\u00e8mia i grans din\u00e0miques, estan alterant de manera irreversible el m\u00f3n tal com el coneix\u00edem fa poc, generant uns impactes de dimensions in\u00e8dites fins hui. Les empreses p\u00fabliques, socials i cooperatives, amb els seus propis valors i missions, estan donant respostes, amb una gran c\u00e0rrega innovadora, a aquestes noves problem\u00e0tiques i desafiaments.<\/p>\n<p>Els treballs d&#8217;aquest 33 Congr\u00e9s del CIRIEC tenen un triple objectiu: en primer lloc, analitzar aquestes noves din\u00e0miques tecno econ\u00f2miques, socials i mediambientals des de la perspectiva de les oportunitats que confereix tant a l&#8217;economia p\u00fablica com a l&#8217;economia social. En segon lloc, pret\u00e9n analitzar l&#8217;impacte de la crisi de la Covid aix\u00ed com d&#8217;aquestes din\u00e0miques sobre l&#8217;economia social i sobre el sector p\u00fablic en general. El tercer objectiu del Congr\u00e9s \u00e9s analitzar les respostes concretes de les empreses p\u00fabliques, socials i cooperatives a la crisi soci sanit\u00e0ria i a aquestes grans din\u00e0miques, amb especial refer\u00e8ncia al nou impuls al paper de l&#8217;estat, tant de benestar com emprenedor, en aquesta nova era-Covid. \u00c0mbits com els serveis socials i de salut, l&#8217;ocupaci\u00f3, les pensions, el desenvolupament urb\u00e0, l&#8217;habitatge, la mobilitat sostenible, la despoblaci\u00f3, la transici\u00f3 ecol\u00f2gica, els serveis essencials d&#8217;aigua, energia i transport, aix\u00ed com la transici\u00f3 digital, seran abordats amb diferents pon\u00e8ncies i comunicacions en les diferents sessions del congr\u00e9s. Els nous models de governan\u00e7a, especialment els nous partenariats entre l&#8217;economia p\u00fablica i l&#8217;economia social, constituiran tamb\u00e9 \u00e0mbits centrals d&#8217;atenci\u00f3.<\/p>\n<h3>Temes del Congr\u00e9s<\/h3>\n<ol>\n<li>Noves din\u00e0miques mundials de l&#8217;economia p\u00fablica i l&#8217;economia social en l&#8217;era post-Covid<\/li>\n<li>Apuntalar l&#8217;estat de benestar: serveis socials i de salut, ocupaci\u00f3 i pensions.<\/li>\n<li>El nou estat emprenedor i els nous models de governan\u00e7a<\/li>\n<li>Co-construcci\u00f3 del desenvolupament local i territorial: desenvolupament urb\u00e0, despoblaci\u00f3, habitatge i mobilitat sostenible<\/li>\n<li>Transici\u00f3 ecol\u00f2gica justa i economia circular<\/li>\n<li>Nous partenariats entre l&#8217;economia p\u00fablica i l&#8217;economia social i noves pol\u00edtiques p\u00fabliques<\/li>\n<li>L&#8217;economia social i l&#8217;economia p\u00fablica davant el creixement de les desigualtats<\/li>\n<li>Serveis p\u00fablics essencials: energia, transport i aigua<\/li>\n<li>Innovacions i sistemes d&#8217;innovaci\u00f3 de l&#8217;economia p\u00fablica, social i cooperativa<\/li>\n<li>Canvis organitzatius i d&#8217;actuaci\u00f3 de l&#8217;economia social i l&#8217;economia p\u00fablica en l&#8217;era de la transici\u00f3 digital<\/li>\n<\/ol>\n<h3>Objectius del Congr\u00e9s i invitaci\u00f3 a participar<\/h3>\n<p>Els objectius del Congr\u00e9s del CIRIEC s\u00f3n:<\/p>\n<ol>\n<li>Reunir investigadors, responsables dels governs i professionals de l&#8217;Economia Social i del Sector P\u00fablic de diferents parts del m\u00f3n en un gran f\u00f2rum d&#8217;intercanvi d&#8217;informaci\u00f3, de reflexi\u00f3 i de plantejament de propostes.<\/li>\n<li>Fomentar la investigaci\u00f3 col\u00b7laborativa entre els investigadors, responsables de les administracions p\u00fabliques i professionals de l&#8217;Economia Social i l&#8217;Economia P\u00fablica.<\/li>\n<\/ol>\n<p><strong>Investigadors, professionals del sector i representants governamentals estan convidats a participar en el congr\u00e9s.<\/strong><\/p>\n<p>[\/et_pb_text][\/et_pb_column][\/et_pb_row][\/et_pb_section]<\/p>\n","protected":false},"excerpt":{"rendered":"<p>Noves din\u00e0miques mundials en l&#8217;era post-Covid: desafiaments per a [&hellip;]<\/p>\n","protected":false},"author":3,"featured_media":0,"parent":406,"menu_order":0,"comment_status":"closed","ping_status":"closed","template":"","meta":{"_acf_changed":false,"_et_pb_use_builder":"on","_et_pb_old_content":"","_et_gb_content_width":"","footnotes":""},"class_list":["post-421","page","type-page","status-publish","hentry"],"acf":[],"_links":{"self":[{"href":"http:\/\/ciriec.es\/valencia2022\/wp-json\/wp\/v2\/pages\/421","targetHints":{"allow":["GET"]}}],"collection":[{"href":"http:\/\/ciriec.es\/valencia2022\/wp-json\/wp\/v2\/pages"}],"about":[{"href":"http:\/\/ciriec.es\/valencia2022\/wp-json\/wp\/v2\/types\/page"}],"author":[{"embeddable":true,"href":"http:\/\/ciriec.es\/valencia2022\/wp-json\/wp\/v2\/users\/3"}],"replies":[{"embeddable":true,"href":"http:\/\/ciriec.es\/valencia2022\/wp-json\/wp\/v2\/comments?post=421"}],"version-history":[{"count":2,"href":"http:\/\/ciriec.es\/valencia2022\/wp-json\/wp\/v2\/pages\/421\/revisions"}],"predecessor-version":[{"id":822,"href":"http:\/\/ciriec.es\/valencia2022\/wp-json\/wp\/v2\/pages\/421\/revisions\/822"}],"up":[{"embeddable":true,"href":"http:\/\/ciriec.es\/valencia2022\/wp-json\/wp\/v2\/pages\/406"}],"wp:attachment":[{"href":"http:\/\/ciriec.es\/valencia2022\/wp-json\/wp\/v2\/media?parent=421"}],"curies":[{"name":"wp","href":"https:\/\/api.w.org\/{rel}","templated":true}]}}