{"id":414,"date":"2022-01-04T19:46:37","date_gmt":"2022-01-04T17:46:37","guid":{"rendered":"http:\/\/www.ciriec.es\/valencia2022\/\/?page_id=414"},"modified":"2022-04-27T17:03:09","modified_gmt":"2022-04-27T15:03:09","slug":"acerca-del-congreso","status":"publish","type":"page","link":"http:\/\/ciriec.es\/valencia2022\/es\/presentacion\/acerca-del-congreso\/","title":{"rendered":"Acerca del Congreso"},"content":{"rendered":"<p>[et_pb_section fb_built=\u00bb1&#8243; fullwidth=\u00bbon\u00bb _builder_version=\u00bb4.16&#8243; _module_preset=\u00bbdefault\u00bb global_colors_info=\u00bb{}\u00bb][et_pb_fullwidth_slider module_id=\u00bbheader-mini\u00bb _builder_version=\u00bb4.17.0&#8243; _module_preset=\u00bbdefault\u00bb height=\u00bb350px\u00bb hover_enabled=\u00bb0&#8243; global_colors_info=\u00bb{}\u00bb sticky_enabled=\u00bb0&#8243;][et_pb_slide _builder_version=\u00bb4.17.0&#8243; _module_preset=\u00bbdefault\u00bb background_image=\u00bbhttp:\/\/www.ciriec.es\/valencia2022\/wp-content\/uploads\/header-mini.jpg\u00bb background_enable_image=\u00bbon\u00bb background_position=\u00bbtop_center\u00bb hover_enabled=\u00bb0&#8243; global_colors_info=\u00bb{}\u00bb sticky_transition=\u00bbon\u00bb sticky_enabled=\u00bb0&#8243;]<\/p>\n<\/p>\n<p>[\/et_pb_slide][\/et_pb_fullwidth_slider][\/et_pb_section][et_pb_section fb_built=\u00bb1&#8243; admin_label=\u00bbLOGOS\u00bb module_id=\u00bbacerca-de\u00bb module_class=\u00bbseccion\u00bb _builder_version=\u00bb4.16&#8243; background_enable_color=\u00bboff\u00bb global_colors_info=\u00bb{}\u00bb][et_pb_row _builder_version=\u00bb4.16&#8243; _module_preset=\u00bbdefault\u00bb global_colors_info=\u00bb{}\u00bb][et_pb_column type=\u00bb4_4&#8243; _builder_version=\u00bb4.16&#8243; _module_preset=\u00bbdefault\u00bb global_colors_info=\u00bb{}\u00bb][et_pb_post_title meta=\u00bboff\u00bb featured_image=\u00bboff\u00bb module_class=\u00bbtit-pagina\u00bb _builder_version=\u00bb4.16&#8243; _module_preset=\u00bbdefault\u00bb global_colors_info=\u00bb{}\u00bb][\/et_pb_post_title][et_pb_text _builder_version=\u00bb4.16&#8243; _module_preset=\u00bbdefault\u00bb global_colors_info=\u00bb{}\u00bb]<\/p>\n<p>Desde hace dos a\u00f1os, el mundo se enfrenta a una profunda crisis ligada a la pandemia del Covid y a la aceleraci\u00f3n de din\u00e1micas tecno econ\u00f3micas, sociales y medioambientales que contaban ya con recorrido. Ambos fen\u00f3menos, pandemia y grandes din\u00e1micas, est\u00e1n alterando de modo irreversible el mundo tal y como lo conoc\u00edamos hace poco, generando unos impactos de dimensiones in\u00e9ditas hasta la fecha. Las empresas p\u00fablicas, sociales y cooperativas, con sus propios valores y misiones, est\u00e1n dando respuestas, con una gran carga innovadora, a estas nuevas problem\u00e1ticas y desaf\u00edos.<\/p>\n<p>Los trabajos de este 33 Congreso del CIRIEC tienen un triple objetivo: en primer lugar, analizar estas nuevas din\u00e1micas tecno econ\u00f3micas, sociales y medioambientales desde la perspectiva de las oportunidades que confiere tanto a la econom\u00eda p\u00fablica como a la econom\u00eda social. En segundo lugar, pretende analizar el impacto de la crisis de la Covid as\u00ed como de estas din\u00e1micas sobre la econom\u00eda social y sobre el sector p\u00fablico en general. El tercer objetivo del Congreso es analizar las respuestas concretas de las empresas p\u00fablicas, sociales y cooperativas a la crisis socio sanitaria y a estas grandes din\u00e1micas, con especial referencia al nuevo impulso al papel del estado, tanto de bienestar como emprendedor, en esta nueva era-Covid. \u00c1mbitos como los servicios sociales y de salud, el empleo, las pensiones, el desarrollo urbano, la vivienda, la movilidad sostenible, la despoblaci\u00f3n, la transici\u00f3n ecol\u00f3gica, los servicios esenciales de agua, energ\u00eda y transporte, as\u00ed como la transici\u00f3n digital, ser\u00e1n abordados con diferentes ponencias y comunicaciones en las diferentes sesiones del congreso. Los nuevos modelos de gobernanza, especialmente los nuevos partenariados entre la econom\u00eda p\u00fablica y la econom\u00eda social, constituir\u00e1n tambi\u00e9n \u00e1mbitos centrales de atenci\u00f3n.<\/p>\n<h3>Temas del Congreso<\/h3>\n<ol>\n<li>Nuevas din\u00e1micas mundiales de la econom\u00eda p\u00fablica y la econom\u00eda social en la era post-Covid<\/li>\n<li>Apuntalar el estado de bienestar: servicios sociales y de salud, empleo y pensiones.<\/li>\n<li>El nuevo estado emprendedor y los nuevos modelos de gobernanza<\/li>\n<li>Co-construcci\u00f3n del desarrollo local y territorial: desarrollo urbano, despoblaci\u00f3n, vivienda y movilidad sostenible<\/li>\n<li>Transici\u00f3n ecol\u00f3gica justa y econom\u00eda circular<\/li>\n<li>Nuevos partenariados entre la econom\u00eda p\u00fablica y la econom\u00eda social y nuevas pol\u00edticas p\u00fablicas<\/li>\n<li>La econom\u00eda social y la econom\u00eda p\u00fablica ante el crecimiento de las desigualdades<\/li>\n<li>Servicios p\u00fablicos esenciales: energ\u00eda, transporte y agua<\/li>\n<li>Innovaciones y sistemas de innovaci\u00f3n de la econom\u00eda p\u00fablica, social y cooperativa<\/li>\n<li>Cambios organizativos y de actuaci\u00f3n de la econom\u00eda social y la econom\u00eda p\u00fablica en la era de la transici\u00f3n digital<\/li>\n<\/ol>\n<h3>Objetivos del Congreso e invitaci\u00f3n a participar<\/h3>\n<p>Los objetivos del Congreso del CIRIEC son:<\/p>\n<ol>\n<li>Reunir a investigadores, responsables de los gobiernos y profesionales de la Econom\u00eda Social y del Sector P\u00fablico de diferentes partes del mundo en un gran foro de intercambio de informaci\u00f3n, de reflexi\u00f3n y de planteamiento de propuestas.<\/li>\n<li>Fomentar la investigaci\u00f3n colaborativa entre los investigadores, responsables de las administraciones p\u00fablicas y profesionales de la Econom\u00eda Social y la Econom\u00eda P\u00fablica.<\/li>\n<\/ol>\n<p><strong>Investigadores, profesionales del sector y representantes gubernamentales est\u00e1n invitados a participar en el congreso.<\/strong><\/p>\n<p>[\/et_pb_text][\/et_pb_column][\/et_pb_row][\/et_pb_section]<\/p>\n","protected":false},"excerpt":{"rendered":"<p> Noves din\u00e0miques [&hellip;]<\/p>\n","protected":false},"author":3,"featured_media":0,"parent":400,"menu_order":0,"comment_status":"closed","ping_status":"closed","template":"","meta":{"_acf_changed":false,"_et_pb_use_builder":"on","_et_pb_old_content":"","_et_gb_content_width":"","footnotes":""},"class_list":["post-414","page","type-page","status-publish","hentry"],"acf":[],"_links":{"self":[{"href":"http:\/\/ciriec.es\/valencia2022\/wp-json\/wp\/v2\/pages\/414","targetHints":{"allow":["GET"]}}],"collection":[{"href":"http:\/\/ciriec.es\/valencia2022\/wp-json\/wp\/v2\/pages"}],"about":[{"href":"http:\/\/ciriec.es\/valencia2022\/wp-json\/wp\/v2\/types\/page"}],"author":[{"embeddable":true,"href":"http:\/\/ciriec.es\/valencia2022\/wp-json\/wp\/v2\/users\/3"}],"replies":[{"embeddable":true,"href":"http:\/\/ciriec.es\/valencia2022\/wp-json\/wp\/v2\/comments?post=414"}],"version-history":[{"count":5,"href":"http:\/\/ciriec.es\/valencia2022\/wp-json\/wp\/v2\/pages\/414\/revisions"}],"predecessor-version":[{"id":2018,"href":"http:\/\/ciriec.es\/valencia2022\/wp-json\/wp\/v2\/pages\/414\/revisions\/2018"}],"up":[{"embeddable":true,"href":"http:\/\/ciriec.es\/valencia2022\/wp-json\/wp\/v2\/pages\/400"}],"wp:attachment":[{"href":"http:\/\/ciriec.es\/valencia2022\/wp-json\/wp\/v2\/media?parent=414"}],"curies":[{"name":"wp","href":"https:\/\/api.w.org\/{rel}","templated":true}]}}