{"id":408,"date":"2022-01-04T19:42:17","date_gmt":"2022-01-04T17:42:17","guid":{"rendered":"http:\/\/www.ciriec.es\/valencia2022\/\/?page_id=408"},"modified":"2023-11-07T17:10:49","modified_gmt":"2023-11-07T16:10:49","slug":"inicio","status":"publish","type":"page","link":"http:\/\/ciriec.es\/valencia2022\/es\/inicio\/","title":{"rendered":"Inicio"},"content":{"rendered":"<p>[et_pb_section fb_built=\u00bb1&#8243; fullwidth=\u00bbon\u00bb module_id=\u00bbheader-inicio\u00bb _builder_version=\u00bb4.16&#8243; _module_preset=\u00bbdefault\u00bb global_colors_info=\u00bb{}\u00bb][et_pb_fullwidth_slider _builder_version=\u00bb4.17.0&#8243; _module_preset=\u00bbdefault\u00bb min_height=\u00bb100%\u00bb height=\u00bb100%\u00bb max_height=\u00bb100%\u00bb auto=\u00bbon\u00bb auto_speed=\u00bb4000&#8243; auto_ignore_hover=\u00bbon\u00bb global_colors_info=\u00bb{}\u00bb][et_pb_slide _builder_version=\u00bb4.17.0&#8243; _module_preset=\u00bbdefault\u00bb background_image=\u00bbhttp:\/\/www.ciriec.es\/valencia2022\/wp-content\/uploads\/header-01.jpg\u00bb background_enable_image=\u00bbon\u00bb parallax=\u00bbon\u00bb global_colors_info=\u00bb{}\u00bb sticky_transition=\u00bbon\u00bb]<\/p>\n<h2>Nuevas din\u00e1micas mundiales en la era post-Covid: desaf\u00edos para la econom\u00eda p\u00fablica, social y cooperativa<\/h2>\n<p>[\/et_pb_slide][et_pb_slide _builder_version=\u00bb4.17.0&#8243; _module_preset=\u00bbdefault\u00bb background_image=\u00bbhttp:\/\/www.ciriec.es\/valencia2022\/wp-content\/uploads\/header-02.jpg\u00bb background_enable_image=\u00bbon\u00bb parallax=\u00bbon\u00bb global_colors_info=\u00bb{}\u00bb sticky_transition=\u00bbon\u00bb]<\/p>\n<h2>Nuevas din\u00e1micas mundiales en la era post-Covid: desaf\u00edos para la econom\u00eda p\u00fablica, social y cooperativa<\/h2>\n<p>[\/et_pb_slide][et_pb_slide _builder_version=\u00bb4.17.0&#8243; _module_preset=\u00bbdefault\u00bb background_image=\u00bbhttp:\/\/www.ciriec.es\/valencia2022\/wp-content\/uploads\/header-03.jpg\u00bb background_enable_image=\u00bbon\u00bb parallax=\u00bbon\u00bb global_colors_info=\u00bb{}\u00bb sticky_transition=\u00bbon\u00bb]<\/p>\n<h2>Nuevas din\u00e1micas mundiales en la era post-Covid: desaf\u00edos para la econom\u00eda p\u00fablica, social y cooperativa<\/h2>\n<p>[\/et_pb_slide][\/et_pb_fullwidth_slider][\/et_pb_section][et_pb_section fb_built=\u00bb1&#8243; admin_label=\u00bbPRESENTACI\u00d3N\u00bb module_id=\u00bbinicio-presentacion\u00bb module_class=\u00bbseccion\u00bb _builder_version=\u00bb4.16&#8243; background_enable_color=\u00bboff\u00bb global_colors_info=\u00bb{}\u00bb][et_pb_row _builder_version=\u00bb4.16&#8243; _module_preset=\u00bbdefault\u00bb global_colors_info=\u00bb{}\u00bb][et_pb_column type=\u00bb4_4&#8243; _builder_version=\u00bb4.16&#8243; _module_preset=\u00bbdefault\u00bb global_colors_info=\u00bb{}\u00bb][et_pb_text _builder_version=\u00bb4.17.4&#8243; _module_preset=\u00bbdefault\u00bb global_colors_info=\u00bb{}\u00bb]<\/p>\n<h2>Valencia,\u00a0capital mundial de la Econom\u00eda P\u00fablica, el Cooperativismo y la Econom\u00eda Social<\/h2>\n<p>Valencia fue los d\u00edas 13, 14 y 15 de junio de 2022 la capital mundial de la Econom\u00eda P\u00fablica, el Cooperativismo y la Econom\u00eda Social, con la celebraci\u00f3n del 33 Congreso Internacional del CIRIEC. El Congreso se celebr\u00f3 bajo el lema \u201c<strong>Nuevas din\u00e1micas mundiales en la era post-Covid: desaf\u00edos para la econom\u00eda p\u00fablica, social y cooperativa<\/strong>\u201d. Fueron tres d\u00edas muy especiales e intensos. Y un gran \u00e9xito, avalado por m\u00faltiples hitos: la participaci\u00f3n de un total de 1.217 congresistas e invitados de 33 pa\u00edses; 300 propuestas de comunicaci\u00f3n recibidas, de las que 184 fueron aceptadas y 132 se presentaron de modo presencial en 19 sesiones. Y dos \u2018keynote speakers\u2019 de m\u00e1ximo nivel, como son <strong>el premio Nobel de Econom\u00eda Paul Krugman<\/strong>, y <strong>la economista Mariana Mazzucato<\/strong>, ambos destacando el papel esencial que tiene y m\u00e1s que va a tener el cooperativismo y la econom\u00eda social en nuestras sociedades.<\/p>\n<p>[\/et_pb_text][\/et_pb_column][\/et_pb_row][\/et_pb_section][et_pb_section fb_built=\u00bb1&#8243; admin_label=\u00bbDESTACADOS\u00bb module_id=\u00bbinicio-destacados\u00bb module_class=\u00bbseccion\u00bb _builder_version=\u00bb4.16&#8243; background_color=\u00bb#f3f3f3&#8243; global_colors_info=\u00bb{}\u00bb][et_pb_row module_class=\u00bbactualidad-fila-titulo\u00bb _builder_version=\u00bb4.16&#8243; _module_preset=\u00bbdefault\u00bb global_colors_info=\u00bb{}\u00bb][et_pb_column type=\u00bb4_4&#8243; _builder_version=\u00bb4.16&#8243; _module_preset=\u00bbdefault\u00bb global_colors_info=\u00bb{}\u00bb][et_pb_text _builder_version=\u00bb4.16&#8243; _module_preset=\u00bbdefault\u00bb global_colors_info=\u00bb{}\u00bb]<\/p>\n<h2>Documentaci\u00f3n disponible del Congreso<\/h2>\n<p>[\/et_pb_text][\/et_pb_column][\/et_pb_row][et_pb_row column_structure=\u00bb1_4,1_4,1_4,1_4&#8243; admin_label=\u00bbPREPARA TU LLEGADA AL CONGRESO\u00bb module_class=\u00bbactualidad\u00bb _builder_version=\u00bb4.16&#8243; _module_preset=\u00bbdefault\u00bb global_colors_info=\u00bb{}\u00bb][et_pb_column type=\u00bb1_4&#8243; _builder_version=\u00bb4.16&#8243; _module_preset=\u00bbdefault\u00bb global_colors_info=\u00bb{}\u00bb][et_pb_code module_class=\u00bbdestacado01&#8243; _builder_version=\u00bb4.17.4&#8243; _module_preset=\u00bbdefault\u00bb global_colors_info=\u00bb{}\u00bb]<a class=\"destacado01\" href=\"http:\/\/ciriec.es\/valencia2022\/es\/comunicaciones-inicio\/\"><!-- [et_pb_line_break_holder] --><pee class='et-pb-icon'>i<\/pee><!-- [et_pb_line_break_holder] --><pee class=\"texto\"><!-- [et_pb_line_break_holder] -->  COMUNICACIONES PRESENTADAS<!-- [et_pb_line_break_holder] --><\/pee><!-- [et_pb_line_break_holder] --><\/a>[\/et_pb_code][\/et_pb_column][et_pb_column type=\u00bb1_4&#8243; _builder_version=\u00bb4.16&#8243; _module_preset=\u00bbdefault\u00bb global_colors_info=\u00bb{}\u00bb][et_pb_code module_class=\u00bbdestacado02&#8243; _builder_version=\u00bb4.17.4&#8243; _module_preset=\u00bbdefault\u00bb global_colors_info=\u00bb{}\u00bb]<a class=\"destacado02\" href=\"https:\/\/www.flickr.com\/photos\/195940605@N07\/albums\" target=\"blank\" rel=\"noopener\"><!-- [et_pb_line_break_holder] --><pee class='et-pb-icon'>\ue00f<\/pee><!-- [et_pb_line_break_holder] --><pee class=\"texto\"><!-- [et_pb_line_break_holder] -->  GALER\u00cdA FOTOGR\u00c1FICA<!-- [et_pb_line_break_holder] --><\/pee><!-- [et_pb_line_break_holder] --><\/a>[\/et_pb_code][\/et_pb_column][et_pb_column type=\u00bb1_4&#8243; _builder_version=\u00bb4.16&#8243; _module_preset=\u00bbdefault\u00bb global_colors_info=\u00bb{}\u00bb][et_pb_code module_class=\u00bbdestacado03&#8243; _builder_version=\u00bb4.17.4&#8243; _module_preset=\u00bbdefault\u00bb global_colors_info=\u00bb{}\u00bb]<a class=\"destacado03\" href=\"http:\/\/www.ciriec.es\/valencia2022\/wp-content\/uploads\/Guia_Congresista_CIRIEC_Valencia_2022.pdf\" target=\"blank\" rel=\"noopener\"><!-- [et_pb_line_break_holder] --><pee class='et-pb-icon'>\ue022<\/pee><!-- [et_pb_line_break_holder] --><pee class=\"texto\"><!-- [et_pb_line_break_holder] -->  GU\u00cdA DEL CONGRESISTA<!-- [et_pb_line_break_holder] --><\/pee><!-- [et_pb_line_break_holder] --><\/a>  [\/et_pb_code][\/et_pb_column][et_pb_column type=\u00bb1_4&#8243; _builder_version=\u00bb4.16&#8243; _module_preset=\u00bbdefault\u00bb global_colors_info=\u00bb{}\u00bb][et_pb_code module_class=\u00bbdestacado04&#8243; _builder_version=\u00bb4.17.4&#8243; _module_preset=\u00bbdefault\u00bb global_colors_info=\u00bb{}\u00bb]<a class=\"destacado04\" href=\"http:\/\/www.ciriec.es\/valencia2022\/wp-content\/uploads\/SocialMediaGuide_CIRIEC.pdf\" target=\"blank\" rel=\"noopener\"><!-- [et_pb_line_break_holder] --><pee class='et-pb-icon'>\ue002<\/pee><!-- [et_pb_line_break_holder] --><pee class=\"texto\"><!-- [et_pb_line_break_holder] -->SOCIAL MEDIA GUIDE<!-- [et_pb_line_break_holder] --><\/pee><!-- [et_pb_line_break_holder] --><\/a> [\/et_pb_code][\/et_pb_column][\/et_pb_row][\/et_pb_section][et_pb_section fb_built=\u00bb1&#8243; admin_label=\u00bbCONFERENCIA INAUGURAL\u00bb module_id=\u00bbinicio-conferencia\u00bb module_class=\u00bbseccion\u00bb _builder_version=\u00bb4.16&#8243; background_color=\u00bb#d5e8f5&#8243; global_colors_info=\u00bb{}\u00bb][et_pb_row _builder_version=\u00bb4.16&#8243; _module_preset=\u00bbdefault\u00bb global_colors_info=\u00bb{}\u00bb][et_pb_column type=\u00bb4_4&#8243; _builder_version=\u00bb4.16&#8243; _module_preset=\u00bbdefault\u00bb global_colors_info=\u00bb{}\u00bb][et_pb_text _builder_version=\u00bb4.17.4&#8243; _module_preset=\u00bbdefault\u00bb global_colors_info=\u00bb{}\u00bb]<\/p>\n<h2>La conferencia inaugural<img decoding=\"async\" src=\"http:\/\/www.ciriec.es\/valencia2022\/wp-content\/uploads\/conferencia-krugman.jpg\" alt=\"\" \/><\/h2>\n<p style=\"font-weight: 400;\">La conferencia inaugural, titulada \u2018<strong>Cooperar para un futuro mejor<\/strong>\u2019, corri\u00f3 a cargo de <strong>Paul Krugman<\/strong>. El premio Nobel de Econom\u00eda 2008 analiz\u00f3 la influencia de la econom\u00eda social en la reducci\u00f3n de las desigualdades y en el cambio clim\u00e1tico. Adem\u00e1s, repas\u00f3 el papel de la econom\u00eda p\u00fablica en aspectos tan relevantes como la respuesta a la pandemia de la covid-19. Cerca de 1.200 personas atendieron la conferencia, que congreg\u00f3 a directivos de empresas de econom\u00eda social, responsables del sector y las administraciones p\u00fablicas y profesores universitarios en el Auditorio del Palau de les Arts de Val\u00e8ncia.<\/p>\n<p>[\/et_pb_text][\/et_pb_column][\/et_pb_row][\/et_pb_section][et_pb_section fb_built=\u00bb1&#8243; admin_label=\u00bbLOGOS\u00bb module_id=\u00bbinicio-logos\u00bb module_class=\u00bbseccion\u00bb _builder_version=\u00bb4.16&#8243; background_color=\u00bb#f3f3f3&#8243; global_colors_info=\u00bb{}\u00bb][et_pb_row _builder_version=\u00bb4.16&#8243; _module_preset=\u00bbdefault\u00bb global_colors_info=\u00bb{}\u00bb][et_pb_column type=\u00bb4_4&#8243; _builder_version=\u00bb4.16&#8243; _module_preset=\u00bbdefault\u00bb global_colors_info=\u00bb{}\u00bb][et_pb_code admin_label=\u00bbORGANIZA\u00bb _builder_version=\u00bb4.16&#8243; _module_preset=\u00bbdefault\u00bb global_colors_info=\u00bb{}\u00bb]<\/p>\n<h4><!-- [et_pb_line_break_holder] -->  Un Congreso organizado por:<!-- [et_pb_line_break_holder] --><\/h4>\n<p><!-- [et_pb_line_break_holder] --><pee><!-- [et_pb_line_break_holder] -->  <a class=\"logo-ciriec-esp\" href=\"http:\/\/ciriec.es\/\" target=\"blank\" rel=\"noopener\"><img decoding=\"async\" src=\"http:\/\/www.ciriec.es\/valencia2022\/wp-content\/uploads\/logo-ciriec.png\" alt=\"\" \/><\/a><!-- [et_pb_line_break_holder] --><a class=\"logo-ciriec-int\" href=\"http:\/\/www.ciriec.uliege.be\/\" target=\"blank\" rel=\"noopener\"><img decoding=\"async\" src=\"http:\/\/www.ciriec.es\/valencia2022\/wp-content\/uploads\/logo-ciriec-internacional.png\" alt=\"\" \/><\/a><!-- [et_pb_line_break_holder] -->  <a class=\"logo-gva-educacio\" href=\"https:\/\/ceice.gva.es\/es\" target=\"blank\" rel=\"noopener\"><img decoding=\"async\" src=\"http:\/\/www.ciriec.es\/valencia2022\/wp-content\/uploads\/logo-gva-educacio.png\" alt=\"\" \/><\/a><!-- [et_pb_line_break_holder] --><\/pee>[\/et_pb_code][et_pb_code admin_label=\u00bbPATROCINA\u00bb _builder_version=\u00bb4.17.4&#8243; _module_preset=\u00bbdefault\u00bb global_colors_info=\u00bb{}\u00bb]<\/p>\n<h4 id=\"patrocinadores\"><!-- [et_pb_line_break_holder] -->  Con el patrocinio de:<!-- [et_pb_line_break_holder] --><\/h4>\n<p><!-- [et_pb_line_break_holder] --><pee><!-- [et_pb_line_break_holder] --><a class=\"logo-mta\" href=\"https:\/\/www.mites.gob.es\" target=\"blank\" rel=\"noopener\"><img decoding=\"async\" src=\"http:\/\/www.ciriec.es\/valencia2022\/wp-content\/uploads\/logo-ministerio-trabajo.png\" alt=\"\" \/><\/a><!-- [et_pb_line_break_holder] --><a class=\"logo-gva\" href=\"https:\/\/www.gva.es\/va\/inicio\/presentacion\" target=\"blank\" rel=\"noopener\"><img decoding=\"async\" src=\"http:\/\/www.ciriec.es\/valencia2022\/wp-content\/uploads\/logo-gva.png\" alt=\"\" \/><\/a><!-- [et_pb_line_break_holder] --><a class=\"logo-consum\" href=\"https:\/\/www.consum.es\" target=\"blank\" rel=\"noopener\"><img decoding=\"async\" src=\"http:\/\/www.ciriec.es\/valencia2022\/wp-content\/uploads\/logo-consum.png\" alt=\"\" \/><\/a><!-- [et_pb_line_break_holder] --><a class=\"logo-ayto\" href=\"https:\/\/www.valencia.es\" target=\"blank\" rel=\"noopener\"><img decoding=\"async\" src=\"http:\/\/www.ciriec.es\/valencia2022\/wp-content\/uploads\/logo-ayuntamiento.png\" alt=\"\" \/><\/a><!-- [et_pb_line_break_holder] --><a class=\"logo-florida\" href=\"https:\/\/www.floridauniversitaria.es\" target=\"blank\" rel=\"noopener\"><img decoding=\"async\" src=\"http:\/\/www.ciriec.es\/valencia2022\/wp-content\/uploads\/logo-florida.png\" alt=\"\" \/><\/a><!-- [et_pb_line_break_holder] --><a class=\"logo-divina\" href=\"https:\/\/divinaseguros.com\" target=\"blank\" rel=\"noopener\"><img decoding=\"async\" src=\"http:\/\/www.ciriec.es\/valencia2022\/wp-content\/uploads\/logo-divina.png\" alt=\"\" \/><\/a><!-- [et_pb_line_break_holder] --><a class=\"logo-anecoop\" href=\"https:\/\/anecoop.com\" target=\"blank\" rel=\"noopener\"><img decoding=\"async\" src=\"http:\/\/www.ciriec.es\/valencia2022\/wp-content\/uploads\/logo-anecoop.png\" alt=\"\" \/><\/a><!-- [et_pb_line_break_holder] --><a class=\"logo-caixa-popular\" href=\"https:\/\/www.caixapopular.es\" target=\"blank\" rel=\"noopener\"><img decoding=\"async\" src=\"http:\/\/www.ciriec.es\/valencia2022\/wp-content\/uploads\/logo-caixa-popular.png\" alt=\"\" \/><\/a><!-- [et_pb_line_break_holder] --><a class=\"logo-viu\" href=\"https:\/\/www.universidadviu.com\" target=\"blank\" rel=\"noopener\"><img decoding=\"async\" src=\"http:\/\/www.ciriec.es\/valencia2022\/wp-content\/uploads\/logo-viu.png\" alt=\"\" \/><\/a><!-- [et_pb_line_break_holder] --><a class=\"logo-once\" href=\"https:\/\/www.once.es\" target=\"blank\" rel=\"noopener\"><img decoding=\"async\" src=\"http:\/\/www.ciriec.es\/valencia2022\/wp-content\/uploads\/logo-once.png\" alt=\"\" \/><\/a><!-- [et_pb_line_break_holder] --><a class=\"logo-cajamar\" href=\"https:\/\/www.cajamar.es\" target=\"blank\" rel=\"noopener\"><img decoding=\"async\" src=\"http:\/\/www.ciriec.es\/valencia2022\/wp-content\/uploads\/logo-cajamar.png\" alt=\"\" \/><\/a><!-- [et_pb_line_break_holder] --><a class=\"logo-apv\" href=\"https:\/\/www.valenciaport.com\" target=\"blank\" rel=\"noopener\"><img decoding=\"async\" src=\"http:\/\/www.ciriec.es\/valencia2022\/wp-content\/uploads\/logo-apv.png\" alt=\"\" \/><\/a><!-- [et_pb_line_break_holder] --><\/pee>[\/et_pb_code][et_pb_code admin_label=\u00bbCOLABORA\u00bb _builder_version=\u00bb4.17.4&#8243; _module_preset=\u00bbdefault\u00bb global_colors_info=\u00bb{}\u00bb]<\/p>\n<h4><!-- [et_pb_line_break_holder] -->  Con la colaboraci\u00f3n de:<!-- [et_pb_line_break_holder] --><\/h4>\n<p><!-- [et_pb_line_break_holder] --><pee><!-- [et_pb_line_break_holder] --><a class=\"logo-iudescoop\" href=\"https:\/\/www.uv.es\/uvweb\/instituto-universitario-economia-social-cooperativa-IUDESCOOP\/es\/instituto-universitario-investigacion-economia-social-cooperativismo-emprendimiento-1285893890074.html\" target=\"blank\" rel=\"noopener\"><img decoding=\"async\" src=\"http:\/\/ciriec.es\/valencia2022\/wp-content\/uploads\/logo-iudescoop.png\" alt=\"\" \/><\/a><!-- [et_pb_line_break_holder] --><a class=\"logo-economia\" href=\"https:\/\/www.uv.es\/uvweb\/economia\/es\/facultad-economia-1285848977403.html\" target=\"blank\" rel=\"noopener\"><img decoding=\"async\" src=\"http:\/\/ciriec.es\/valencia2022\/wp-content\/uploads\/logo-facultat-economia.png\" alt=\"\" \/><\/a><!-- [et_pb_line_break_holder] --><a class=\"logo-economia-aplicada\" href=\"https:\/\/www.uv.es\/uvweb\/departamento-economia-aplicada\/es\/departamento-economia-aplicada-1285857478185.html\" target=\"blank\" rel=\"noopener\"><img decoding=\"async\" src=\"http:\/\/ciriec.es\/valencia2022\/wp-content\/uploads\/logo-economia-aplicada.png\" alt=\"\" \/><\/a><!-- [et_pb_line_break_holder] --><a class=\"logo-cepes\" href=\"https:\/\/www.cepes.es\" target=\"blank\" rel=\"noopener\"><img decoding=\"async\" src=\"http:\/\/ciriec.es\/valencia2022\/wp-content\/uploads\/logo-cepes.png\" alt=\"\" \/><\/a><!-- [et_pb_line_break_holder] --><a class=\"logo-see\" href=\"https:\/\/www.socialeconomy.eu.org\" target=\"blank\" rel=\"noopener\"><img decoding=\"async\" src=\"http:\/\/ciriec.es\/valencia2022\/wp-content\/uploads\/logo-social-economy-europe.png\" alt=\"\" \/><\/a><!-- [et_pb_line_break_holder] --><a class=\"logo-concoval\" href=\"https:\/\/concoval.es\/\" target=\"blank\" rel=\"noopener\"><img decoding=\"async\" src=\"http:\/\/ciriec.es\/valencia2022\/wp-content\/uploads\/logo-concoval.png\" alt=\"\" \/><\/a><!-- [et_pb_line_break_holder] --><a class=\"logo-cegea\" href=\"https:\/\/www.cegea.upv.es\/es\/\" target=\"blank\" rel=\"noopener\"><img decoding=\"async\" src=\"http:\/\/ciriec.es\/valencia2022\/wp-content\/uploads\/logo-cegea.png\" alt=\"\" \/><\/a><!-- [et_pb_line_break_holder] --><a class=\"logo-cidec\" href=\"https:\/\/www.uv.es\/uvweb\/instituto-universitario-economia-social-cooperativa-IUDESCOOP\/es\/cidec\/cidec-1286093740233.html\" target=\"blank\" rel=\"noopener\"><img decoding=\"async\" src=\"http:\/\/ciriec.es\/valencia2022\/wp-content\/uploads\/logo-cidec.png\" alt=\"\" \/><\/a><!-- [et_pb_line_break_holder] --><a class=\"logo-economistas\" href=\"https:\/\/www.coev.com\" target=\"blank\" rel=\"noopener\"><img decoding=\"async\" src=\"http:\/\/ciriec.es\/valencia2022\/wp-content\/uploads\/logo-economistas.png\" alt=\"\" \/><\/a><!-- [et_pb_line_break_holder] --><a class=\"logo-blockchainfue\" href=\"https:\/\/www.blockchainfue.com\" target=\"blank\" rel=\"noopener\"><img decoding=\"async\" src=\"http:\/\/ciriec.es\/valencia2022\/wp-content\/uploads\/logo-blockchainfue.png\" alt=\"\" \/><\/a><!-- [et_pb_line_break_holder] --><a class=\"logo-plataforma\" href=\"http:\/\/www.plataformatercersector.es\/es\/plataforma-del-tercer-sector-de-lo-social-de-la-comunidad-valenciana\/informacion\" target=\"blank\" rel=\"noopener\"><img decoding=\"async\" src=\"http:\/\/ciriec.es\/valencia2022\/wp-content\/uploads\/logo-plataforma.png\" alt=\"\" \/><\/a><!-- [et_pb_line_break_holder] --><\/pee>[\/et_pb_code][et_pb_code admin_label=\u00bbENTIDADES\u00bb _builder_version=\u00bb4.17.0&#8243; _module_preset=\u00bbdefault\u00bb global_colors_info=\u00bb{}\u00bb]<\/p>\n<h4 id=\"entidades\"><!-- [et_pb_line_break_holder] -->  Media Partner:<!-- [et_pb_line_break_holder] --><\/h4>\n<p><!-- [et_pb_line_break_holder] --><pee><!-- [et_pb_line_break_holder] --><a class=\"logo-servimedia\" href=\"https:\/\/www.servimedia.es\" target=\"blank\" rel=\"noopener\"><img decoding=\"async\" src=\"http:\/\/www.ciriec.es\/valencia2022\/wp-content\/uploads\/logo-servimedia.png\" alt=\"\" \/><\/a><!-- [et_pb_line_break_holder] --><\/pee>[\/et_pb_code][\/et_pb_column][\/et_pb_row][\/et_pb_section]<\/p>\n","protected":false},"excerpt":{"rendered":"<p>Nuevas din\u00e1micas mundiales en la era post-Covid: desaf\u00edos para la econom\u00eda p\u00fablica, social y cooperativaNuevas din\u00e1micas mundiales en la era post-Covid: desaf\u00edos para la econom\u00eda p\u00fablica, social y cooperativaNuevas din\u00e1micas mundiales en la era post-Covid: desaf\u00edos para la econom\u00eda p\u00fablica, social y cooperativaValencia,\u00a0capital mundial de la Econom\u00eda P\u00fablica, el Cooperativismo y la Econom\u00eda Social Valencia [&hellip;]<\/p>\n","protected":false},"author":3,"featured_media":0,"parent":0,"menu_order":0,"comment_status":"closed","ping_status":"closed","template":"","meta":{"_acf_changed":false,"_et_pb_use_builder":"on","_et_pb_old_content":"","_et_gb_content_width":"","footnotes":""},"class_list":["post-408","page","type-page","status-publish","hentry"],"acf":[],"_links":{"self":[{"href":"http:\/\/ciriec.es\/valencia2022\/wp-json\/wp\/v2\/pages\/408","targetHints":{"allow":["GET"]}}],"collection":[{"href":"http:\/\/ciriec.es\/valencia2022\/wp-json\/wp\/v2\/pages"}],"about":[{"href":"http:\/\/ciriec.es\/valencia2022\/wp-json\/wp\/v2\/types\/page"}],"author":[{"embeddable":true,"href":"http:\/\/ciriec.es\/valencia2022\/wp-json\/wp\/v2\/users\/3"}],"replies":[{"embeddable":true,"href":"http:\/\/ciriec.es\/valencia2022\/wp-json\/wp\/v2\/comments?post=408"}],"version-history":[{"count":62,"href":"http:\/\/ciriec.es\/valencia2022\/wp-json\/wp\/v2\/pages\/408\/revisions"}],"predecessor-version":[{"id":4172,"href":"http:\/\/ciriec.es\/valencia2022\/wp-json\/wp\/v2\/pages\/408\/revisions\/4172"}],"wp:attachment":[{"href":"http:\/\/ciriec.es\/valencia2022\/wp-json\/wp\/v2\/media?parent=408"}],"curies":[{"name":"wp","href":"https:\/\/api.w.org\/{rel}","templated":true}]}}