{"id":3049,"date":"2022-05-25T16:16:10","date_gmt":"2022-05-25T14:16:10","guid":{"rendered":"http:\/\/ciriec.es\/valencia2022\/?page_id=3049"},"modified":"2022-06-22T13:48:16","modified_gmt":"2022-06-22T11:48:16","slug":"comunicaciones-eje12-fr","status":"publish","type":"page","link":"http:\/\/ciriec.es\/valencia2022\/fr\/comunicaciones-eje12-fr\/","title":{"rendered":"Comunicaciones Eje12 FR"},"content":{"rendered":"<p>[et_pb_section fb_built=\u00bb1&#8243; fullwidth=\u00bbon\u00bb _builder_version=\u00bb4.16&#8243; _module_preset=\u00bbdefault\u00bb global_colors_info=\u00bb{}\u00bb][et_pb_fullwidth_slider module_id=\u00bbheader-mini\u00bb _builder_version=\u00bb4.17.0&#8243; _module_preset=\u00bbdefault\u00bb height=\u00bb350px\u00bb global_colors_info=\u00bb{}\u00bb][et_pb_slide _builder_version=\u00bb4.17.0&#8243; _module_preset=\u00bbdefault\u00bb background_image=\u00bbhttp:\/\/ciriec.es\/valencia2022\/wp-content\/uploads\/header-mini.jpg\u00bb background_enable_image=\u00bbon\u00bb background_position=\u00bbtop_center\u00bb global_colors_info=\u00bb{}\u00bb sticky_transition=\u00bbon\u00bb][\/et_pb_slide][\/et_pb_fullwidth_slider][\/et_pb_section][et_pb_section fb_built=\u00bb1&#8243; admin_label=\u00bbCOMUNICACIONES\u00bb module_id=\u00bbcomunicaciones\u00bb module_class=\u00bbseccion\u00bb _builder_version=\u00bb4.17.4&#8243; background_enable_color=\u00bboff\u00bb global_colors_info=\u00bb{}\u00bb][et_pb_row module_class=\u00bbcomunicaciones-fila1&#8243; _builder_version=\u00bb4.17.4&#8243; _module_preset=\u00bbdefault\u00bb global_colors_info=\u00bb{}\u00bb][et_pb_column type=\u00bb4_4&#8243; _builder_version=\u00bb4.16&#8243; _module_preset=\u00bbdefault\u00bb global_colors_info=\u00bb{}\u00bb][et_pb_text module_class=\u00bbtit-pagina\u00bb _builder_version=\u00bb4.17.4&#8243; _module_preset=\u00bbdefault\u00bb global_colors_info=\u00bb{}\u00bb]<\/p>\n<h1>Communications<\/h1>\n<p>[\/et_pb_text][\/et_pb_column][\/et_pb_row][et_pb_row column_structure=\u00bb1_3,2_3&#8243; module_class=\u00bbcomunicaciones-fila2&#8243; _builder_version=\u00bb4.17.4&#8243; _module_preset=\u00bbdefault\u00bb global_colors_info=\u00bb{}\u00bb][et_pb_column type=\u00bb1_3&#8243; module_class=\u00bbcol1&#8243; _builder_version=\u00bb4.17.4&#8243; _module_preset=\u00bbdefault\u00bb global_colors_info=\u00bb{}\u00bb][et_pb_code module_class=\u00bbmodulo-isbn\u00bb _builder_version=\u00bb4.17.4&#8243; _module_preset=\u00bbdefault\u00bb global_colors_info=\u00bb{}\u00bb]<pee class=\"isbn\">I.S.B.N.: 978-84-122791-6-0<\/pee>[\/et_pb_code][et_pb_search_injector_form post_type=\u00bbcomunicaciones\u00bb placeholder=\u00bbRecherche par Titre \/ Auteur\u00bb disabled_on=\u00bboff|off|off\u00bb module_class=\u00bbmodulo-buscar\u00bb _builder_version=\u00bb4.17.4&#8243; _module_preset=\u00bbdefault\u00bb global_colors_info=\u00bb{}\u00bb][\/et_pb_search_injector_form][et_pb_code module_id=\u00bbcomunicaciones-menu-es\u00bb _builder_version=\u00bb4.17.4&#8243; _module_preset=\u00bbdefault\u00bb hover_enabled=\u00bb0&#8243; global_colors_info=\u00bb{}\u00bb sticky_enabled=\u00bb0&#8243;]<\/p>\n<h3 class=\"comunicaciones-ejes-tit\">DOMAINES TH\u00c9MATIQUES<\/h3>\n<p><!-- [et_pb_line_break_holder] --><a class=\"boton\" href=\"http:\/\/ciriec.es\/valencia2022\/fr\/comunicaciones-eje01-fr\">Les d\u00e9fis des transitions<\/a><!-- [et_pb_line_break_holder] --><a class=\"boton\" href=\"http:\/\/ciriec.es\/valencia2022\/fr\/comunicaciones-eje02-fr\">Coop\u00e9ratives et politiques \u00e0 l&#8217;\u00e8re du Covid<\/a><!-- [et_pb_line_break_holder] --><a class=\"boton\" href=\"http:\/\/ciriec.es\/valencia2022\/fr\/comunicaciones-eje03-fr\">Gouvernance et durabilit\u00e9<\/a><!-- [et_pb_line_break_holder] --><a class=\"boton\" href=\"http:\/\/ciriec.es\/valencia2022\/fr\/comunicaciones-eje04-fr\">\u00c9conomie sociale et territoires<\/a><!-- [et_pb_line_break_holder] --><a class=\"boton\" href=\"http:\/\/ciriec.es\/valencia2022\/fr\/comunicaciones-eje05-fr\">Nouvelles dynamiques mondiales \u00e0 l&#8217;\u00e8re du Covid<\/a><!-- [et_pb_line_break_holder] --><a class=\"boton\" href=\"http:\/\/ciriec.es\/valencia2022\/fr\/comunicaciones-eje06-fr\">L&#8217;\u00e9conomie sociale en p\u00e9riode de changement<\/a><!-- [et_pb_line_break_holder] --><a class=\"boton\" href=\"http:\/\/ciriec.es\/valencia2022\/fr\/comunicaciones-eje07-fr\">Politiques publiques pour l&#8217;\u00e9conomie sociale<\/a><!-- [et_pb_line_break_holder] --><a class=\"boton\" href=\"http:\/\/ciriec.es\/valencia2022\/fr\/comunicaciones-eje08-fr\">Associations agroalimentaires<\/a><!-- [et_pb_line_break_holder] --><a class=\"boton\" href=\"http:\/\/ciriec.es\/valencia2022\/fr\/comunicaciones-eje09-fr\">L&#8217;\u00e9conomie sociale et l&#8217;\u00e9conomie publique face \u00e0 l&#8217;accroissement des in\u00e9galit\u00e9s<\/a><!-- [et_pb_line_break_holder] --><a class=\"boton\" href=\"http:\/\/ciriec.es\/valencia2022\/fr\/comunicaciones-eje10-fr\">Transition \u00e9cologique juste et \u00e9conomie circulaire<\/a><!-- [et_pb_line_break_holder] --><a class=\"boton\" href=\"http:\/\/ciriec.es\/valencia2022\/fr\/comunicaciones-eje11-fr\">\u00c9conomie sociale et nouveaux paradigmes \u00e9conomiques<\/a><!-- [et_pb_line_break_holder] --><a class=\"boton selected\" href=\"http:\/\/ciriec.es\/valencia2022\/fr\/comunicaciones-eje12-fr\">Financer l&#8217;\u00e9conomie sociale<\/a><!-- [et_pb_line_break_holder] --><a class=\"boton\" href=\"http:\/\/ciriec.es\/valencia2022\/fr\/comunicaciones-eje13-fr\">L&#8217;\u00e9conomie sociale et le secteur public face \u00e0 Covid-19<\/a><!-- [et_pb_line_break_holder] --><a class=\"boton\" href=\"http:\/\/ciriec.es\/valencia2022\/fr\/comunicaciones-eje14-fr\">Nouveaux partenariats et nouvelles politiques publiques<\/a><!-- [et_pb_line_break_holder] --><a class=\"boton\" href=\"http:\/\/ciriec.es\/valencia2022\/fr\/comunicaciones-eje15-fr\">La nouvelle vague d&#8217;entreprises d\u00e9tenues par des travailleurs<\/a><!-- [et_pb_line_break_holder] --><a class=\"boton\" href=\"http:\/\/ciriec.es\/valencia2022\/fr\/comunicaciones-eje16-fr\">Nouveaux mod\u00e8les d&#8217;\u00e9conomie sociale<\/a><!-- [et_pb_line_break_holder] --><a class=\"boton\" href=\"http:\/\/ciriec.es\/valencia2022\/fr\/comunicaciones-eje17-fr\">Les femmes \u00e0 l&#8217;avant-garde de l&#8217;\u00e9conomie sociale<\/a><!-- [et_pb_line_break_holder] --><a class=\"boton\" href=\"http:\/\/ciriec.es\/valencia2022\/fr\/comunicaciones-eje18-fr\">Biens et services essentiels : logement et services sociaux<\/a><!-- [et_pb_line_break_holder] --><a class=\"boton\" href=\"http:\/\/ciriec.es\/valencia2022\/fr\/comunicaciones-eje19-fr\">Travail, coop\u00e9ratives de travail et t\u00e9l\u00e9travail<\/a><!-- [et_pb_line_break_holder] --><a class=\"boton\" href=\"http:\/\/ciriec.es\/valencia2022\/fr\/comunicaciones-eje20-fr\">Nouveaux mod\u00e8les de gouvernance<\/a>[\/et_pb_code][\/et_pb_column][et_pb_column type=\u00bb2_3&#8243; module_class=\u00bbcol2&#8243; _builder_version=\u00bb4.17.4&#8243; _module_preset=\u00bbdefault\u00bb global_colors_info=\u00bb{}\u00bb][et_pb_cpt_loop_archive loop_layout=\u00bb2451&#8243; show_pagination=\u00bboff\u00bb new_query=\u00bbon\u00bb post_type=\u00bbcomunicaciones\u00bb posts_number=\u00bb100&#8243; include_tax=\u00bbeje_tematico\u00bb include_tax_terms=\u00bbeje-tematico-12&#8243; _builder_version=\u00bb4.17.4&#8243; _module_preset=\u00bbdefault\u00bb global_colors_info=\u00bb{}\u00bb][\/et_pb_cpt_loop_archive][\/et_pb_column][\/et_pb_row][\/et_pb_section]<\/p>\n","protected":false},"excerpt":{"rendered":"<p>Noves din\u00e0miques mundials en l&#8217;era post-Covid: desafiaments per a [&hellip;]<\/p>\n","protected":false},"author":3,"featured_media":0,"parent":0,"menu_order":0,"comment_status":"closed","ping_status":"closed","template":"","meta":{"_acf_changed":false,"_et_pb_use_builder":"on","_et_pb_old_content":"","_et_gb_content_width":"","footnotes":""},"class_list":["post-3049","page","type-page","status-publish","hentry"],"acf":[],"_links":{"self":[{"href":"http:\/\/ciriec.es\/valencia2022\/wp-json\/wp\/v2\/pages\/3049","targetHints":{"allow":["GET"]}}],"collection":[{"href":"http:\/\/ciriec.es\/valencia2022\/wp-json\/wp\/v2\/pages"}],"about":[{"href":"http:\/\/ciriec.es\/valencia2022\/wp-json\/wp\/v2\/types\/page"}],"author":[{"embeddable":true,"href":"http:\/\/ciriec.es\/valencia2022\/wp-json\/wp\/v2\/users\/3"}],"replies":[{"embeddable":true,"href":"http:\/\/ciriec.es\/valencia2022\/wp-json\/wp\/v2\/comments?post=3049"}],"version-history":[{"count":3,"href":"http:\/\/ciriec.es\/valencia2022\/wp-json\/wp\/v2\/pages\/3049\/revisions"}],"predecessor-version":[{"id":4045,"href":"http:\/\/ciriec.es\/valencia2022\/wp-json\/wp\/v2\/pages\/3049\/revisions\/4045"}],"wp:attachment":[{"href":"http:\/\/ciriec.es\/valencia2022\/wp-json\/wp\/v2\/media?parent=3049"}],"curies":[{"name":"wp","href":"https:\/\/api.w.org\/{rel}","templated":true}]}}