{"id":2735,"date":"2022-05-25T16:21:28","date_gmt":"2022-05-25T14:21:28","guid":{"rendered":"http:\/\/ciriec.es\/valencia2022\/?page_id=2735"},"modified":"2022-06-22T13:20:06","modified_gmt":"2022-06-22T11:20:06","slug":"comunicaciones-eje19-es","status":"publish","type":"page","link":"http:\/\/ciriec.es\/valencia2022\/es\/comunicaciones-eje19-es\/","title":{"rendered":"Comunicaciones Eje19 ES"},"content":{"rendered":"<p>[et_pb_section fb_built=\u00bb1&#8243; fullwidth=\u00bbon\u00bb _builder_version=\u00bb4.16&#8243; _module_preset=\u00bbdefault\u00bb global_colors_info=\u00bb{}\u00bb][et_pb_fullwidth_slider module_id=\u00bbheader-mini\u00bb _builder_version=\u00bb4.17.0&#8243; _module_preset=\u00bbdefault\u00bb height=\u00bb350px\u00bb global_colors_info=\u00bb{}\u00bb][et_pb_slide _builder_version=\u00bb4.17.0&#8243; _module_preset=\u00bbdefault\u00bb background_image=\u00bbhttp:\/\/ciriec.es\/valencia2022\/wp-content\/uploads\/header-mini.jpg\u00bb background_enable_image=\u00bbon\u00bb background_position=\u00bbtop_center\u00bb global_colors_info=\u00bb{}\u00bb sticky_transition=\u00bbon\u00bb][\/et_pb_slide][\/et_pb_fullwidth_slider][\/et_pb_section][et_pb_section fb_built=\u00bb1&#8243; admin_label=\u00bbCOMUNICACIONES\u00bb module_id=\u00bbcomunicaciones\u00bb module_class=\u00bbseccion\u00bb _builder_version=\u00bb4.17.4&#8243; background_enable_color=\u00bboff\u00bb global_colors_info=\u00bb{}\u00bb][et_pb_row module_class=\u00bbcomunicaciones-fila1&#8243; _builder_version=\u00bb4.17.4&#8243; _module_preset=\u00bbdefault\u00bb global_colors_info=\u00bb{}\u00bb][et_pb_column type=\u00bb4_4&#8243; _builder_version=\u00bb4.16&#8243; _module_preset=\u00bbdefault\u00bb global_colors_info=\u00bb{}\u00bb][et_pb_text module_class=\u00bbtit-pagina\u00bb _builder_version=\u00bb4.17.4&#8243; _module_preset=\u00bbdefault\u00bb global_colors_info=\u00bb{}\u00bb]<\/p>\n<h1>Comunicaciones<\/h1>\n<p>[\/et_pb_text][\/et_pb_column][\/et_pb_row][et_pb_row column_structure=\u00bb1_3,2_3&#8243; module_class=\u00bbcomunicaciones-fila2&#8243; _builder_version=\u00bb4.17.4&#8243; _module_preset=\u00bbdefault\u00bb global_colors_info=\u00bb{}\u00bb][et_pb_column type=\u00bb1_3&#8243; module_class=\u00bbcol1&#8243; _builder_version=\u00bb4.17.4&#8243; _module_preset=\u00bbdefault\u00bb global_colors_info=\u00bb{}\u00bb][et_pb_code module_class=\u00bbmodulo-isbn\u00bb _builder_version=\u00bb4.17.4&#8243; _module_preset=\u00bbdefault\u00bb hover_enabled=\u00bb0&#8243; global_colors_info=\u00bb{}\u00bb sticky_enabled=\u00bb0&#8243;]<pee class=\"isbn\">I.S.B.N.: 978-84-122791-6-0<\/pee>[\/et_pb_code][et_pb_search_injector_form post_type=\u00bbcomunicaciones\u00bb no_result_text=\u00bbNo se han encontrado resultados. Por favor, int\u00e9ntelo de nuevo modificando el texto en la b\u00fasqueda.\u00bb placeholder=\u00bbBuscar por T\u00edtulo \/ Autor\u00bb disabled_on=\u00bboff|off|off\u00bb module_class=\u00bbmodulo-buscar\u00bb _builder_version=\u00bb4.17.4&#8243; _module_preset=\u00bbdefault\u00bb global_colors_info=\u00bb{}\u00bb][\/et_pb_search_injector_form][et_pb_code module_id=\u00bbcomunicaciones-menu-es\u00bb _builder_version=\u00bb4.17.4&#8243; _module_preset=\u00bbdefault\u00bb hover_enabled=\u00bb0&#8243; global_colors_info=\u00bb{}\u00bb sticky_enabled=\u00bb0&#8243;]<\/p>\n<h3 class=\"comunicaciones-ejes-tit\">EJES TEM\u00c1TICOS<\/h3>\n<p><!-- [et_pb_line_break_holder] --><a class=\"boton\" href=\"http:\/\/ciriec.es\/valencia2022\/es\/comunicaciones-eje01-es\">Desaf\u00edos de las transiciones<\/a><!-- [et_pb_line_break_holder] --><a class=\"boton\" href=\"http:\/\/ciriec.es\/valencia2022\/es\/comunicaciones-eje02-es\">Cooperativas y pol\u00edticas en la era Covid<\/a><!-- [et_pb_line_break_holder] --><a class=\"boton\" href=\"http:\/\/ciriec.es\/valencia2022\/es\/comunicaciones-eje03-es\">Gobernanza y sostenibilidad<\/a><!-- [et_pb_line_break_holder] --><a class=\"boton\" href=\"http:\/\/ciriec.es\/valencia2022\/es\/comunicaciones-eje04-es\">Econom\u00eda social y territorios<\/a><!-- [et_pb_line_break_holder] --><a class=\"boton\" href=\"http:\/\/ciriec.es\/valencia2022\/es\/comunicaciones-eje05-es\">Nueva din\u00e1mica global en la era Covid<\/a><!-- [et_pb_line_break_holder] --><a class=\"boton\" href=\"http:\/\/ciriec.es\/valencia2022\/es\/comunicaciones-eje06-es\">Econom\u00eda social en tiempo de cambios<\/a><!-- [et_pb_line_break_holder] --><a class=\"boton\" href=\"http:\/\/ciriec.es\/valencia2022\/es\/comunicaciones-eje07-es\">Pol\u00edticas p\u00fablicas de econom\u00eda social<\/a><!-- [et_pb_line_break_holder] --><a class=\"boton\" href=\"http:\/\/ciriec.es\/valencia2022\/es\/comunicaciones-eje08-es\">Asociacionismo agroalimentario<\/a><!-- [et_pb_line_break_holder] --><a class=\"boton\" href=\"http:\/\/ciriec.es\/valencia2022\/es\/comunicaciones-eje09-es\">La econom\u00eda social y la econom\u00eda p\u00fablica ante el crecimiento de las desigualdades<\/a><!-- [et_pb_line_break_holder] --><a class=\"boton\" href=\"http:\/\/ciriec.es\/valencia2022\/es\/comunicaciones-eje10-es\">Transici\u00f3n ecol\u00f3gica justa y econom\u00eda circular<\/a><!-- [et_pb_line_break_holder] --><a class=\"boton\" href=\"http:\/\/ciriec.es\/valencia2022\/es\/comunicaciones-eje11-es\">Econom\u00eda social y nuevos paradigmas econ\u00f3micos<\/a><!-- [et_pb_line_break_holder] --><a class=\"boton\" href=\"http:\/\/ciriec.es\/valencia2022\/es\/comunicaciones-eje12-es\">Financiaci\u00f3n de la econom\u00eda social<\/a><!-- [et_pb_line_break_holder] --><a class=\"boton\" href=\"http:\/\/ciriec.es\/valencia2022\/es\/comunicaciones-eje13-es\">La econom\u00eda social y el sector p\u00fablico frente a la Covid-19<\/a><!-- [et_pb_line_break_holder] --><a class=\"boton\" href=\"http:\/\/ciriec.es\/valencia2022\/es\/comunicaciones-eje14-es\">Nuevas alianzas y nuevas pol\u00edticas p\u00fablicas<\/a><!-- [et_pb_line_break_holder] --><a class=\"boton\" href=\"http:\/\/ciriec.es\/valencia2022\/es\/comunicaciones-eje15-es\">La nueva ola de empresas propiedad de los trabajadores<\/a><!-- [et_pb_line_break_holder] --><a class=\"boton\" href=\"http:\/\/ciriec.es\/valencia2022\/es\/comunicaciones-eje16-es\">Nuevos modelos de econom\u00eda social<\/a><!-- [et_pb_line_break_holder] --><a class=\"boton\" href=\"http:\/\/ciriec.es\/valencia2022\/es\/comunicaciones-eje17-es\">Las mujeres a la vanguardia de la econom\u00eda social<\/a><!-- [et_pb_line_break_holder] --><a class=\"boton\" href=\"http:\/\/ciriec.es\/valencia2022\/es\/comunicaciones-eje18-es\">Bienes y servicios esenciales: vivienda y servicios sociales<\/a><!-- [et_pb_line_break_holder] --><a class=\"boton selected\" href=\"http:\/\/ciriec.es\/valencia2022\/es\/comunicaciones-eje19-es\">Trabajo, cooperativas de trabajo y teletrabajo<\/a><!-- [et_pb_line_break_holder] --><a class=\"boton\" href=\"http:\/\/ciriec.es\/valencia2022\/es\/comunicaciones-eje20-es\">Nuevos modelos de gobernanza<\/a>[\/et_pb_code][\/et_pb_column][et_pb_column type=\u00bb2_3&#8243; module_class=\u00bbcol2&#8243; _builder_version=\u00bb4.17.4&#8243; _module_preset=\u00bbdefault\u00bb global_colors_info=\u00bb{}\u00bb][et_pb_cpt_loop_archive loop_layout=\u00bb2451&#8243; show_pagination=\u00bboff\u00bb new_query=\u00bbon\u00bb post_type=\u00bbcomunicaciones\u00bb posts_number=\u00bb100&#8243; include_tax=\u00bbeje_tematico\u00bb include_tax_terms=\u00bbeje-tematico-19&#8243; _builder_version=\u00bb4.17.4&#8243; _module_preset=\u00bbdefault\u00bb global_colors_info=\u00bb{}\u00bb][\/et_pb_cpt_loop_archive][\/et_pb_column][\/et_pb_row][\/et_pb_section]<\/p>\n","protected":false},"excerpt":{"rendered":"<p>Noves din\u00e0miques mundials en l&#8217;era post-Covid: desafiaments per a [&hellip;]<\/p>\n","protected":false},"author":3,"featured_media":0,"parent":0,"menu_order":0,"comment_status":"closed","ping_status":"closed","template":"","meta":{"_acf_changed":false,"_et_pb_use_builder":"on","_et_pb_old_content":"","_et_gb_content_width":"","footnotes":""},"class_list":["post-2735","page","type-page","status-publish","hentry"],"acf":[],"_links":{"self":[{"href":"http:\/\/ciriec.es\/valencia2022\/wp-json\/wp\/v2\/pages\/2735","targetHints":{"allow":["GET"]}}],"collection":[{"href":"http:\/\/ciriec.es\/valencia2022\/wp-json\/wp\/v2\/pages"}],"about":[{"href":"http:\/\/ciriec.es\/valencia2022\/wp-json\/wp\/v2\/types\/page"}],"author":[{"embeddable":true,"href":"http:\/\/ciriec.es\/valencia2022\/wp-json\/wp\/v2\/users\/3"}],"replies":[{"embeddable":true,"href":"http:\/\/ciriec.es\/valencia2022\/wp-json\/wp\/v2\/comments?post=2735"}],"version-history":[{"count":3,"href":"http:\/\/ciriec.es\/valencia2022\/wp-json\/wp\/v2\/pages\/2735\/revisions"}],"predecessor-version":[{"id":3896,"href":"http:\/\/ciriec.es\/valencia2022\/wp-json\/wp\/v2\/pages\/2735\/revisions\/3896"}],"wp:attachment":[{"href":"http:\/\/ciriec.es\/valencia2022\/wp-json\/wp\/v2\/media?parent=2735"}],"curies":[{"name":"wp","href":"https:\/\/api.w.org\/{rel}","templated":true}]}}