{"id":1112,"date":"2022-01-13T09:20:28","date_gmt":"2022-01-13T07:20:28","guid":{"rendered":"http:\/\/www.ciriec.es\/valencia2022\/\/?page_id=1112"},"modified":"2022-04-27T17:08:19","modified_gmt":"2022-04-27T15:08:19","slug":"aviso-legal-y-politica-de-privacidad","status":"publish","type":"page","link":"http:\/\/ciriec.es\/valencia2022\/es\/aviso-legal-y-politica-de-privacidad\/","title":{"rendered":"Aviso legal y pol\u00edtica de privacidad"},"content":{"rendered":"<p>[et_pb_section fb_built=\u00bb1&#8243; fullwidth=\u00bbon\u00bb _builder_version=\u00bb4.16&#8243; _module_preset=\u00bbdefault\u00bb global_colors_info=\u00bb{}\u00bb][et_pb_fullwidth_slider module_id=\u00bbheader-mini\u00bb _builder_version=\u00bb4.17.0&#8243; _module_preset=\u00bbdefault\u00bb height=\u00bb350px\u00bb hover_enabled=\u00bb0&#8243; global_colors_info=\u00bb{}\u00bb sticky_enabled=\u00bb0&#8243;][et_pb_slide _builder_version=\u00bb4.17.0&#8243; _module_preset=\u00bbdefault\u00bb background_image=\u00bbhttp:\/\/www.ciriec.es\/valencia2022\/wp-content\/uploads\/header-mini.jpg\u00bb background_enable_image=\u00bbon\u00bb background_position=\u00bbtop_center\u00bb hover_enabled=\u00bb0&#8243; global_colors_info=\u00bb{}\u00bb sticky_transition=\u00bbon\u00bb sticky_enabled=\u00bb0&#8243;][\/et_pb_slide][\/et_pb_fullwidth_slider][\/et_pb_section][et_pb_section fb_built=\u00bb1&#8243; admin_label=\u00bbLOGOS\u00bb module_id=\u00bbaviso-legal\u00bb module_class=\u00bbseccion\u00bb _builder_version=\u00bb4.16&#8243; background_enable_color=\u00bboff\u00bb global_colors_info=\u00bb{}\u00bb][et_pb_row _builder_version=\u00bb4.16&#8243; _module_preset=\u00bbdefault\u00bb global_colors_info=\u00bb{}\u00bb][et_pb_column type=\u00bb4_4&#8243; _builder_version=\u00bb4.16&#8243; _module_preset=\u00bbdefault\u00bb global_colors_info=\u00bb{}\u00bb][et_pb_post_title meta=\u00bboff\u00bb featured_image=\u00bboff\u00bb module_class=\u00bbtit-pagina\u00bb _builder_version=\u00bb4.16&#8243; _module_preset=\u00bbdefault\u00bb global_colors_info=\u00bb{}\u00bb][\/et_pb_post_title][et_pb_text _builder_version=\u00bb4.16&#8243; _module_preset=\u00bbdefault\u00bb global_colors_info=\u00bb{}\u00bb]<\/p>\n<h3>INFORMACI\u00d3N GENERAL<\/h3>\n<p>De acuerdo con el art\u00edculo 10 de la Ley 34\/2002, de Servicios de la Sociedad de la Informaci\u00f3n y Comercio Electr\u00f3nico, ponemos en su conocimiento la siguiente informaci\u00f3n:<\/p>\n<p>El sitio web [<a href=\"http:\/\/www.ciriec.es\/valencia2022\/\">http:\/\/www.ciriec.es\/valencia2022\/<\/a>] es titularidad de\u00a0CIRIEC ESPA\u00d1A con NIF G78358272 domiciliada en Avda, Tarongers, Facultat d\u2019Economia, despacho 2P21, 46022 Valencia [en adelante el Responsable del tratamiento]<\/p>\n<p>Si quiere contactar con nosotros puede hacerlo:<\/p>\n<ol>\n<li>bien mediante correo postal, en la direcci\u00f3n indicada anteriormente,<\/li>\n<li>bien a trav\u00e9s de la p\u00e1gina de contacto de nuestra web<\/li>\n<\/ol>\n<h3>PROPIEDAD INTELECTUAL<\/h3>\n<p>La estructura, dise\u00f1o y forma de presentaci\u00f3n de los elementos (gr\u00e1ficos, im\u00e1genes, ficheros logotipos, combinaciones de colores y cualquier elemento susceptible de protecci\u00f3n) est\u00e1n protegidos por derechos de propiedad intelectual, titularidad del Responsable del Tratamiento. Est\u00e1n prohibidas la reproducci\u00f3n, la transformaci\u00f3n, distribuci\u00f3n, comunicaci\u00f3n p\u00fablica, puesta a disposici\u00f3n del p\u00fablico y, en general cualquier otra forma de explotaci\u00f3n, parcial o total de los elementos referidos en el apartado anterior. Estos actos de explotaci\u00f3n s\u00f3lo podr\u00e1n ser realizados en virtud de autorizaci\u00f3n expresa del Responsable del Tratamiento y que, en todo caso, deber\u00e1n hacer referencia expl\u00edcita a la titularidad de los citados derechos de propiedad intelectual del\u00a0Responsable del Tratamiento. S\u00f3lo est\u00e1 autorizado el uso privado del material documental elaborado por el\u00a0Responsable del Tratamiento.<\/p>\n<p>Salvo autorizaci\u00f3n expresa del\u00a0Responsable del Tratamiento, no se permite el enlace a \u201cp\u00e1ginas finales\u201d, el \u201cframe\u201d y cualquier otra manipulaci\u00f3n similar. Los enlaces deben ser siempre a la p\u00e1gina principal o home page [<a href=\"http:\/\/www.ciriec.es\/valencia2022\/\">http:\/\/www.ciriec.es\/valencia2022\/<\/a>].<\/p>\n<h3>PROTECCI\u00d3N DE DATOS\u00a0<\/h3>\n<p>Como Responsables del Tratamiento estamos especialmente sensibilizados en la protecci\u00f3n de los datos de los USUARIOS de los servicios a los que se accede a trav\u00e9s de nuestra web y los obtenidos para la prestaci\u00f3n de nuestros servicios.<\/p>\n<p>Mediante la presente Pol\u00edtica de Privacidad (en adelante, la Pol\u00edtica) informamos a los USUARIOS del sitio web: [<a href=\"http:\/\/www.ciriec.es\/valencia2022\/\">http:\/\/www.ciriec.es\/valencia2022\/<\/a>] del tratamiento y usos a los que se someten los datos de car\u00e1cter personal tratados por nuestra entidad, con el fin de que decidan, libre y voluntariamente, si desean facilitar la informaci\u00f3n solicitada.<\/p>\n<p>En relaci\u00f3n a la prestaci\u00f3n de los servicios ofrecidos por nosotros:<\/p>\n<ul>\n<li>Tratamos la informaci\u00f3n que nos facilitan las personas interesadas con el fin de poder ofrecerle productos y servicios de acuerdo con sus intereses.<\/li>\n<li>Los datos personales proporcionados por el usuario se conservar\u00e1n de manera indefinida con el fin de ofrecerle en cualquier momento la mejor prestaci\u00f3n del servicio en tanto no sean cancelados por el interesado o representante legal ante nosotros en la direcci\u00f3n arriba indicada.<\/li>\n<li>La base legal para el tratamiento de sus datos es la participaci\u00f3n en las actividades desarrolladas por nuestra Entidad, suscripci\u00f3n a las publicaciones peri\u00f3dicas, gesti\u00f3n de art\u00edculos, evaluaci\u00f3n de art\u00edculos.<\/li>\n<li>Los datos que usted nos facilite no ser\u00e1n comunicados a terceros, salvo obligaci\u00f3n legal.<\/li>\n<li>Podr\u00e1 ejercer el derecho de informaci\u00f3n:\n<ul>\n<li>Cualquier persona\u00a0\u00a0 tiene\u00a0\u00a0 derecho\u00a0\u00a0 a\u00a0\u00a0 obtener\u00a0 \u00a0confirmaci\u00f3n\u00a0\u00a0 sobre\u00a0\u00a0 si\u00a0\u00a0 estamos tratando datos personales que les conciernan, o no.<\/li>\n<li>Las personas interesadas tienen derecho a si acceder a sus datos personales, as\u00ed como a solicitar la rectificaci\u00f3n de los datos inexactos o, en su caso, solicitar su supresi\u00f3n cuando, entre otros motivos, los datos ya no sean necesarios para los fines que fueron recogidos.<\/li>\n<li>En determinadas circunstancias, los interesados podr\u00e1n solicitar la limitaci\u00f3n del tratamiento de sus datos, en cuyo caso \u00fanicamente los conservaremos para el ejercicio o la defensa de reclamaciones.<\/li>\n<li>En determinadas circunstancias y por motivos relacionados con su situaci\u00f3n particular, los interesados podr\u00e1n oponerse al tratamiento de sus datos, en ese caso dejaremos de tratar los datos, salvo por motivos leg\u00edtimos imperiosos, o el ejercicio o la defensa de posibles reclamaciones.<\/li>\n<\/ul>\n<\/li>\n<li>Los datos personales que tratamos en nuestra entidad proceden del interesado o de su representante legal.<\/li>\n<\/ul>\n<p>Nos reservamos la facultad de modificar esta Pol\u00edtica con el objeto de adaptarla a novedades legislativas, criterios jurisprudenciales, pr\u00e1cticas del sector, o intereses de la entidad. Cualquier modificaci\u00f3n en la misma ser\u00e1 anunciada con la debida antelaci\u00f3n, a fin de que tengas perfecto conocimiento de su contenido.<\/p>\n<p>Ciertos servicios prestados en el portal pueden contener condiciones particulares con previsiones en materia de protecci\u00f3n de Datos Personales. De ellos puedes informarte en los correspondientes apartados.<\/p>\n<h3>TITULARIDAD DEL TRATAMIENTO<\/h3>\n<p>Los datos recabados por las diferentes v\u00edas mencionadas en el apartado anterior, ser\u00e1n incorporados a ficheros de los cuales somos titulares.<\/p>\n<h3>USOS Y FINALIDADES<\/h3>\n<p>La finalidad de la recogida y tratamiento de los datos personales es la gesti\u00f3n, prestaci\u00f3n y personalizaci\u00f3n de los servicios y contenidos del mismo que el USUARIO utilice y de la cual se informar\u00e1 en cada apartado.<\/p>\n<h3>COMUNICACI\u00d3N DE LOS DATOS<\/h3>\n<p>Los datos recabados a trav\u00e9s de la web s\u00f3lo ser\u00e1n cedidos en aquellos casos en que expresamente se informe de ello al USUARIO.<\/p>\n<h3>ACTUALIZACI\u00d3N DE LOS DATOS<\/h3>\n<p>Con el fin de que los datos obrantes en nuestras bases de datos siempre correspondan a tu situaci\u00f3n real deber\u00e1s mantenerlos actualizados, bien actualiz\u00e1ndolos t\u00fa directamente en los casos en que ello sea posible bien comunic\u00e1ndolo al departamento correspondiente. Tanto los que nos hayas facilitado via web como los que nos facilites para que te prestemos alguno de nuestros servicios.<\/p>\n<h3>SEGURIDAD DE LOS DATOS<\/h3>\n<p>Como Responsables del Tratamiento\u00a0ha adoptado en su sistema de informaci\u00f3n las medidas t\u00e9cnicas y organizativas legalmente requeridas, a fin de garantizar la seguridad y confidencialidad de los datos almacenados, evitando as\u00ed, en la medida de lo posible, su alteraci\u00f3n, p\u00e9rdida, tratamiento o acceso no autorizado.<\/p>\n<h3>DERECHOS DE LOS USUARIOS<\/h3>\n<p>En todo caso podr\u00e1s acceder a tus datos, rectificarlos, cancelarlos y en su caso, oponerte a su tratamiento, remitiendo una solicitud acompa\u00f1ada de una fotocopia de tu D.N.I., a la siguiente direcci\u00f3n postal:\u00a0Avda, Tarongers, Facultat d\u2019Economia, despacho 2P21, 46022 Valencia.<\/p>\n<p>En todo caso, el usuario podr\u00e1 reclamar ante la Autoridad de Control, en la web <a href=\"http:\/\/www.aepd.es\/\">www.aepd.es<\/a><\/p>\n<h3>EXONERACI\u00d3N DE RESPONSABILIDAD<\/h3>\n<p>No seremos responsables:<\/p>\n<ul>\n<li>Con car\u00e1cter general, respecto del uso inadecuado de los websites de los que somos titulares. \u00a0Los usuarios deber\u00e1n realizar un uso adecuado del sitio web [<a href=\"http:\/\/www.ciriec.es\/valencia2022\/\">http:\/\/www.ciriec.es\/valencia2022\/<\/a>] de acuerdo con las condiciones y t\u00e9rminos anteriores, sin que ninguna responsabilidad pueda tener el Responsable del Tratamiento por la utilizaci\u00f3n indebida.<\/li>\n<li>Respecto al uso fraudulento del Nombre de Usuario y Contrase\u00f1a, en el caso de que sean incorporados a nuestra web, quedamos exonerados de cualquier responsabilidad por el uso fraudulento de dichas claves por el titular o por un tercero.<\/li>\n<li>Respecto de posibles deficiencias t\u00e9cnicas. El Responsable del Tratamiento no ser\u00e1 responsable en ning\u00fan caso de las alteraciones en el servicio que se produzcan por fallos en la red el\u00e9ctrica, en la red de conexi\u00f3n de datos, en el servidor o en cualesquiera prestaciones.<\/li>\n<li>Respecto al acceso por terceros a su sistema, adoptar\u00e1 las cautelas t\u00e9cnicas necesarias a fin de proteger los datos e informaci\u00f3n a la que se accede, pero sin que sea responsable de actuaciones de terceros que, vulnerando las medidas de seguridad establecidas, accedan a los citados datos.<\/li>\n<\/ul>\n<h3>LEGISLACI\u00d3N APLICABLE. SUMISI\u00d3N A FUERO\u00a0<\/h3>\n<p>Las presentes condiciones y t\u00e9rminos, se regir\u00e1n por las normas estatutarias, reglamentarias y por la legislaci\u00f3n espa\u00f1ola, que ser\u00e1 de aplicaci\u00f3n en lo no dispuesto en este aviso legal en materia de interpretaci\u00f3n, validez y ejecuci\u00f3n.\u00a0<\/p>\n<p>Las partes se someter\u00e1n al fuero que les pudiera corresponder por Ley. Si la relaci\u00f3n contractual se formaliza entre empresarios, se someter\u00e1n expresamente a los Juzgados y Tribunales de Valencia para resolver cualquier controversia que pueda surgir en la interpretaci\u00f3n o ejecuci\u00f3n de las presentes condiciones.<\/p>\n<p>[\/et_pb_text][\/et_pb_column][\/et_pb_row][\/et_pb_section]<\/p>\n","protected":false},"excerpt":{"rendered":"<p>Noves din\u00e0miques mundials en l&#8217;era post-Covid: desafiaments per a [&hellip;]<\/p>\n","protected":false},"author":3,"featured_media":0,"parent":0,"menu_order":0,"comment_status":"closed","ping_status":"closed","template":"","meta":{"_acf_changed":false,"_et_pb_use_builder":"on","_et_pb_old_content":"","_et_gb_content_width":"","footnotes":""},"class_list":["post-1112","page","type-page","status-publish","hentry"],"acf":[],"_links":{"self":[{"href":"http:\/\/ciriec.es\/valencia2022\/wp-json\/wp\/v2\/pages\/1112","targetHints":{"allow":["GET"]}}],"collection":[{"href":"http:\/\/ciriec.es\/valencia2022\/wp-json\/wp\/v2\/pages"}],"about":[{"href":"http:\/\/ciriec.es\/valencia2022\/wp-json\/wp\/v2\/types\/page"}],"author":[{"embeddable":true,"href":"http:\/\/ciriec.es\/valencia2022\/wp-json\/wp\/v2\/users\/3"}],"replies":[{"embeddable":true,"href":"http:\/\/ciriec.es\/valencia2022\/wp-json\/wp\/v2\/comments?post=1112"}],"version-history":[{"count":3,"href":"http:\/\/ciriec.es\/valencia2022\/wp-json\/wp\/v2\/pages\/1112\/revisions"}],"predecessor-version":[{"id":2033,"href":"http:\/\/ciriec.es\/valencia2022\/wp-json\/wp\/v2\/pages\/1112\/revisions\/2033"}],"wp:attachment":[{"href":"http:\/\/ciriec.es\/valencia2022\/wp-json\/wp\/v2\/media?parent=1112"}],"curies":[{"name":"wp","href":"https:\/\/api.w.org\/{rel}","templated":true}]}}